{"id":16687,"date":"2022-06-22T11:34:00","date_gmt":"2022-06-22T09:34:00","guid":{"rendered":"https:\/\/nicoteam.gr\/?post_type=product&#038;p=16687"},"modified":"2023-08-28T10:30:19","modified_gmt":"2023-08-28T08:30:19","slug":"armor-poker-chip-design","status":"publish","type":"product","link":"https:\/\/nicoteam.gr\/tr\/product\/armor-poker-chip-design\/","title":{"rendered":"Armor\u00ae Poker \u00c7ipi Tasar\u0131m\u0131"},"content":{"rendered":"","protected":false},"excerpt":{"rendered":"<div class=\"col-12 padding\">\n<div class=\"product-description styled-content\" data-read-more=\"product-description\">\n<div class=\"col-12 padding\">\n<div class=\"product-description styled-content\" data-read-more=\"product-description\">\n<p>Bu Z\u0131rh<sup>\u00ae<\/sup>\u00a0Y\u00fcksek Cilal\u0131 Krom \u00e7akmak zarif bir poker \u00e7ipi tasar\u0131m\u0131 sergiliyor. Poker \u00e7ipi, derin oyma i\u015flemi kullan\u0131larak olu\u015fturulurken Zippo alevi, epoksi kakma i\u015flemi kullan\u0131larak tasar\u0131ma k\u0131rm\u0131z\u0131 bir renk katarak \u00e7ipin i\u00e7inde merkezlenir. Hediye kutusunda paketlenmi\u015f olarak gelir. Optimum performans i\u00e7in Zippo \u00e7akmak yak\u0131t\u0131 ile doldurun.<\/p>\n<ul>\n<li>Orijinal Zippo r\u00fczgar ge\u00e7irmez \u00e7akmak, ay\u0131rt edici Zippo &quot;klik&quot; sesiyle<\/li>\n<li>Tamam\u0131 metal yap\u0131 m\u0131? r\u00fczgar ge\u00e7irmez tasar\u0131m neredeyse her yerde \u00e7al\u0131\u015f\u0131r<\/li>\n<li>\u00d6m\u00fcr boyu kullan\u0131m i\u00e7in yeniden doldurulabilir mi? Optimum performans i\u00e7in orijinal Zippo s\u0131v\u0131s\u0131, \u00e7akmakta\u015f\u0131 ve fitiller \u00f6neriyoruz<\/li>\n<li>USA yap\u0131lm\u0131\u015f? \u00d6m\u00fcr boyu garanti &quot;\u00e7al\u0131\u015f\u0131r veya \u00fccretsiz olarak tamir ederiz\u2122&quot;<\/li>\n<li>Yak\u0131t: Zippo \u00e7akmak yak\u0131t\u0131 (ayr\u0131ca sat\u0131l\u0131r)<\/li>\n<\/ul>\n<\/div>\n<\/div>\n<\/div>\n<\/div>","protected":false},"featured_media":17361,"template":"","meta":{"_acf_changed":false,"_kadence_starter_templates_imported_post":false,"_kad_post_transparent":"","_kad_post_title":"","_kad_post_layout":"","_kad_post_sidebar_id":"","_kad_post_content_style":"","_kad_post_vertical_padding":"","_kad_post_feature":"","_kad_post_feature_position":"","_kad_post_header":false,"_kad_post_footer":false},"product_cat":[1034],"product_tag":[],"class_list":{"0":"post-16687","1":"product","2":"type-product","3":"status-publish","4":"has-post-thumbnail","6":"product_cat-zippo","7":"product_shipping_class-mi-kapnika","9":"first","10":"onbackorder","11":"taxable","12":"shipping-taxable","13":"purchasable","14":"product-type-simple","15":"entry","16":"content-bg","17":"loop-entry"},"acf":[],"_links":{"self":[{"href":"https:\/\/nicoteam.gr\/tr\/wp-json\/wp\/v2\/product\/16687","targetHints":{"allow":["GET"]}}],"collection":[{"href":"https:\/\/nicoteam.gr\/tr\/wp-json\/wp\/v2\/product"}],"about":[{"href":"https:\/\/nicoteam.gr\/tr\/wp-json\/wp\/v2\/types\/product"}],"wp:featuredmedia":[{"embeddable":true,"href":"https:\/\/nicoteam.gr\/tr\/wp-json\/wp\/v2\/media\/17361"}],"wp:attachment":[{"href":"https:\/\/nicoteam.gr\/tr\/wp-json\/wp\/v2\/media?parent=16687"}],"wp:term":[{"taxonomy":"product_cat","embeddable":true,"href":"https:\/\/nicoteam.gr\/tr\/wp-json\/wp\/v2\/product_cat?post=16687"},{"taxonomy":"product_tag","embeddable":true,"href":"https:\/\/nicoteam.gr\/tr\/wp-json\/wp\/v2\/product_tag?post=16687"}],"curies":[{"name":"wp","href":"https:\/\/api.w.org\/{rel}","templated":true}]}}