{"id":16681,"date":"2022-06-22T11:33:27","date_gmt":"2022-06-22T09:33:27","guid":{"rendered":"https:\/\/nicoteam.gr\/?post_type=product&#038;p=16681"},"modified":"2023-08-28T10:30:19","modified_gmt":"2023-08-28T08:30:19","slug":"ouija-board-design","status":"publish","type":"product","link":"https:\/\/nicoteam.gr\/tr\/product\/ouija-board-design\/","title":{"rendered":"Ouija Tahtas\u0131 Tasar\u0131m\u0131"},"content":{"rendered":"","protected":false},"excerpt":{"rendered":"<div class=\"col-12 padding\">\n<div class=\"product-description styled-content\" data-read-more=\"product-description\">\n<p>Bu sadece bir oyun mu? Sen karar ver. Bu Antik Pirin\u00e7 Kaplama Armor\u00ae \u00c7akmak, Ouija masa oyununun gizemli bir tasar\u0131m\u0131na sahiptir. 360\u00b0 MultiCut grav\u00fcr i\u015flemini kullanarak tasar\u0131m ve Ouija oyununun kendisi \u00e7akmakta hayat buluyor. Hediye kutusunda mevcuttur.<\/p>\n<ul>\n<li>\u00d6zel &quot;t\u0131klama&quot; \u00f6zelli\u011fine sahip orijinal Zippo r\u00fczgar ge\u00e7irmez \u00e7akmak<\/li>\n<li>Normal Zippo \u00e7akmaklar\u0131na g\u00f6re 1,5 kat daha kal\u0131n metal yap\u0131. R\u00fczgar ge\u00e7irmez tasar\u0131m hemen hemen her yerde \u00e7al\u0131\u015f\u0131r.<\/li>\n<li>Optimum performans i\u00e7in orijinal Zippo s\u0131v\u0131 \u00e7akma\u011f\u0131, ta\u015flar\u0131 ve fitilleri \u00f6neriyoruz.<\/li>\n<li>Abd&#039;de \u00fcretilmi\u015ftir \u00d6m\u00fcr boyu \u201c\u00c7al\u0131\u015f\u0131n veya \u00fccretsiz olarak d\u00fczeltece\u011fiz\u2122\u201d garantisi<\/li>\n<li>S\u0131v\u0131: Y\u00fcksek kaliteli Zippo \u00e7akmak s\u0131v\u0131s\u0131 (ayr\u0131ca sat\u0131l\u0131r)<\/li>\n<\/ul>\n<\/div>\n<\/div>","protected":false},"featured_media":17379,"template":"","meta":{"_acf_changed":false,"_kadence_starter_templates_imported_post":false,"_kad_post_transparent":"","_kad_post_title":"","_kad_post_layout":"","_kad_post_sidebar_id":"","_kad_post_content_style":"","_kad_post_vertical_padding":"","_kad_post_feature":"","_kad_post_feature_position":"","_kad_post_header":false,"_kad_post_footer":false},"product_cat":[1034],"product_tag":[],"class_list":{"0":"post-16681","1":"product","2":"type-product","3":"status-publish","4":"has-post-thumbnail","6":"product_cat-zippo","7":"product_shipping_class-mi-kapnika","9":"first","10":"onbackorder","11":"taxable","12":"shipping-taxable","13":"purchasable","14":"product-type-simple","15":"entry","16":"content-bg","17":"loop-entry"},"acf":[],"_links":{"self":[{"href":"https:\/\/nicoteam.gr\/tr\/wp-json\/wp\/v2\/product\/16681","targetHints":{"allow":["GET"]}}],"collection":[{"href":"https:\/\/nicoteam.gr\/tr\/wp-json\/wp\/v2\/product"}],"about":[{"href":"https:\/\/nicoteam.gr\/tr\/wp-json\/wp\/v2\/types\/product"}],"wp:featuredmedia":[{"embeddable":true,"href":"https:\/\/nicoteam.gr\/tr\/wp-json\/wp\/v2\/media\/17379"}],"wp:attachment":[{"href":"https:\/\/nicoteam.gr\/tr\/wp-json\/wp\/v2\/media?parent=16681"}],"wp:term":[{"taxonomy":"product_cat","embeddable":true,"href":"https:\/\/nicoteam.gr\/tr\/wp-json\/wp\/v2\/product_cat?post=16681"},{"taxonomy":"product_tag","embeddable":true,"href":"https:\/\/nicoteam.gr\/tr\/wp-json\/wp\/v2\/product_tag?post=16681"}],"curies":[{"name":"wp","href":"https:\/\/api.w.org\/{rel}","templated":true}]}}