{"id":16651,"date":"2022-06-22T10:44:42","date_gmt":"2022-06-22T08:44:42","guid":{"rendered":"https:\/\/nicoteam.gr\/?post_type=product&#038;p=16651"},"modified":"2023-08-28T10:30:21","modified_gmt":"2023-08-28T08:30:21","slug":"luxury-diamond-design","status":"publish","type":"product","link":"https:\/\/nicoteam.gr\/tr\/product\/luxury-diamond-design\/","title":{"rendered":"L\u00fcks P\u0131rlanta Tasar\u0131m"},"content":{"rendered":"","protected":false},"excerpt":{"rendered":"<div class=\"col-12 padding\">\n<div class=\"product-description styled-content\" data-read-more=\"product-description\">\n<p>Bu Armor\u00ae High Polish&#039;i farkl\u0131 dokular s\u00fcsl\u00fcyor<strong> Yald\u0131zl\u0131<\/strong> daha hafif. Zippo&#039;nun 360\u00b0 MultiCut grav\u00fcr tekni\u011fi, \u00e7akma\u011f\u0131n yan taraf\u0131na yerle\u015ftirilen epoksi k\u0131rm\u0131z\u0131s\u0131 elmas \u015feklindeki ta\u015fla s\u00fcslenmi\u015f \u00e7apraz \u00e7izgileri ve elmas deseniyle bu zarif tasar\u0131m\u0131 yarat\u0131yor. Alt\u0131n kaplamal\u0131 i\u00e7 \u00e7akmak ve l\u00fcks hediye ambalaj\u0131 bu sanat eserini tamaml\u0131yor. En iyi performans\u0131 elde etmek i\u00e7in orijinal Zippo \u00e7akmak s\u0131v\u0131s\u0131n\u0131 kullan\u0131n.<\/p>\n<ul>\n<li>\u00d6zel &quot;t\u0131klama&quot; \u00f6zelli\u011fine sahip orijinal Zippo r\u00fczgar ge\u00e7irmez \u00e7akmak<\/li>\n<li>Normal Zippo \u00e7akmaklar\u0131na g\u00f6re 1,5 kat daha kal\u0131n metal yap\u0131. R\u00fczgar ge\u00e7irmez tasar\u0131m hemen hemen her yerde \u00e7al\u0131\u015f\u0131r<\/li>\n<li>Optimum performans i\u00e7in orijinal Zippo \u00e7akmak s\u0131v\u0131s\u0131n\u0131, ta\u015flar\u0131n\u0131 ve sigortalar\u0131n\u0131 \u00f6neriyoruz.<\/li>\n<li>Abd&#039;de \u00fcretilmi\u015ftir \u00d6m\u00fcr boyu \u201c\u00e7al\u0131\u015f\u0131r veya biz \u00fccretsiz d\u00fczeltiriz\u2122\u201d garantisi<\/li>\n<li>S\u0131v\u0131: Y\u00fcksek kaliteli Zippo \u00e7akmak s\u0131v\u0131s\u0131 (ayr\u0131ca sat\u0131l\u0131r)<\/li>\n<\/ul>\n<\/div>\n<\/div>","protected":false},"featured_media":17377,"template":"","meta":{"_acf_changed":false,"_kadence_starter_templates_imported_post":false,"_kad_post_transparent":"","_kad_post_title":"","_kad_post_layout":"","_kad_post_sidebar_id":"","_kad_post_content_style":"","_kad_post_vertical_padding":"","_kad_post_feature":"","_kad_post_feature_position":"","_kad_post_header":false,"_kad_post_footer":false},"product_cat":[1034],"product_tag":[],"class_list":{"0":"post-16651","1":"product","2":"type-product","3":"status-publish","4":"has-post-thumbnail","6":"product_cat-zippo","7":"product_shipping_class-mi-kapnika","9":"first","10":"onbackorder","11":"taxable","12":"shipping-taxable","13":"purchasable","14":"product-type-simple","15":"entry","16":"content-bg","17":"loop-entry"},"acf":[],"_links":{"self":[{"href":"https:\/\/nicoteam.gr\/tr\/wp-json\/wp\/v2\/product\/16651","targetHints":{"allow":["GET"]}}],"collection":[{"href":"https:\/\/nicoteam.gr\/tr\/wp-json\/wp\/v2\/product"}],"about":[{"href":"https:\/\/nicoteam.gr\/tr\/wp-json\/wp\/v2\/types\/product"}],"wp:featuredmedia":[{"embeddable":true,"href":"https:\/\/nicoteam.gr\/tr\/wp-json\/wp\/v2\/media\/17377"}],"wp:attachment":[{"href":"https:\/\/nicoteam.gr\/tr\/wp-json\/wp\/v2\/media?parent=16651"}],"wp:term":[{"taxonomy":"product_cat","embeddable":true,"href":"https:\/\/nicoteam.gr\/tr\/wp-json\/wp\/v2\/product_cat?post=16651"},{"taxonomy":"product_tag","embeddable":true,"href":"https:\/\/nicoteam.gr\/tr\/wp-json\/wp\/v2\/product_tag?post=16651"}],"curies":[{"name":"wp","href":"https:\/\/api.w.org\/{rel}","templated":true}]}}