{"id":16650,"date":"2022-06-22T10:44:29","date_gmt":"2022-06-22T08:44:29","guid":{"rendered":"https:\/\/nicoteam.gr\/?post_type=product&#038;p=16650"},"modified":"2023-08-28T10:30:21","modified_gmt":"2023-08-28T08:30:21","slug":"anne-stokes","status":"publish","type":"product","link":"https:\/\/nicoteam.gr\/tr\/product\/anne-stokes\/","title":{"rendered":"Anne Stokes"},"content":{"rendered":"","protected":false},"excerpt":{"rendered":"<p>Anne Stokes&#039;un akl\u0131na g\u00f6re, bu Siyah Mat \u00e7akma\u011fa \u00e7arp\u0131c\u0131 bir filigran ejderha monte edilmi\u015ftir. Karma\u015f\u0131k amblem boyunca parlak k\u0131rm\u0131z\u0131 m\u00fccevherler yerle\u015ftirilmi\u015ftir.<\/p>\n<ul>\n<li>\u00d6zel &quot;t\u0131klama&quot; \u00f6zelli\u011fine sahip orijinal Zippo r\u00fczgar ge\u00e7irmez \u00e7akmak<\/li>\n<li>Metalik yap\u0131. R\u00fczgar ge\u00e7irmez tasar\u0131m hemen hemen her yerde \u00e7al\u0131\u015f\u0131r<\/li>\n<li>Optimum performans i\u00e7in orijinal Zippo \u00e7akmak s\u0131v\u0131s\u0131n\u0131, ta\u015flar\u0131n\u0131 ve fitillerini \u00f6neriyoruz.<\/li>\n<li>Hediye kutusunda mevcuttur.<\/li>\n<li>Abd&#039;de \u00fcretilmi\u015ftir \u00d6m\u00fcr boyu \u201c\u00e7al\u0131\u015f\u0131r veya biz \u00fccretsiz d\u00fczeltiriz\u2122\u201d garantisi<\/li>\n<li>S\u0131v\u0131: Y\u00fcksek kaliteli Zippo \u00e7akmak s\u0131v\u0131s\u0131 (ayr\u0131ca sat\u0131l\u0131r)<\/li>\n<\/ul>","protected":false},"featured_media":17360,"template":"","meta":{"_acf_changed":false,"_kadence_starter_templates_imported_post":false,"_kad_post_transparent":"","_kad_post_title":"","_kad_post_layout":"","_kad_post_sidebar_id":"","_kad_post_content_style":"","_kad_post_vertical_padding":"","_kad_post_feature":"","_kad_post_feature_position":"","_kad_post_header":false,"_kad_post_footer":false},"product_cat":[1034],"product_tag":[],"class_list":{"0":"post-16650","1":"product","2":"type-product","3":"status-publish","4":"has-post-thumbnail","6":"product_cat-zippo","7":"product_shipping_class-mi-kapnika","9":"first","10":"onbackorder","11":"taxable","12":"shipping-taxable","13":"purchasable","14":"product-type-simple","15":"entry","16":"content-bg","17":"loop-entry"},"acf":[],"_links":{"self":[{"href":"https:\/\/nicoteam.gr\/tr\/wp-json\/wp\/v2\/product\/16650","targetHints":{"allow":["GET"]}}],"collection":[{"href":"https:\/\/nicoteam.gr\/tr\/wp-json\/wp\/v2\/product"}],"about":[{"href":"https:\/\/nicoteam.gr\/tr\/wp-json\/wp\/v2\/types\/product"}],"wp:featuredmedia":[{"embeddable":true,"href":"https:\/\/nicoteam.gr\/tr\/wp-json\/wp\/v2\/media\/17360"}],"wp:attachment":[{"href":"https:\/\/nicoteam.gr\/tr\/wp-json\/wp\/v2\/media?parent=16650"}],"wp:term":[{"taxonomy":"product_cat","embeddable":true,"href":"https:\/\/nicoteam.gr\/tr\/wp-json\/wp\/v2\/product_cat?post=16650"},{"taxonomy":"product_tag","embeddable":true,"href":"https:\/\/nicoteam.gr\/tr\/wp-json\/wp\/v2\/product_tag?post=16650"}],"curies":[{"name":"wp","href":"https:\/\/api.w.org\/{rel}","templated":true}]}}