{"id":16514,"date":"2022-06-15T11:20:22","date_gmt":"2022-06-15T09:20:22","guid":{"rendered":"https:\/\/nicoteam.gr\/?post_type=product&#038;p=16514"},"modified":"2024-06-28T13:16:54","modified_gmt":"2024-06-28T11:16:54","slug":"geekvape-aegis-legend-2-l200-kit-200w-5-5ml-classic-black","status":"publish","type":"product","link":"https:\/\/nicoteam.gr\/tr\/product\/geekvape-aegis-legend-2-l200-kit-200w-5-5ml-classic-black\/","title":{"rendered":"GeekVape Aegis Legend 2 L200 Kiti 200W 5.5ml Klasik Siyah"},"content":{"rendered":"<p>Cihaz, iki adet \u00e7\u0131kar\u0131labilir 18650 pil ile \u00e7al\u0131\u015f\u0131r ve 200W&#039;a kadar g\u00fc\u00e7 sa\u011flayabilir. L200, yeni y\u00fckseltilmi\u015f \u00fc\u00e7l\u00fc koruma teknolojisine ve cihaz\u0131n t\u00fcm i\u015flevlerini ve ayarlar\u0131n\u0131 g\u00f6r\u00fcnt\u00fcleyen 1,08 in\u00e7 y\u00fcksek \u00e7\u00f6z\u00fcn\u00fcrl\u00fckl\u00fc renkli ekrana sahiptir.<\/p>\n<p>&nbsp;<\/p>\n<p><img loading=\"lazy\" decoding=\"async\" class=\"alignnone size-full wp-image-15900\" src=\"https:\/\/nicoteam.gr\/wp-content\/uploads\/2022\/03\/Geekvape-L200-Zeus-Sub-Ohm-Kit-Banner-5-768x272-1.jpg\" alt=\"\" width=\"768\" height=\"272\" srcset=\"https:\/\/nicoteam.gr\/wp-content\/uploads\/2022\/03\/Geekvape-L200-Zeus-Sub-Ohm-Kit-Banner-5-768x272-1.jpg 768w, https:\/\/nicoteam.gr\/wp-content\/uploads\/2022\/03\/Geekvape-L200-Zeus-Sub-Ohm-Kit-Banner-5-768x272-1-600x213.jpg 600w, https:\/\/nicoteam.gr\/wp-content\/uploads\/2022\/03\/Geekvape-L200-Zeus-Sub-Ohm-Kit-Banner-5-768x272-1-300x106.jpg 300w, https:\/\/nicoteam.gr\/wp-content\/uploads\/2022\/03\/Geekvape-L200-Zeus-Sub-Ohm-Kit-Banner-5-768x272-1-96x34.jpg 96w, https:\/\/nicoteam.gr\/wp-content\/uploads\/2022\/03\/Geekvape-L200-Zeus-Sub-Ohm-Kit-Banner-5-768x272-1-42x15.jpg 42w, https:\/\/nicoteam.gr\/wp-content\/uploads\/2022\/03\/Geekvape-L200-Zeus-Sub-Ohm-Kit-Banner-5-768x272-1-150x53.jpg 150w\" sizes=\"auto, (max-width: 768px) 100vw, 768px\" \/><\/p>\n<p>Yeni y\u00fckseltilmi\u015f Zeus Sub ohm 2021<br \/>\nKit, en iyi atomizer Zeus Sub ohm 2021 ile tamamland\u0131. Geekvape, Zeus sub ohm&#039;unu y\u00fckselterek daha iyi lezzet performans\u0131na sahip bir atomizer olu\u015fturdu. Yeni daha b\u00fcy\u00fck havaland\u0131rma delikleri ile daha fazla buhar \u00fcretimi ve keyifli bir pulmoner \u2013 DL nefesi sunar.<\/p>\n<p>Atomizer, orijinal Zeus&#039;un mimari tasar\u0131m\u0131n\u0131 korur ancak h\u0131zl\u0131 de\u011fi\u015fen bobin sistemi gibi yeni teknolojiler ekler. Atomizer, buhar \u00fcretimini ve aromalar\u0131n ayr\u0131nt\u0131l\u0131 ve net bir \u015fekilde vurgulanmas\u0131n\u0131 optimize etmek i\u00e7in yeni Z Mesh Coil teknolojisini kullan\u0131yor.<\/p>\n<p><img loading=\"lazy\" decoding=\"async\" class=\"alignnone size-full wp-image-15899\" src=\"https:\/\/nicoteam.gr\/wp-content\/uploads\/2022\/03\/Geekvape-L200-Zeus-Sub-Ohm-Kit-Banner-3-768x330-1.jpg\" alt=\"\" width=\"768\" height=\"330\" srcset=\"https:\/\/nicoteam.gr\/wp-content\/uploads\/2022\/03\/Geekvape-L200-Zeus-Sub-Ohm-Kit-Banner-3-768x330-1.jpg 768w, https:\/\/nicoteam.gr\/wp-content\/uploads\/2022\/03\/Geekvape-L200-Zeus-Sub-Ohm-Kit-Banner-3-768x330-1-600x258.jpg 600w, https:\/\/nicoteam.gr\/wp-content\/uploads\/2022\/03\/Geekvape-L200-Zeus-Sub-Ohm-Kit-Banner-3-768x330-1-300x129.jpg 300w, https:\/\/nicoteam.gr\/wp-content\/uploads\/2022\/03\/Geekvape-L200-Zeus-Sub-Ohm-Kit-Banner-3-768x330-1-96x41.jpg 96w, https:\/\/nicoteam.gr\/wp-content\/uploads\/2022\/03\/Geekvape-L200-Zeus-Sub-Ohm-Kit-Banner-3-768x330-1-42x18.jpg 42w, https:\/\/nicoteam.gr\/wp-content\/uploads\/2022\/03\/Geekvape-L200-Zeus-Sub-Ohm-Kit-Banner-3-768x330-1-150x64.jpg 150w\" sizes=\"auto, (max-width: 768px) 100vw, 768px\" \/><\/p>\n<p>Atomizerin \u00e7ap\u0131 26 mm&#039;dir ve tank kapasitesi 5,5 ml&#039;dir.<br \/>\nZeus vaporizat\u00f6r serisinin ana \u00f6zelliklerinden biri Hava Ak\u0131\u015f Sistemidir. Hava ak\u0131\u015f\u0131 atomizerin \u00fcst k\u0131sm\u0131nda bulunur ve ihtiya\u00e7lar\u0131m\u0131za g\u00f6re ayarlanabilir. Zeus Sub Ohm 2021&#039;in hava ak\u0131\u015f sistemi, havay\u0131 rezist\u00f6re kadar ta\u015f\u0131r ve ard\u0131ndan i\u00e7inden ge\u00e7erek havay\u0131 tekrar yukar\u0131ya y\u00f6nlendirir. Atomiz\u00f6r\u00fcn ayr\u0131 hava ak\u0131\u015f sistemi, aromalar\u0131n do\u011fru performans\u0131 ve b\u00fcy\u00fck miktarda buhar \u00fcretimi ile temiz bir tad\u0131n keyfini \u00e7\u0131karmam\u0131za olanak tan\u0131r.<\/p>\n<p>Yeni \u00fc\u00e7l\u00fc koruma | Darbelere, toza ve suya kar\u015f\u0131 \u00f6zellikle dayan\u0131kl\u0131d\u0131r.<br \/>\nGeekvape&#039;in 2. nesil Tri-proof teknolojisi, cihaz\u0131n\u0131z\u0131n IP67&#039;den IP68&#039;e kadar yeni daha y\u00fcksek diren\u00e7 ve koruma seviyelerine \u00e7\u0131kmas\u0131n\u0131 sa\u011flar ve darbelere, toza ve suya kar\u015f\u0131 daha da iyi sonu\u00e7lar verir.<\/p>\n<p><img loading=\"lazy\" decoding=\"async\" class=\"alignnone size-full wp-image-15901\" src=\"https:\/\/nicoteam.gr\/wp-content\/uploads\/2022\/03\/Geekvape-L200-Zeus-Sub-Ohm-Kit-Banner-6-768x390-1.jpg\" alt=\"\" width=\"768\" height=\"390\" srcset=\"https:\/\/nicoteam.gr\/wp-content\/uploads\/2022\/03\/Geekvape-L200-Zeus-Sub-Ohm-Kit-Banner-6-768x390-1.jpg 768w, https:\/\/nicoteam.gr\/wp-content\/uploads\/2022\/03\/Geekvape-L200-Zeus-Sub-Ohm-Kit-Banner-6-768x390-1-600x305.jpg 600w, https:\/\/nicoteam.gr\/wp-content\/uploads\/2022\/03\/Geekvape-L200-Zeus-Sub-Ohm-Kit-Banner-6-768x390-1-300x152.jpg 300w, https:\/\/nicoteam.gr\/wp-content\/uploads\/2022\/03\/Geekvape-L200-Zeus-Sub-Ohm-Kit-Banner-6-768x390-1-96x49.jpg 96w, https:\/\/nicoteam.gr\/wp-content\/uploads\/2022\/03\/Geekvape-L200-Zeus-Sub-Ohm-Kit-Banner-6-768x390-1-42x21.jpg 42w, https:\/\/nicoteam.gr\/wp-content\/uploads\/2022\/03\/Geekvape-L200-Zeus-Sub-Ohm-Kit-Banner-6-768x390-1-150x76.jpg 150w\" sizes=\"auto, (max-width: 768px) 100vw, 768px\" \/><\/p>\n<p>30% daha hafif \u2013 15% daha k\u00fc\u00e7\u00fck<br \/>\nTri-proof teknolojisi sayesinde Geekvape, Legend 2&#039;yi daha k\u00fc\u00e7\u00fck ve elbette daha hafif hale getirebiliyor. Yeni Legend 2&#039;yi elinize ald\u0131\u011f\u0131n\u0131zda fark\u0131 anlayacaks\u0131n\u0131z.<\/p>\n<p>Daha uzun menzil ve a\u015f\u0131r\u0131 s\u0131cakl\u0131klara dayan\u0131kl\u0131l\u0131k<br \/>\nOnu \u201cvolkana\u201d veya \u201ckarlara\u201d at\u0131n. \u0130ster 50\u00b0C&#039;nin \u00fczerinde, ister -20\u00b0C&#039;nin alt\u0131nda olsun, maruz kald\u0131\u011f\u0131 s\u0131cakl\u0131k ne olursa olsun, yeni Legend 2 yine hizmetinizde olacakt\u0131r.<\/p>\n<p><img loading=\"lazy\" decoding=\"async\" class=\"alignnone size-full wp-image-15902\" src=\"https:\/\/nicoteam.gr\/wp-content\/uploads\/2022\/03\/Geekvape-L200-Zeus-Sub-Ohm-Kit-Banner-7-768x355-1.jpg\" alt=\"\" width=\"768\" height=\"355\" srcset=\"https:\/\/nicoteam.gr\/wp-content\/uploads\/2022\/03\/Geekvape-L200-Zeus-Sub-Ohm-Kit-Banner-7-768x355-1.jpg 768w, https:\/\/nicoteam.gr\/wp-content\/uploads\/2022\/03\/Geekvape-L200-Zeus-Sub-Ohm-Kit-Banner-7-768x355-1-600x277.jpg 600w, https:\/\/nicoteam.gr\/wp-content\/uploads\/2022\/03\/Geekvape-L200-Zeus-Sub-Ohm-Kit-Banner-7-768x355-1-300x139.jpg 300w, https:\/\/nicoteam.gr\/wp-content\/uploads\/2022\/03\/Geekvape-L200-Zeus-Sub-Ohm-Kit-Banner-7-768x355-1-96x44.jpg 96w, https:\/\/nicoteam.gr\/wp-content\/uploads\/2022\/03\/Geekvape-L200-Zeus-Sub-Ohm-Kit-Banner-7-768x355-1-42x19.jpg 42w, https:\/\/nicoteam.gr\/wp-content\/uploads\/2022\/03\/Geekvape-L200-Zeus-Sub-Ohm-Kit-Banner-7-768x355-1-150x69.jpg 150w\" sizes=\"auto, (max-width: 768px) 100vw, 768px\" \/><br \/>\nA-kilit sistemi | Geek bak\u0131m\u0131 korumas\u0131<br \/>\nYeni A-kilit sistemi, Legend 2&#039;nin ta\u015f\u0131nmas\u0131n\u0131 daha g\u00fcvenli hale getiriyor. Anahtar\u0131 a\u015fa\u011f\u0131 \u00e7ekin ve kilitlediniz. Kilitleme sizi direncin yanl\u0131\u015fl\u0131kla a\u015f\u0131r\u0131 \u0131s\u0131nmas\u0131na kar\u015f\u0131 korur. Ne zaman elektronik sigara i\u00e7mek isterseniz onu al\u0131r, anahtar\u0131 \u00e7evirir ve keyfini \u00e7\u0131kar\u0131rs\u0131n\u0131z.<br \/>\n1,08 \u0130n\u00e7 Ekran | Daha b\u00fcy\u00fck ve daha g\u00fczel ekran<br \/>\n1,08 in\u00e7lik ekran, yeni renkli UI ekran\u0131 arac\u0131l\u0131\u011f\u0131yla elektronik sigara deneyiminizi benzersiz k\u0131lar.<\/p>\n<p><img loading=\"lazy\" decoding=\"async\" class=\"alignnone size-full wp-image-15903\" src=\"https:\/\/nicoteam.gr\/wp-content\/uploads\/2022\/03\/Geekvape-L200-Zeus-Sub-Ohm-Kit-Banner-10-768x285-1.jpg\" alt=\"\" width=\"768\" height=\"285\" srcset=\"https:\/\/nicoteam.gr\/wp-content\/uploads\/2022\/03\/Geekvape-L200-Zeus-Sub-Ohm-Kit-Banner-10-768x285-1.jpg 768w, https:\/\/nicoteam.gr\/wp-content\/uploads\/2022\/03\/Geekvape-L200-Zeus-Sub-Ohm-Kit-Banner-10-768x285-1-600x223.jpg 600w, https:\/\/nicoteam.gr\/wp-content\/uploads\/2022\/03\/Geekvape-L200-Zeus-Sub-Ohm-Kit-Banner-10-768x285-1-300x111.jpg 300w, https:\/\/nicoteam.gr\/wp-content\/uploads\/2022\/03\/Geekvape-L200-Zeus-Sub-Ohm-Kit-Banner-10-768x285-1-96x36.jpg 96w, https:\/\/nicoteam.gr\/wp-content\/uploads\/2022\/03\/Geekvape-L200-Zeus-Sub-Ohm-Kit-Banner-10-768x285-1-42x16.jpg 42w, https:\/\/nicoteam.gr\/wp-content\/uploads\/2022\/03\/Geekvape-L200-Zeus-Sub-Ohm-Kit-Banner-10-768x285-1-150x56.jpg 150w\" sizes=\"auto, (max-width: 768px) 100vw, 768px\" \/><\/p>\n<p>Katlan\u0131r kapakl\u0131 \u015farj soketi<br \/>\nDaha kolay \u015farj i\u00e7in Geekvape, katlanabilir kapakl\u0131 yeni bir \u015farj yuvas\u0131 olu\u015fturdu. \u015earj kapa\u011f\u0131n\u0131 tek elinizle kolayca a\u00e7abilirsiniz ve ayn\u0131 zamanda sudan korunmaktad\u0131r.<\/p>\n<p><strong>\u00d6zellikler<\/strong><br \/>\nBoyutlar: 29,00 mm x 54,12 mm x 140,05 mm<\/p>\n<p>Kapasite: 5.5ml<\/p>\n<p>Damla Ucu: 810<\/p>\n<p>Konu: 510<\/p>\n<p>Doldurma sistemi: \u00dcstten Doldurma<\/p>\n<p>Maksimum G\u00fc\u00e7: 200W<\/p>\n<p>Maksimum \u00e7\u0131k\u0131\u015f ak\u0131m\u0131: 45A<\/p>\n<p>Maksimum \u00e7\u0131k\u0131\u015f voltaj\u0131: 12V<\/p>\n<p>\u015earj ba\u011flant\u0131 noktas\u0131: Tip-C ba\u011flant\u0131 noktas\u0131<\/p>\n<p>Diren\u00e7 aral\u0131\u011f\u0131: 0,1ohm \u2013 3ohm<\/p>\n<p>Pil: 2 x 18650 \u00e7\u0131kar\u0131labilir (Pakete dahil de\u011fildir)<\/p>\n<p>Ekran: 1,08 in\u00e7, renkli TFT ekran<\/p>\n<p>S\u0131cakl\u0131k Aral\u0131\u011f\u0131: 0\u00b0C \u2013 45\u00b0C<\/p>\n<p>Depolama s\u0131cakl\u0131\u011f\u0131: -20\u00b0C \u2013 60\u00b0C<\/p>\n<p>Nem: 45% RH \u2013 75% RH<\/p>","protected":false},"excerpt":{"rendered":"<p><strong>Geekvape Aegis Legend 2 (L200) Zeus Alt Ohm Kiti | 2 x 18650 \u00e7\u0131kar\u0131labilir pilli yeni Legend 2 kutu modu<\/strong><\/p>\n<p>Daha k\u00fc\u00e7\u00fck ve daha hafif olan yeni Aegis Legend 2 \u2013 L200&#039;\u00fcn selefinin y\u00fcksek tan\u0131n\u0131rl\u0131\u011f\u0131n\u0131 s\u00fcrd\u00fcrmesi ve Geekvape&#039;in Legend serisinin tarihine yeni bir sayfa eklemesi bekleniyor.<\/p>","protected":false},"featured_media":16515,"template":"","meta":{"_acf_changed":false,"_kadence_starter_templates_imported_post":false,"_kad_post_transparent":"","_kad_post_title":"","_kad_post_layout":"","_kad_post_sidebar_id":"","_kad_post_content_style":"","_kad_post_vertical_padding":"","_kad_post_feature":"","_kad_post_feature_position":"","_kad_post_header":false,"_kad_post_footer":false},"product_cat":[511],"product_tag":[],"class_list":{"0":"post-16514","1":"product","2":"type-product","3":"status-publish","4":"has-post-thumbnail","6":"product_cat-apospomeni-mpataria-kits","7":"product_shipping_class-mi-kapnika","9":"first","10":"outofstock","11":"sale","12":"taxable","13":"shipping-taxable","14":"purchasable","15":"product-type-simple","16":"entry","17":"content-bg","18":"loop-entry"},"acf":[],"_links":{"self":[{"href":"https:\/\/nicoteam.gr\/tr\/wp-json\/wp\/v2\/product\/16514","targetHints":{"allow":["GET"]}}],"collection":[{"href":"https:\/\/nicoteam.gr\/tr\/wp-json\/wp\/v2\/product"}],"about":[{"href":"https:\/\/nicoteam.gr\/tr\/wp-json\/wp\/v2\/types\/product"}],"wp:featuredmedia":[{"embeddable":true,"href":"https:\/\/nicoteam.gr\/tr\/wp-json\/wp\/v2\/media\/16515"}],"wp:attachment":[{"href":"https:\/\/nicoteam.gr\/tr\/wp-json\/wp\/v2\/media?parent=16514"}],"wp:term":[{"taxonomy":"product_cat","embeddable":true,"href":"https:\/\/nicoteam.gr\/tr\/wp-json\/wp\/v2\/product_cat?post=16514"},{"taxonomy":"product_tag","embeddable":true,"href":"https:\/\/nicoteam.gr\/tr\/wp-json\/wp\/v2\/product_tag?post=16514"}],"curies":[{"name":"wp","href":"https:\/\/api.w.org\/{rel}","templated":true}]}}