{"id":16501,"date":"2022-06-14T11:13:19","date_gmt":"2022-06-14T09:13:19","guid":{"rendered":"https:\/\/nicoteam.gr\/?post_type=product&#038;p=16501"},"modified":"2023-08-28T10:18:51","modified_gmt":"2023-08-28T08:18:51","slug":"innokin-gozee-kit-60w-3-5ml","status":"publish","type":"product","link":"https:\/\/nicoteam.gr\/tr\/product\/innokin-gozee-kit-60w-3-5ml\/","title":{"rendered":"Innokin GOZEE Kiti 60W 3.5ml"},"content":{"rendered":"<p>\u0397 \u03c0\u03b5\u03c1\u03b9\u03bb\u03b1\u03bc\u03b2\u03b1\u03bd\u03cc\u03bc\u03b5\u03bd\u03b7 \u03b4\u03b5\u03be\u03b1\u03bc\u03b5\u03bd\u03ae Go Z \u03c3\u03ac\u03c2 \u03b5\u03c0\u03b9\u03c4\u03c1\u03ad\u03c0\u03b5\u03b9 \u03bd\u03b1 \u03b1\u03c0\u03bf\u03bb\u03b1\u03cd\u03c3\u03b5\u03c4\u03b5 \u03c4\u03b7\u03bd \u03c0\u03bb\u03ae\u03c1\u03b7 \u03b3\u03ba\u03ac\u03bc\u03b1 \u03c4\u03c9\u03bd Z-coils \u03bc\u03b5 \u03b1\u03c0\u03b1\u03c1\u03ac\u03bc\u03b9\u03bb\u03bb\u03b7 \u03b3\u03b5\u03cd\u03c3\u03b7 \u03ba\u03b1\u03b9 \u03b9\u03ba\u03b1\u03bd\u03bf\u03c0\u03bf\u03af\u03b7\u03c3\u03b7. GOZEE<\/p>","protected":false},"excerpt":{"rendered":"<p>GOZEE k\u00fc\u00e7\u00fck ve hafif bir pakette tavizsiz performans sunar. Basit bir 60W yonga seti, 2100mAh dahili pil, t\u00fcm g\u00fcn pil \u00f6mr\u00fcne sahip t\u00fcy kadar hafif bir cihaz sa\u011flar.<\/p>","protected":false},"featured_media":16506,"template":"","meta":{"_acf_changed":false,"_kadence_starter_templates_imported_post":false,"_kad_post_transparent":"","_kad_post_title":"","_kad_post_layout":"","_kad_post_sidebar_id":"","_kad_post_content_style":"","_kad_post_vertical_padding":"","_kad_post_feature":"","_kad_post_feature_position":"","_kad_post_header":false,"_kad_post_footer":false},"product_cat":[512],"product_tag":[],"class_list":{"0":"post-16501","1":"product","2":"type-product","3":"status-publish","4":"has-post-thumbnail","6":"product_cat-ensomatomeni-mpataria-kits","7":"product_shipping_class-mi-kapnika","9":"first","10":"instock","11":"taxable","12":"shipping-taxable","13":"purchasable","14":"product-type-variable","15":"entry","16":"content-bg","17":"loop-entry"},"acf":[],"_links":{"self":[{"href":"https:\/\/nicoteam.gr\/tr\/wp-json\/wp\/v2\/product\/16501","targetHints":{"allow":["GET"]}}],"collection":[{"href":"https:\/\/nicoteam.gr\/tr\/wp-json\/wp\/v2\/product"}],"about":[{"href":"https:\/\/nicoteam.gr\/tr\/wp-json\/wp\/v2\/types\/product"}],"wp:featuredmedia":[{"embeddable":true,"href":"https:\/\/nicoteam.gr\/tr\/wp-json\/wp\/v2\/media\/16506"}],"wp:attachment":[{"href":"https:\/\/nicoteam.gr\/tr\/wp-json\/wp\/v2\/media?parent=16501"}],"wp:term":[{"taxonomy":"product_cat","embeddable":true,"href":"https:\/\/nicoteam.gr\/tr\/wp-json\/wp\/v2\/product_cat?post=16501"},{"taxonomy":"product_tag","embeddable":true,"href":"https:\/\/nicoteam.gr\/tr\/wp-json\/wp\/v2\/product_tag?post=16501"}],"curies":[{"name":"wp","href":"https:\/\/api.w.org\/{rel}","templated":true}]}}