{"id":16269,"date":"2022-06-03T13:45:08","date_gmt":"2022-06-03T11:45:08","guid":{"rendered":"https:\/\/nicoteam.gr\/?post_type=product&#038;p=16269"},"modified":"2023-12-15T20:30:35","modified_gmt":"2023-12-15T18:30:35","slug":"s-t-dupont-ligne-2-small-microdiamond-head-palladium-lighter","status":"publish","type":"product","link":"https:\/\/nicoteam.gr\/tr\/product\/s-t-dupont-ligne-2-small-microdiamond-head-palladium-lighter\/","title":{"rendered":"ST Dupont Ligne 2 k\u00fc\u00e7\u00fck mikro elmas ba\u015fl\u0131 paladyum \u00e7akmak"},"content":{"rendered":"<p>\u0130lgili \u00e7akmakta\u015f\u0131: siyah (REF 900600)<\/p>\n<p>\u0130lgili gaz dolumu: k\u0131rm\u0131z\u0131 (REF 900435)<\/p>","protected":false},"excerpt":{"rendered":"<p>ST Dupont, yeni, titiz ve detayl\u0131 Guilloche \u00e7al\u0131\u015fmas\u0131n\u0131 ortaya \u00e7\u0131kararak yeni bir Ligne 2 koleksiyonunu piyasaya s\u00fcrd\u00fc: &quot;Microdiamond head&quot;. Yeni i\u00e7 tasar\u0131m\u0131 ve m\u00fckemmel boyutlar\u0131 sayesinde bu serinin ST Dupont kristalinin &quot;yap\u0131\u015fmas\u0131n\u0131&quot; garanti eder. \u0130mza niteli\u011findeki \u00e7akma\u011f\u0131m\u0131za daha k\u00fc\u00e7\u00fck bir versiyonla meydan okuman\u0131n zaman\u0131 geldi. Bu yeni Ligne 2 \u00e7akmak, yeni, daha gen\u00e7 ve daha kad\u0131ns\u0131 l\u00fcks pazar i\u00e7in yarat\u0131ld\u0131.<\/p>","protected":false},"featured_media":16270,"template":"","meta":{"_acf_changed":false,"_kadence_starter_templates_imported_post":false,"_kad_post_transparent":"","_kad_post_title":"","_kad_post_layout":"","_kad_post_sidebar_id":"","_kad_post_content_style":"","_kad_post_vertical_padding":"","_kad_post_feature":"","_kad_post_feature_position":"","_kad_post_header":false,"_kad_post_footer":false},"product_cat":[1325,897],"product_tag":[],"class_list":{"0":"post-16269","1":"product","2":"type-product","3":"status-publish","4":"has-post-thumbnail","6":"product_cat-s-t-dupont","7":"product_cat-anaptires","8":"product_shipping_class-mi-kapnika","10":"first","11":"onbackorder","12":"taxable","13":"shipping-taxable","14":"purchasable","15":"product-type-simple","16":"entry","17":"content-bg","18":"loop-entry"},"acf":[],"_links":{"self":[{"href":"https:\/\/nicoteam.gr\/tr\/wp-json\/wp\/v2\/product\/16269","targetHints":{"allow":["GET"]}}],"collection":[{"href":"https:\/\/nicoteam.gr\/tr\/wp-json\/wp\/v2\/product"}],"about":[{"href":"https:\/\/nicoteam.gr\/tr\/wp-json\/wp\/v2\/types\/product"}],"wp:featuredmedia":[{"embeddable":true,"href":"https:\/\/nicoteam.gr\/tr\/wp-json\/wp\/v2\/media\/16270"}],"wp:attachment":[{"href":"https:\/\/nicoteam.gr\/tr\/wp-json\/wp\/v2\/media?parent=16269"}],"wp:term":[{"taxonomy":"product_cat","embeddable":true,"href":"https:\/\/nicoteam.gr\/tr\/wp-json\/wp\/v2\/product_cat?post=16269"},{"taxonomy":"product_tag","embeddable":true,"href":"https:\/\/nicoteam.gr\/tr\/wp-json\/wp\/v2\/product_tag?post=16269"}],"curies":[{"name":"wp","href":"https:\/\/api.w.org\/{rel}","templated":true}]}}