{"id":16261,"date":"2022-06-03T13:03:01","date_gmt":"2022-06-03T11:03:01","guid":{"rendered":"https:\/\/nicoteam.gr\/?post_type=product&#038;p=16261"},"modified":"2023-08-28T10:28:25","modified_gmt":"2023-08-28T08:28:25","slug":"s-t-dupont-cigar-club-ashtray","status":"publish","type":"product","link":"https:\/\/nicoteam.gr\/tr\/product\/s-t-dupont-cigar-club-ashtray\/","title":{"rendered":"ST Dupont Puro Kul\u00fcb\u00fc k\u00fcl tablas\u0131"},"content":{"rendered":"","protected":false},"excerpt":{"rendered":"<p>ST Dupont Puro serisini yeni b\u00fcy\u00fck dekoratif k\u00fcl tablalar\u0131 koleksiyonuyla tamaml\u0131yor. Bu Puro Kul\u00fcb\u00fc k\u00fcll\u00fc\u011f\u00fc, puro tasar\u0131m geleneklerine dayanmaktad\u0131r ve iki puro yuvas\u0131 ve geni\u015f bir tabana sahiptir. Puro tutkunlar\u0131 i\u00e7in vazge\u00e7ilmez olmas\u0131n\u0131n yan\u0131 s\u0131ra sofistike bir dekoratif unsurdur.<\/p>","protected":false},"featured_media":16262,"template":"","meta":{"_acf_changed":false,"_kadence_starter_templates_imported_post":false,"_kad_post_transparent":"","_kad_post_title":"","_kad_post_layout":"","_kad_post_sidebar_id":"","_kad_post_content_style":"","_kad_post_vertical_padding":"","_kad_post_feature":"","_kad_post_feature_position":"","_kad_post_header":false,"_kad_post_footer":false},"product_cat":[543],"product_tag":[],"class_list":{"0":"post-16261","1":"product","2":"type-product","3":"status-publish","4":"has-post-thumbnail","6":"product_cat-cigar-ashtray","7":"product_shipping_class-mi-kapnika","9":"first","10":"onbackorder","11":"taxable","12":"shipping-taxable","13":"purchasable","14":"product-type-simple","15":"entry","16":"content-bg","17":"loop-entry"},"acf":[],"_links":{"self":[{"href":"https:\/\/nicoteam.gr\/tr\/wp-json\/wp\/v2\/product\/16261","targetHints":{"allow":["GET"]}}],"collection":[{"href":"https:\/\/nicoteam.gr\/tr\/wp-json\/wp\/v2\/product"}],"about":[{"href":"https:\/\/nicoteam.gr\/tr\/wp-json\/wp\/v2\/types\/product"}],"wp:featuredmedia":[{"embeddable":true,"href":"https:\/\/nicoteam.gr\/tr\/wp-json\/wp\/v2\/media\/16262"}],"wp:attachment":[{"href":"https:\/\/nicoteam.gr\/tr\/wp-json\/wp\/v2\/media?parent=16261"}],"wp:term":[{"taxonomy":"product_cat","embeddable":true,"href":"https:\/\/nicoteam.gr\/tr\/wp-json\/wp\/v2\/product_cat?post=16261"},{"taxonomy":"product_tag","embeddable":true,"href":"https:\/\/nicoteam.gr\/tr\/wp-json\/wp\/v2\/product_tag?post=16261"}],"curies":[{"name":"wp","href":"https:\/\/api.w.org\/{rel}","templated":true}]}}