{"id":16124,"date":"2022-05-04T10:00:05","date_gmt":"2022-05-04T08:00:05","guid":{"rendered":"https:\/\/nicoteam.gr\/?post_type=product&#038;p=16124"},"modified":"2023-08-28T10:34:40","modified_gmt":"2023-08-28T08:34:40","slug":"denicotea-silica-gel-%cf%86%ce%af%ce%bb%cf%84%cf%81%ce%b1-9mm","status":"publish","type":"product","link":"https:\/\/nicoteam.gr\/tr\/product\/denicotea-silica-gel-%cf%86%ce%af%ce%bb%cf%84%cf%81%ce%b1-9mm\/","title":{"rendered":"DENICOTEA Silika Jel Filtreler 9mm"},"content":{"rendered":"<p>Bu malzeme son derece emicidir ve t\u00fct\u00fcn\u00fcn\u00fczdeki katran ve nikotini g\u00f6zle g\u00f6r\u00fcl\u00fcr bi\u00e7imde azalt\u0131r. Filtrenin \u015feffaf beyazdan kahverengiye d\u00f6nmesi, filtrenizi yenisiyle de\u011fi\u015ftirmeniz gerekti\u011fi anlam\u0131na gelir. Asl\u0131nda kullan\u0131lan filtrenin koyu kahverengi rengi, tutulan zararl\u0131 maddeleri yans\u0131t\u0131r. 9mm denikotea borulara uyar.<\/p>","protected":false},"excerpt":{"rendered":"<p>Sigara piponuz i\u00e7in 10&#039;lu yedek silika jel filtresi paketi.<\/p>","protected":false},"featured_media":16125,"template":"","meta":{"_acf_changed":false,"_kadence_starter_templates_imported_post":false,"_kad_post_transparent":"","_kad_post_title":"","_kad_post_layout":"","_kad_post_sidebar_id":"","_kad_post_content_style":"","_kad_post_vertical_padding":"","_kad_post_feature":"","_kad_post_feature_position":"","_kad_post_header":false,"_kad_post_footer":false},"product_cat":[933,898],"product_tag":[],"class_list":{"0":"post-16124","1":"product","2":"type-product","3":"status-publish","4":"has-post-thumbnail","6":"product_cat-analosima-pipas","7":"product_cat-pipes-tsigarou","8":"product_shipping_class-mi-kapnika","10":"first","11":"instock","12":"taxable","13":"shipping-taxable","14":"purchasable","15":"product-type-simple","16":"entry","17":"content-bg","18":"loop-entry"},"acf":[],"_links":{"self":[{"href":"https:\/\/nicoteam.gr\/tr\/wp-json\/wp\/v2\/product\/16124","targetHints":{"allow":["GET"]}}],"collection":[{"href":"https:\/\/nicoteam.gr\/tr\/wp-json\/wp\/v2\/product"}],"about":[{"href":"https:\/\/nicoteam.gr\/tr\/wp-json\/wp\/v2\/types\/product"}],"wp:featuredmedia":[{"embeddable":true,"href":"https:\/\/nicoteam.gr\/tr\/wp-json\/wp\/v2\/media\/16125"}],"wp:attachment":[{"href":"https:\/\/nicoteam.gr\/tr\/wp-json\/wp\/v2\/media?parent=16124"}],"wp:term":[{"taxonomy":"product_cat","embeddable":true,"href":"https:\/\/nicoteam.gr\/tr\/wp-json\/wp\/v2\/product_cat?post=16124"},{"taxonomy":"product_tag","embeddable":true,"href":"https:\/\/nicoteam.gr\/tr\/wp-json\/wp\/v2\/product_tag?post=16124"}],"curies":[{"name":"wp","href":"https:\/\/api.w.org\/{rel}","templated":true}]}}