{"id":16115,"date":"2022-05-03T11:05:49","date_gmt":"2022-05-03T09:05:49","guid":{"rendered":"https:\/\/nicoteam.gr\/?post_type=product&#038;p=16115"},"modified":"2026-04-16T02:49:22","modified_gmt":"2026-04-16T00:49:22","slug":"%ce%ba%ce%b1%cf%81%ce%b1%ce%bc%ce%ad%ce%bb%ce%b5%cf%82-barkleys-wintergreen","status":"publish","type":"product","link":"https:\/\/nicoteam.gr\/tr\/product\/%ce%ba%ce%b1%cf%81%ce%b1%ce%bc%ce%ad%ce%bb%ce%b5%cf%82-barkleys-wintergreen\/","title":{"rendered":"Barkleys K\u0131\u015f Ye\u015fili \u015eekerler"},"content":{"rendered":"<p style=\"font-weight: 400;\"><b><strong>Her pakette 50 adet \u015feker bulunmaktad\u0131r.<\/strong><\/b><\/p>\n<p style=\"font-weight: 400;\">Sadece do\u011fal malzemelerden \u00fcretilirler.<\/p>\n<p style=\"font-weight: 400;\">A\u011f\u0131z kokusunu gidermek i\u00e7in benzersizdir.<\/p>\n<p style=\"font-weight: 400;\">\u2018\u039f\u03bb\u03b5\u03c2\u00a0 \u03ad\u03c7\u03bf\u03c5\u03bd \u03b1\u03c5\u03c4\u03cc \u03c4\u03bf\u00a0<b><strong>\u00f6zel yo\u011fun aroma E\u015fsiz, yo\u011fun tat<\/strong><\/b>\u00a0\u015f\u0131k renkli metal kutularda paketlenmi\u015ftir.<\/p>\n<p style=\"font-weight: 400;\">Her lezzetin ayr\u0131 ayr\u0131 sahip oldu\u011fu \u00f6zel aroma sizi kendine hayran b\u0131rakacak.<\/p>","protected":false},"excerpt":{"rendered":"<h3><b><strong>\u039a\u03b1\u03c1\u03b1\u03bc\u03ad\u03bb\u03b5\u03c2 Barkleys Wintergreen(\u0395\u03c5\u03ba\u03ac\u03bb\u03c5\u03c0\u03c4\u03bf\u03c2)<\/strong><\/b><\/h3>\n<p style=\"font-weight: 400;\">Son y\u0131llarda Avrupa&#039;da yayg\u0131nla\u015fan pop\u00fcler \u015feker, art\u0131k Yunanistan&#039;da da fanatik takip\u00e7iler kazan\u0131yor.<\/p>\n<p style=\"font-weight: 400;\">Hollanda&#039;dan ithal ediliyorlar<\/p>\n<p style=\"font-weight: 400;\">4 \u00e7e\u015fitte mevcuttur<\/p>\n<p style=\"font-weight: 400;\">Tar\u00e7\u0131n-nane-meyan k\u00f6k\u00fc-k\u0131\u015f ye\u015fili (okalipt\u00fcs)<\/p>","protected":false},"featured_media":16117,"template":"","meta":{"_acf_changed":false,"_kadence_starter_templates_imported_post":false,"_kad_post_transparent":"","_kad_post_title":"","_kad_post_layout":"","_kad_post_sidebar_id":"","_kad_post_content_style":"","_kad_post_vertical_padding":"","_kad_post_feature":"","_kad_post_feature_position":"","_kad_post_header":false,"_kad_post_footer":false},"product_cat":[1008],"product_tag":[],"class_list":{"0":"post-16115","1":"product","2":"type-product","3":"status-publish","4":"has-post-thumbnail","6":"product_cat-1008","7":"product_shipping_class-mi-kapnika","8":"pa_-wintergreen","10":"first","11":"instock","12":"taxable","13":"shipping-taxable","14":"purchasable","15":"product-type-simple","16":"entry","17":"content-bg","18":"loop-entry"},"acf":[],"_links":{"self":[{"href":"https:\/\/nicoteam.gr\/tr\/wp-json\/wp\/v2\/product\/16115","targetHints":{"allow":["GET"]}}],"collection":[{"href":"https:\/\/nicoteam.gr\/tr\/wp-json\/wp\/v2\/product"}],"about":[{"href":"https:\/\/nicoteam.gr\/tr\/wp-json\/wp\/v2\/types\/product"}],"wp:featuredmedia":[{"embeddable":true,"href":"https:\/\/nicoteam.gr\/tr\/wp-json\/wp\/v2\/media\/16117"}],"wp:attachment":[{"href":"https:\/\/nicoteam.gr\/tr\/wp-json\/wp\/v2\/media?parent=16115"}],"wp:term":[{"taxonomy":"product_cat","embeddable":true,"href":"https:\/\/nicoteam.gr\/tr\/wp-json\/wp\/v2\/product_cat?post=16115"},{"taxonomy":"product_tag","embeddable":true,"href":"https:\/\/nicoteam.gr\/tr\/wp-json\/wp\/v2\/product_tag?post=16115"}],"curies":[{"name":"wp","href":"https:\/\/api.w.org\/{rel}","templated":true}]}}