{"id":16108,"date":"2022-05-03T10:55:36","date_gmt":"2022-05-03T08:55:36","guid":{"rendered":"https:\/\/nicoteam.gr\/?post_type=product&#038;p=16108"},"modified":"2026-05-02T10:54:30","modified_gmt":"2026-05-02T08:54:30","slug":"%ce%ba%ce%b1%cf%81%ce%b1%ce%bc%ce%ad%ce%bb%ce%b5%cf%82-barkleys-cinnamon-apple","status":"publish","type":"product","link":"https:\/\/nicoteam.gr\/tr\/product\/%ce%ba%ce%b1%cf%81%ce%b1%ce%bc%ce%ad%ce%bb%ce%b5%cf%82-barkleys-cinnamon-apple\/","title":{"rendered":"Barkleys Tar\u00e7\u0131n ve Elma \u015fekerleri"},"content":{"rendered":"<p><b><strong>Her pakette 50 adet \u015feker bulunmaktad\u0131r.<\/strong><\/b><\/p>\n<p>Sadece do\u011fal malzemelerden \u00fcretilirler.<\/p>\n<p>A\u011f\u0131z kokusunu gidermek i\u00e7in benzersizdir.<\/p>","protected":false},"excerpt":{"rendered":"<h3>Barkleys Tar\u00e7\u0131n ve Elma \u015fekerleri<\/h3>\n<p>Son y\u0131llarda Avrupa&#039;da yayg\u0131nla\u015fan pop\u00fcler \u015feker, art\u0131k Yunanistan&#039;da da fanatik takip\u00e7iler kazan\u0131yor.<\/p>\n<p>Hollanda&#039;dan ithal ediliyorlar<\/p>\n<p>8 \u00e7e\u015fitte mevcut<\/p>\n<p>Tar\u00e7\u0131n-nane-meyan k\u00f6k\u00fc-k\u0131\u015f ye\u015fili (okalipt\u00fcs) \u2013 Zencefil \u2013 Diosmo \u2013 Zencefil ve Portakal \u2013 Tar\u00e7\u0131n ve Elma<\/p>","protected":false},"featured_media":16109,"template":"","meta":{"_acf_changed":false,"_kadence_starter_templates_imported_post":false,"_kad_post_transparent":"","_kad_post_title":"","_kad_post_layout":"","_kad_post_sidebar_id":"","_kad_post_content_style":"","_kad_post_vertical_padding":"","_kad_post_feature":"","_kad_post_feature_position":"","_kad_post_header":false,"_kad_post_footer":false},"product_cat":[1008],"product_tag":[],"class_list":{"0":"post-16108","1":"product","2":"type-product","3":"status-publish","4":"has-post-thumbnail","6":"product_cat-1008","7":"product_shipping_class-mi-kapnika","8":"pa_-apple","9":"pa_-cinnamon","11":"first","12":"instock","13":"taxable","14":"shipping-taxable","15":"purchasable","16":"product-type-simple","17":"entry","18":"content-bg","19":"loop-entry"},"acf":[],"_links":{"self":[{"href":"https:\/\/nicoteam.gr\/tr\/wp-json\/wp\/v2\/product\/16108","targetHints":{"allow":["GET"]}}],"collection":[{"href":"https:\/\/nicoteam.gr\/tr\/wp-json\/wp\/v2\/product"}],"about":[{"href":"https:\/\/nicoteam.gr\/tr\/wp-json\/wp\/v2\/types\/product"}],"wp:featuredmedia":[{"embeddable":true,"href":"https:\/\/nicoteam.gr\/tr\/wp-json\/wp\/v2\/media\/16109"}],"wp:attachment":[{"href":"https:\/\/nicoteam.gr\/tr\/wp-json\/wp\/v2\/media?parent=16108"}],"wp:term":[{"taxonomy":"product_cat","embeddable":true,"href":"https:\/\/nicoteam.gr\/tr\/wp-json\/wp\/v2\/product_cat?post=16108"},{"taxonomy":"product_tag","embeddable":true,"href":"https:\/\/nicoteam.gr\/tr\/wp-json\/wp\/v2\/product_tag?post=16108"}],"curies":[{"name":"wp","href":"https:\/\/api.w.org\/{rel}","templated":true}]}}