{"id":16079,"date":"2022-04-19T17:29:10","date_gmt":"2022-04-19T15:29:10","guid":{"rendered":"https:\/\/nicoteam.gr\/?post_type=product&#038;p=16079"},"modified":"2026-04-11T18:23:16","modified_gmt":"2026-04-11T16:23:16","slug":"h-upmann-connoisseur-no-1","status":"publish","type":"product","link":"https:\/\/nicoteam.gr\/tr\/product\/h-upmann-connoisseur-no-1\/","title":{"rendered":"H. Upmann Uzman\u0131 No 1"},"content":{"rendered":"","protected":false},"excerpt":{"rendered":"<p><em><strong>H.Upmann Uzman\u0131 No 1<\/strong><\/em><\/p>\n<p class=\"blockquote\"><em>THE\u00a0<strong>H. Upmann<\/strong>\u00a01843 y\u0131l\u0131nda \u00fcretimine ba\u015flanan, gezegendeki en eski puro markalar\u0131ndan biridir.\u00a0<strong>Genellikle en ba\u015ftan \u00e7\u0131kar\u0131c\u0131 aromaya sahip purolar olarak tan\u0131mlan\u0131rlar.<\/strong>, koyu bir kasaya sahiptir ve yo\u011funluk, hafif veya orta aras\u0131nda bir ikilem vard\u0131r. Her sigara i\u00e7en ki\u015finin benzersiz bir deneyim ya\u015fayaca\u011f\u0131 kesindir.<br \/>\n\u03a4\u03bf<strong> 1 Numaral\u0131 Uzman<\/strong>\u00a0d\u0131\u015far\u0131dan dokunu\u015fu son derece p\u00fcr\u00fczs\u00fcz olan alt\u0131n kahverengi bir yaprakla kapl\u0131d\u0131r.\u00a0<strong>parf\u00fcmler<\/strong>\u00a0serbest b\u0131rak\u0131lanlar bir tanesi\u00a0<strong>kahve, f\u0131nd\u0131k, toprak ve bitter \u00e7ikolata kar\u0131\u015f\u0131m\u0131.<\/strong><br \/>\n<\/em><\/p>\n<p><em>Puro \u00f6zellikleri<strong> H. Upmann Uzman No1<br \/>\n<\/strong><\/em><\/p>\n<ul>\n<li><em>Uzunluk:\u00a0<strong>12,7 cm<\/strong><\/em><\/li>\n<li><em>Y\u00fcz\u00fck: <strong>48<\/strong><\/em><\/li>\n<li><em>Men\u015fei:\u00a0<strong>K\u00fcba<\/strong><\/em><\/li>\n<li><em>Geleneksel el yap\u0131m\u0131\u00a0<strong>K\u00fcba purosu\u00a0<\/strong><\/em><\/li>\n<li><em>T\u00fct\u00fcn yeti\u015ftirme alan\u0131:\u00a0<strong>Vuelta Abajo<\/strong><\/em><\/li>\n<li><em>Yo\u011funluk:\u00a0<strong>Hafif ila Orta<\/strong><\/em><\/li>\n<\/ul>","protected":false},"featured_media":16080,"template":"","meta":{"_acf_changed":false,"_kadence_starter_templates_imported_post":false,"_kad_post_transparent":"default","_kad_post_title":"","_kad_post_layout":"default","_kad_post_sidebar_id":"","_kad_post_content_style":"default","_kad_post_vertical_padding":"default","_kad_post_feature":"","_kad_post_feature_position":"","_kad_post_header":false,"_kad_post_footer":false},"product_cat":[1261,598],"product_tag":[],"class_list":{"0":"post-16079","1":"product","2":"type-product","3":"status-publish","4":"has-post-thumbnail","6":"product_cat-h-upman","7":"product_cat-cuba-cigars","8":"product_shipping_class-kapnika","10":"first","11":"instock","12":"purchasable","13":"product-type-simple","14":"entry","15":"content-bg","16":"loop-entry"},"acf":[],"_links":{"self":[{"href":"https:\/\/nicoteam.gr\/tr\/wp-json\/wp\/v2\/product\/16079","targetHints":{"allow":["GET"]}}],"collection":[{"href":"https:\/\/nicoteam.gr\/tr\/wp-json\/wp\/v2\/product"}],"about":[{"href":"https:\/\/nicoteam.gr\/tr\/wp-json\/wp\/v2\/types\/product"}],"wp:featuredmedia":[{"embeddable":true,"href":"https:\/\/nicoteam.gr\/tr\/wp-json\/wp\/v2\/media\/16080"}],"wp:attachment":[{"href":"https:\/\/nicoteam.gr\/tr\/wp-json\/wp\/v2\/media?parent=16079"}],"wp:term":[{"taxonomy":"product_cat","embeddable":true,"href":"https:\/\/nicoteam.gr\/tr\/wp-json\/wp\/v2\/product_cat?post=16079"},{"taxonomy":"product_tag","embeddable":true,"href":"https:\/\/nicoteam.gr\/tr\/wp-json\/wp\/v2\/product_tag?post=16079"}],"curies":[{"name":"wp","href":"https:\/\/api.w.org\/{rel}","templated":true}]}}