{"id":16077,"date":"2023-05-18T17:25:35","date_gmt":"2023-05-18T15:25:35","guid":{"rendered":"https:\/\/nicoteam.gr\/?post_type=product&#038;p=16077"},"modified":"2026-04-16T17:05:38","modified_gmt":"2026-04-16T15:05:38","slug":"juan-lopez-seleccion-no-2","status":"publish","type":"product","link":"https:\/\/nicoteam.gr\/tr\/product\/juan-lopez-seleccion-no-2\/","title":{"rendered":"Juan Lopez Se\u00e7imi No 2"},"content":{"rendered":"","protected":false},"excerpt":{"rendered":"<p>Juan Lopez purolar\u0131 s\u0131n\u0131rl\u0131 say\u0131da boyut sunmas\u0131na ra\u011fmen m\u00fckemmel kalitededir. Tad\u0131 orta ila kuvvetli aras\u0131nda de\u011fi\u015fir ve her sigara i\u00e7en ki\u015fiyi tatmin edecektir.<\/p>","protected":false},"featured_media":16078,"template":"","meta":{"_acf_changed":false,"_kadence_starter_templates_imported_post":false,"_kad_post_transparent":"default","_kad_post_title":"","_kad_post_layout":"default","_kad_post_sidebar_id":"","_kad_post_content_style":"default","_kad_post_vertical_padding":"default","_kad_post_feature":"","_kad_post_feature_position":"","_kad_post_header":false,"_kad_post_footer":false},"product_cat":[1263,598],"product_tag":[],"class_list":{"0":"post-16077","1":"product","2":"type-product","3":"status-publish","4":"has-post-thumbnail","6":"product_cat-juan-lopez","7":"product_cat-cuba-cigars","8":"product_shipping_class-kapnika","10":"first","11":"instock","12":"purchasable","13":"product-type-simple","14":"entry","15":"content-bg","16":"loop-entry"},"acf":[],"_links":{"self":[{"href":"https:\/\/nicoteam.gr\/tr\/wp-json\/wp\/v2\/product\/16077","targetHints":{"allow":["GET"]}}],"collection":[{"href":"https:\/\/nicoteam.gr\/tr\/wp-json\/wp\/v2\/product"}],"about":[{"href":"https:\/\/nicoteam.gr\/tr\/wp-json\/wp\/v2\/types\/product"}],"wp:featuredmedia":[{"embeddable":true,"href":"https:\/\/nicoteam.gr\/tr\/wp-json\/wp\/v2\/media\/16078"}],"wp:attachment":[{"href":"https:\/\/nicoteam.gr\/tr\/wp-json\/wp\/v2\/media?parent=16077"}],"wp:term":[{"taxonomy":"product_cat","embeddable":true,"href":"https:\/\/nicoteam.gr\/tr\/wp-json\/wp\/v2\/product_cat?post=16077"},{"taxonomy":"product_tag","embeddable":true,"href":"https:\/\/nicoteam.gr\/tr\/wp-json\/wp\/v2\/product_tag?post=16077"}],"curies":[{"name":"wp","href":"https:\/\/api.w.org\/{rel}","templated":true}]}}