{"id":16046,"date":"2022-04-12T12:02:13","date_gmt":"2022-04-12T10:02:13","guid":{"rendered":"https:\/\/nicoteam.gr\/?post_type=product&#038;p=16046"},"modified":"2026-03-12T19:31:01","modified_gmt":"2026-03-12T17:31:01","slug":"hoyo-de-monterrey-epicure-no-2","status":"publish","type":"product","link":"https:\/\/nicoteam.gr\/tr\/product\/hoyo-de-monterrey-epicure-no-2\/","title":{"rendered":"Hoyo de Monterrey Epicure No 2 (Box of 25s)"},"content":{"rendered":"<p>Hoyo de Monterrey&#039;in Epicure serisi, detaya olan ba\u011fl\u0131l\u0131\u011f\u0131 ve zengin tad\u0131, orta ila b\u00fcy\u00fck halkalar ve uzunluklarla karakterize edilen \u00e7e\u015fitli boyutlarla birle\u015ferek, d\u00fcnya \u00e7ap\u0131nda merakl\u0131lar\u0131n tercihlerinde ilk s\u0131ralardan birini kazanan bir deneyim sunuyor.<\/p>\n<p>&nbsp;<\/p>\n<p>Hoyo de Monterrey Epicure No.2&#039;yi i\u00e7mek her sigara i\u00e7en i\u00e7in e\u015fsiz bir deneyimdir. E\u015fsiz keyif anlar\u0131 sunan bir purodur. Karma\u015f\u0131kl\u0131\u011f\u0131 bile\u015fiminde yatmaktad\u0131r. Ba\u015fka bir deyi\u015fle, hafif bir puro de\u011fil ama birka\u00e7 katmandan olu\u015fan tada, ince bir n\u00fcansa ve \u00f6zel bir aromaya sahip.<\/p>","protected":false},"excerpt":{"rendered":"<p>Jose Gener, 1865 y\u0131l\u0131nda Hoyo De Monterrey markas\u0131n\u0131 yaratt\u0131 ve o zamandan beri K\u00fcba purolar\u0131n\u0131n en b\u00fcy\u00fck isimlerinden biri olarak hakimiyet kurdu. Markan\u0131n ad\u0131, 1860 y\u0131l\u0131nda t\u00fct\u00fcn yeti\u015ftiricisi Jose Gener taraf\u0131ndan sat\u0131n al\u0131nan verimli bir plantasyondan gelmektedir. Hoyo de Monterrey harman\u0131n\u0131n tad\u0131, purolar\u0131 hafif tad\u0131 olan aromatik bir Habano arayanlar i\u00e7in ideal ve \u00e7ekici bir se\u00e7im haline getirmektedir. b\u00fcy\u00fck zarafet ve karma\u015f\u0131kl\u0131k.<\/p>","protected":false},"featured_media":16047,"template":"","meta":{"_acf_changed":false,"_kadence_starter_templates_imported_post":false,"_kad_post_transparent":"default","_kad_post_title":"","_kad_post_layout":"default","_kad_post_sidebar_id":"","_kad_post_content_style":"default","_kad_post_vertical_padding":"default","_kad_post_feature":"","_kad_post_feature_position":"","_kad_post_header":false,"_kad_post_footer":false},"product_cat":[1262,598],"product_tag":[],"class_list":{"0":"post-16046","1":"product","2":"type-product","3":"status-publish","4":"has-post-thumbnail","6":"product_cat-hoyo-de-monterrey","7":"product_cat-cuba-cigars","8":"product_shipping_class-kapnika","10":"first","11":"instock","12":"purchasable","13":"product-type-simple","14":"entry","15":"content-bg","16":"loop-entry"},"acf":[],"_links":{"self":[{"href":"https:\/\/nicoteam.gr\/tr\/wp-json\/wp\/v2\/product\/16046","targetHints":{"allow":["GET"]}}],"collection":[{"href":"https:\/\/nicoteam.gr\/tr\/wp-json\/wp\/v2\/product"}],"about":[{"href":"https:\/\/nicoteam.gr\/tr\/wp-json\/wp\/v2\/types\/product"}],"wp:featuredmedia":[{"embeddable":true,"href":"https:\/\/nicoteam.gr\/tr\/wp-json\/wp\/v2\/media\/16047"}],"wp:attachment":[{"href":"https:\/\/nicoteam.gr\/tr\/wp-json\/wp\/v2\/media?parent=16046"}],"wp:term":[{"taxonomy":"product_cat","embeddable":true,"href":"https:\/\/nicoteam.gr\/tr\/wp-json\/wp\/v2\/product_cat?post=16046"},{"taxonomy":"product_tag","embeddable":true,"href":"https:\/\/nicoteam.gr\/tr\/wp-json\/wp\/v2\/product_tag?post=16046"}],"curies":[{"name":"wp","href":"https:\/\/api.w.org\/{rel}","templated":true}]}}