{"id":16042,"date":"2022-04-12T11:36:22","date_gmt":"2022-04-12T09:36:22","guid":{"rendered":"https:\/\/nicoteam.gr\/?post_type=product&#038;p=16042"},"modified":"2025-04-29T13:10:20","modified_gmt":"2025-04-29T11:10:20","slug":"hoyo-de-monterrey-coronations-tubos","status":"publish","type":"product","link":"https:\/\/nicoteam.gr\/tr\/product\/hoyo-de-monterrey-coronations-tubos\/","title":{"rendered":"Hoyo de Monterrey Coronations Tubos (Box of 25s)"},"content":{"rendered":"","protected":false},"excerpt":{"rendered":"<p>Jose Gener, 1865 y\u0131l\u0131nda Hoyo De Monterrey markas\u0131n\u0131 yaratt\u0131 ve o zamandan beri K\u00fcba purolar\u0131n\u0131n en b\u00fcy\u00fck isimlerinden biri olarak hakimiyet kurdu. Markan\u0131n ad\u0131, 1860 y\u0131l\u0131nda t\u00fct\u00fcn yeti\u015ftiricisi Jose Gener taraf\u0131ndan sat\u0131n al\u0131nan verimli bir plantasyondan gelmektedir. Hoyo de Monterrey harman\u0131n\u0131n tad\u0131, purolar\u0131 hafif tad\u0131 olan aromatik bir Habano arayanlar i\u00e7in ideal ve \u00e7ekici bir se\u00e7im haline getirmektedir. b\u00fcy\u00fck zarafet ve karma\u015f\u0131kl\u0131k. Marka, 2008 y\u0131l\u0131nda daha b\u00fcy\u00fck olan \u00c9picure Especial&#039;\u0131n eklendi\u011fi Epicure No.1 ve No.2 serileriyle \u00fcnl\u00fcd\u00fcr.<\/p>","protected":false},"featured_media":16043,"template":"","meta":{"_acf_changed":false,"_kadence_starter_templates_imported_post":false,"_kad_post_transparent":"","_kad_post_title":"","_kad_post_layout":"","_kad_post_sidebar_id":"","_kad_post_content_style":"","_kad_post_vertical_padding":"","_kad_post_feature":"","_kad_post_feature_position":"","_kad_post_header":false,"_kad_post_footer":false},"product_cat":[1262,598],"product_tag":[],"class_list":{"0":"post-16042","1":"product","2":"type-product","3":"status-publish","4":"has-post-thumbnail","6":"product_cat-hoyo-de-monterrey","7":"product_cat-cuba-cigars","8":"product_shipping_class-kapnika","10":"first","11":"instock","12":"purchasable","13":"product-type-simple","14":"entry","15":"content-bg","16":"loop-entry"},"acf":[],"_links":{"self":[{"href":"https:\/\/nicoteam.gr\/tr\/wp-json\/wp\/v2\/product\/16042","targetHints":{"allow":["GET"]}}],"collection":[{"href":"https:\/\/nicoteam.gr\/tr\/wp-json\/wp\/v2\/product"}],"about":[{"href":"https:\/\/nicoteam.gr\/tr\/wp-json\/wp\/v2\/types\/product"}],"wp:featuredmedia":[{"embeddable":true,"href":"https:\/\/nicoteam.gr\/tr\/wp-json\/wp\/v2\/media\/16043"}],"wp:attachment":[{"href":"https:\/\/nicoteam.gr\/tr\/wp-json\/wp\/v2\/media?parent=16042"}],"wp:term":[{"taxonomy":"product_cat","embeddable":true,"href":"https:\/\/nicoteam.gr\/tr\/wp-json\/wp\/v2\/product_cat?post=16042"},{"taxonomy":"product_tag","embeddable":true,"href":"https:\/\/nicoteam.gr\/tr\/wp-json\/wp\/v2\/product_tag?post=16042"}],"curies":[{"name":"wp","href":"https:\/\/api.w.org\/{rel}","templated":true}]}}