{"id":16036,"date":"2022-04-12T11:11:11","date_gmt":"2022-04-12T09:11:11","guid":{"rendered":"https:\/\/nicoteam.gr\/?post_type=product&#038;p=16036"},"modified":"2026-04-20T09:49:57","modified_gmt":"2026-04-20T07:49:57","slug":"quintero-londres-extra","status":"publish","type":"product","link":"https:\/\/nicoteam.gr\/tr\/product\/quintero-londres-extra\/","title":{"rendered":"Quintero Londres Extra"},"content":{"rendered":"<p>Quintero purolar\u0131n\u0131n bir \u00f6zelli\u011fi de K\u00fcba&#039;n\u0131n ba\u015fkenti Havana&#039;dan gelmemeleridir. tam tersine yarat\u0131c\u0131lar\u0131 Agustin Quintero&#039;nun Cienfuegos b\u00f6lgesinde bir ma\u011fazas\u0131 vard\u0131. Buna ra\u011fmen t\u00fct\u00fcnler bug\u00fcn hala en iyi b\u00f6lgelerden biri olan Vuelta Abajo&#039;dan toplan\u0131yor. Quintero purolar\u0131, hafif ila orta \u015fiddette ve p\u00fcr\u00fczs\u00fcz tad\u0131yla her sigara i\u00e7icisine benzersiz bir deneyim sunar.<\/p>","protected":false},"excerpt":{"rendered":"<p>Montecristo markas\u0131, K\u00fcba&#039;da t\u00fcm zamanlar\u0131n en kaliteli \u00fcretimine sahip olmas\u0131 nedeniyle K\u00fcba&#039;n\u0131n amiral gemisi konumundad\u0131r. Bir markay\u0131 bu kadar tan\u0131nabilir ve ba\u015far\u0131l\u0131 k\u0131lan sadece pazarlama de\u011fildir. \u00d6te yandan Montecristo purolar\u0131, ister deneyimli ister acemi olsun, her sigara i\u00e7icisinin damak zevkini tatmin edebilir. \u015e\u00f6hreti ondan \u00f6nce gelir, ancak deneyim en zorlu olan\u0131 bile hakl\u0131 \u00e7\u0131kar\u0131r!<\/p>","protected":false},"featured_media":16037,"template":"","meta":{"_acf_changed":false,"_kadence_starter_templates_imported_post":false,"_kad_post_transparent":"default","_kad_post_title":"","_kad_post_layout":"default","_kad_post_sidebar_id":"","_kad_post_content_style":"default","_kad_post_vertical_padding":"default","_kad_post_feature":"","_kad_post_feature_position":"","_kad_post_header":false,"_kad_post_footer":false},"product_cat":[1270,598],"product_tag":[],"class_list":{"0":"post-16036","1":"product","2":"type-product","3":"status-publish","4":"has-post-thumbnail","6":"product_cat-quintero","7":"product_cat-cuba-cigars","8":"product_shipping_class-kapnika","10":"first","11":"instock","12":"purchasable","13":"product-type-simple","14":"entry","15":"content-bg","16":"loop-entry"},"acf":[],"_links":{"self":[{"href":"https:\/\/nicoteam.gr\/tr\/wp-json\/wp\/v2\/product\/16036","targetHints":{"allow":["GET"]}}],"collection":[{"href":"https:\/\/nicoteam.gr\/tr\/wp-json\/wp\/v2\/product"}],"about":[{"href":"https:\/\/nicoteam.gr\/tr\/wp-json\/wp\/v2\/types\/product"}],"wp:featuredmedia":[{"embeddable":true,"href":"https:\/\/nicoteam.gr\/tr\/wp-json\/wp\/v2\/media\/16037"}],"wp:attachment":[{"href":"https:\/\/nicoteam.gr\/tr\/wp-json\/wp\/v2\/media?parent=16036"}],"wp:term":[{"taxonomy":"product_cat","embeddable":true,"href":"https:\/\/nicoteam.gr\/tr\/wp-json\/wp\/v2\/product_cat?post=16036"},{"taxonomy":"product_tag","embeddable":true,"href":"https:\/\/nicoteam.gr\/tr\/wp-json\/wp\/v2\/product_tag?post=16036"}],"curies":[{"name":"wp","href":"https:\/\/api.w.org\/{rel}","templated":true}]}}