{"id":16034,"date":"2022-04-12T11:05:08","date_gmt":"2022-04-12T09:05:08","guid":{"rendered":"https:\/\/nicoteam.gr\/?post_type=product&#038;p=16034"},"modified":"2026-05-02T10:34:04","modified_gmt":"2026-05-02T08:34:04","slug":"quintero-panetelas","status":"publish","type":"product","link":"https:\/\/nicoteam.gr\/tr\/product\/quintero-panetelas\/","title":{"rendered":"Quintero Panetelas (Box os 25s)"},"content":{"rendered":"","protected":false},"excerpt":{"rendered":"<p>Quintero purolar\u0131n\u0131n bir \u00f6zelli\u011fi de K\u00fcba&#039;n\u0131n ba\u015fkenti Havana&#039;dan gelmemeleridir. tam tersine yarat\u0131c\u0131lar\u0131 Agustin Quintero&#039;nun Cienfuegos b\u00f6lgesinde bir ma\u011fazas\u0131 vard\u0131. Buna ra\u011fmen t\u00fct\u00fcnler bug\u00fcn hala en iyi b\u00f6lgelerden biri olan Vuelta Abajo&#039;dan toplan\u0131yor. Quintero purolar\u0131, hafif ila orta \u015fiddette ve p\u00fcr\u00fczs\u00fcz tad\u0131yla her sigara i\u00e7icisine benzersiz bir deneyim sunar.<\/p>","protected":false},"featured_media":16035,"template":"","meta":{"_acf_changed":false,"_kadence_starter_templates_imported_post":false,"_kad_post_transparent":"","_kad_post_title":"","_kad_post_layout":"","_kad_post_sidebar_id":"","_kad_post_content_style":"","_kad_post_vertical_padding":"","_kad_post_feature":"","_kad_post_feature_position":"","_kad_post_header":false,"_kad_post_footer":false},"product_cat":[1270,598],"product_tag":[],"class_list":{"0":"post-16034","1":"product","2":"type-product","3":"status-publish","4":"has-post-thumbnail","6":"product_cat-quintero","7":"product_cat-cuba-cigars","8":"product_shipping_class-kapnika","10":"first","11":"instock","12":"purchasable","13":"product-type-simple","14":"entry","15":"content-bg","16":"loop-entry"},"acf":[],"_links":{"self":[{"href":"https:\/\/nicoteam.gr\/tr\/wp-json\/wp\/v2\/product\/16034","targetHints":{"allow":["GET"]}}],"collection":[{"href":"https:\/\/nicoteam.gr\/tr\/wp-json\/wp\/v2\/product"}],"about":[{"href":"https:\/\/nicoteam.gr\/tr\/wp-json\/wp\/v2\/types\/product"}],"wp:featuredmedia":[{"embeddable":true,"href":"https:\/\/nicoteam.gr\/tr\/wp-json\/wp\/v2\/media\/16035"}],"wp:attachment":[{"href":"https:\/\/nicoteam.gr\/tr\/wp-json\/wp\/v2\/media?parent=16034"}],"wp:term":[{"taxonomy":"product_cat","embeddable":true,"href":"https:\/\/nicoteam.gr\/tr\/wp-json\/wp\/v2\/product_cat?post=16034"},{"taxonomy":"product_tag","embeddable":true,"href":"https:\/\/nicoteam.gr\/tr\/wp-json\/wp\/v2\/product_tag?post=16034"}],"curies":[{"name":"wp","href":"https:\/\/api.w.org\/{rel}","templated":true}]}}