{"id":16024,"date":"2022-04-12T10:34:44","date_gmt":"2022-04-12T08:34:44","guid":{"rendered":"https:\/\/nicoteam.gr\/?post_type=product&#038;p=16024"},"modified":"2026-04-11T15:38:15","modified_gmt":"2026-04-11T13:38:15","slug":"quai-d-orsay-no-50","status":"publish","type":"product","link":"https:\/\/nicoteam.gr\/tr\/product\/quai-d-orsay-no-50\/","title":{"rendered":"Quai D Orsay No 50 (Box of 10s)"},"content":{"rendered":"","protected":false},"excerpt":{"rendered":"<p>Quai D&#039;Orsay purolar\u0131, yak\u0131n zamana kadar yaln\u0131zca Frans\u0131z pazar\u0131nda mevcut oldu\u011fundan, puronun \u00f6zel bir \u00e7e\u015fididir. En kaliteli t\u00fct\u00fcnleri Frans\u0131z ustal\u0131\u011f\u0131yla birle\u015ftiriyorlar. Sonu\u00e7, hafif bir t\u00fct\u00fcn kar\u0131\u015f\u0131m\u0131yla m\u00fckemmel \u015fekilde sar\u0131lm\u0131\u015f el yap\u0131m\u0131 bir purodur.<\/p>\n<p>&nbsp;<\/p>","protected":false},"featured_media":16025,"template":"","meta":{"_acf_changed":false,"_kadence_starter_templates_imported_post":false,"_kad_post_transparent":"default","_kad_post_title":"","_kad_post_layout":"default","_kad_post_sidebar_id":"","_kad_post_content_style":"default","_kad_post_vertical_padding":"default","_kad_post_feature":"","_kad_post_feature_position":"","_kad_post_header":false,"_kad_post_footer":false},"product_cat":[1269,598],"product_tag":[],"class_list":{"0":"post-16024","1":"product","2":"type-product","3":"status-publish","4":"has-post-thumbnail","6":"product_cat-quai-dorsay","7":"product_cat-cuba-cigars","8":"product_shipping_class-kapnika","10":"first","11":"instock","12":"purchasable","13":"product-type-simple","14":"entry","15":"content-bg","16":"loop-entry"},"acf":[],"_links":{"self":[{"href":"https:\/\/nicoteam.gr\/tr\/wp-json\/wp\/v2\/product\/16024","targetHints":{"allow":["GET"]}}],"collection":[{"href":"https:\/\/nicoteam.gr\/tr\/wp-json\/wp\/v2\/product"}],"about":[{"href":"https:\/\/nicoteam.gr\/tr\/wp-json\/wp\/v2\/types\/product"}],"wp:featuredmedia":[{"embeddable":true,"href":"https:\/\/nicoteam.gr\/tr\/wp-json\/wp\/v2\/media\/16025"}],"wp:attachment":[{"href":"https:\/\/nicoteam.gr\/tr\/wp-json\/wp\/v2\/media?parent=16024"}],"wp:term":[{"taxonomy":"product_cat","embeddable":true,"href":"https:\/\/nicoteam.gr\/tr\/wp-json\/wp\/v2\/product_cat?post=16024"},{"taxonomy":"product_tag","embeddable":true,"href":"https:\/\/nicoteam.gr\/tr\/wp-json\/wp\/v2\/product_tag?post=16024"}],"curies":[{"name":"wp","href":"https:\/\/api.w.org\/{rel}","templated":true}]}}