{"id":16020,"date":"2022-04-12T10:25:14","date_gmt":"2022-04-12T08:25:14","guid":{"rendered":"https:\/\/nicoteam.gr\/?post_type=product&#038;p=16020"},"modified":"2025-11-28T12:48:31","modified_gmt":"2025-11-28T10:48:31","slug":"partagas-serie-d-no-5","status":"publish","type":"product","link":"https:\/\/nicoteam.gr\/tr\/product\/partagas-serie-d-no-5\/","title":{"rendered":"Partagas Serie D No 5 Tubos (Box of 3s)"},"content":{"rendered":"","protected":false},"excerpt":{"rendered":"<p><strong>Partagas Seri D No 5<\/strong><\/p>\n<p>Bu efsanevi marka 1845 y\u0131l\u0131nda yarat\u0131ld\u0131.\u00a0<strong>Jaime Partag\u00e1s<\/strong>. Havana Ulusal Ba\u015fkenti&#039;nin arkas\u0131ndaki fabrika, \u015fehrin ve d\u00fcnyan\u0131n en eski ve en \u00fcnl\u00fc fabrikalar\u0131ndan biridir.<strong>\u00a0Partagalar<\/strong>\u00a0g\u00fc\u00e7l\u00fc tatlar\u0131yla hemen tan\u0131n\u0131rlar. B\u00f6lgeden se\u00e7ilmi\u015f purolardan olu\u015fan kar\u0131\u015f\u0131m\u0131n karakteri\u00a0<strong>Vuelta Abajo<\/strong>Pinar del R\u00edo b\u00f6lgesinde,\u00a0<strong>e\u015fsiz bir zenginli\u011fe ve aromaya sahiptir.<\/strong><\/p>\n<p>\u00c7izgi\u00a0 <em><strong>Partagas Serie D No.5\u00a0<\/strong> <\/em>En k\u0131sa Habanos purolar\u0131ndan biridir, ancak t\u00fcr\u00fcn ve genel olarak Partagas&#039;\u0131n hayranlar\u0131 taraf\u0131ndan iyi bilinmektedir. <em>Ba\u015fl\u0131ca \u00f6zellikleri \u015funlard\u0131r: <strong>b\u00fcy\u00fck y\u00fcz\u00fck<\/strong> ve <strong>yo\u011fun tatlar<\/strong>. arayanlar i\u00e7in ideal <strong>h\u0131zl\u0131 keyif.<\/strong><\/em><\/p>\n<p><em>Puro \u00f6zellikleri<strong> Partagas Seri D No5<\/strong><\/em><\/p>\n<ul>\n<li><em>Uzunluk:\u00a0<strong>11 cm<\/strong><\/em><\/li>\n<li><em>Y\u00fcz\u00fck:\u00a0<strong>50<\/strong><\/em><\/li>\n<li><em>Men\u015fei:\u00a0<strong>K\u00fcba<\/strong><\/em><\/li>\n<li><em>Geleneksel el yap\u0131m\u0131\u00a0<strong>K\u00fcba purosu\u00a0<\/strong><\/em><\/li>\n<li><em>T\u00fct\u00fcn yeti\u015ftirme alan\u0131:\u00a0<strong>Vuelta Abajo<\/strong><\/em><\/li>\n<li><em>Yo\u011funluk:\u00a0<strong>G\u00fc\u00e7l\u00fc<\/strong><\/em><\/li>\n<\/ul>","protected":false},"featured_media":16021,"template":"","meta":{"_acf_changed":false,"_kadence_starter_templates_imported_post":false,"_kad_post_transparent":"default","_kad_post_title":"","_kad_post_layout":"default","_kad_post_sidebar_id":"","_kad_post_content_style":"default","_kad_post_vertical_padding":"default","_kad_post_feature":"","_kad_post_feature_position":"","_kad_post_header":false,"_kad_post_footer":false},"product_cat":[1266,598],"product_tag":[1347,1360],"class_list":{"0":"post-16020","1":"product","2":"type-product","3":"status-publish","4":"has-post-thumbnail","6":"product_cat-partagas","7":"product_cat-cuba-cigars","8":"product_tag-partagas","9":"product_tag-serie-d","10":"product_shipping_class-kapnika","12":"first","13":"instock","14":"purchasable","15":"product-type-simple","16":"entry","17":"content-bg","18":"loop-entry"},"acf":[],"_links":{"self":[{"href":"https:\/\/nicoteam.gr\/tr\/wp-json\/wp\/v2\/product\/16020","targetHints":{"allow":["GET"]}}],"collection":[{"href":"https:\/\/nicoteam.gr\/tr\/wp-json\/wp\/v2\/product"}],"about":[{"href":"https:\/\/nicoteam.gr\/tr\/wp-json\/wp\/v2\/types\/product"}],"wp:featuredmedia":[{"embeddable":true,"href":"https:\/\/nicoteam.gr\/tr\/wp-json\/wp\/v2\/media\/16021"}],"wp:attachment":[{"href":"https:\/\/nicoteam.gr\/tr\/wp-json\/wp\/v2\/media?parent=16020"}],"wp:term":[{"taxonomy":"product_cat","embeddable":true,"href":"https:\/\/nicoteam.gr\/tr\/wp-json\/wp\/v2\/product_cat?post=16020"},{"taxonomy":"product_tag","embeddable":true,"href":"https:\/\/nicoteam.gr\/tr\/wp-json\/wp\/v2\/product_tag?post=16020"}],"curies":[{"name":"wp","href":"https:\/\/api.w.org\/{rel}","templated":true}]}}