{"id":16010,"date":"2023-11-22T11:05:30","date_gmt":"2023-11-22T09:05:30","guid":{"rendered":"https:\/\/nicoteam.gr\/?post_type=product&#038;p=16010"},"modified":"2026-04-11T18:23:16","modified_gmt":"2026-04-11T16:23:16","slug":"romeo-y-julieta-short-churchills","status":"publish","type":"product","link":"https:\/\/nicoteam.gr\/tr\/product\/romeo-y-julieta-short-churchills\/","title":{"rendered":"Romeo ve Julieta K\u0131sa Churchill&#039;ler"},"content":{"rendered":"","protected":false},"excerpt":{"rendered":"<p><strong>Romeo ve Julieta K\u0131sa Churchill&#039;ler\u00a0<\/strong><\/p>\n<p><em><strong>140 y\u0131l\u0131 a\u015fk\u0131n bir a\u015fk hikayesi<\/strong>. 1875 y\u0131l\u0131nda yarat\u0131lan bu puro markas\u0131na ad\u0131n\u0131 Shakespeare&#039;in \u00fcnl\u00fc trajedisi vermi\u015ftir. Ya\u015fam tutkusunu kaliteli, klasik ve se\u00e7kin bir puro olarak kutlayan \u00fcnl\u00fc bir marka.<\/em><em>Dengeli ve aromatik kar\u0131\u015f\u0131m <strong>Romeo ve Juliet<\/strong> b\u00f6lgeden se\u00e7ilen t\u00fct\u00fcnlerin sonucudur <strong>Vuelta Abajo<\/strong>\u00a0 K\u00fcba&#039;n\u0131n klasik orta kar\u0131\u015f\u0131m\u0131na g\u00f6re s\u0131ralay\u0131n <strong>Habanos.<\/strong><\/em><\/p>\n<p><em>Puro \u00f6zellikleri<\/em><strong><em> Romeo ve Julieta K\u0131sa Churchill&#039;ler<\/em><br \/>\n<\/strong><\/p>\n<ul>\n<li><em>Uzunluk: <strong>12,4 cm<\/strong><\/em><\/li>\n<li><em style=\"font-family: var(--global-body-font-family);\">Y\u00fcz\u00fck: <strong>50<\/strong><\/em><\/li>\n<li><em>Men\u015fei:\u00a0<strong>K\u00fcba<\/strong><\/em><\/li>\n<li><em>Geleneksel el yap\u0131m\u0131\u00a0<strong>K\u00fcba purosu\u00a0<\/strong><\/em><\/li>\n<li><em>T\u00fct\u00fcn yeti\u015ftirme alan\u0131:\u00a0<strong>Vuelta Abajo<\/strong><\/em><\/li>\n<li><em>Yo\u011funluk: <strong>Hafif <\/strong><strong>\u0131l\u0131ml\u0131 olmak<\/strong><\/em><\/li>\n<\/ul>\n<p>&nbsp;<\/p>","protected":false},"featured_media":16011,"template":"","meta":{"_acf_changed":false,"_kadence_starter_templates_imported_post":false,"_kad_post_transparent":"default","_kad_post_title":"","_kad_post_layout":"default","_kad_post_sidebar_id":"","_kad_post_content_style":"default","_kad_post_vertical_padding":"default","_kad_post_feature":"","_kad_post_feature_position":"","_kad_post_header":false,"_kad_post_footer":false},"product_cat":[1273,598],"product_tag":[],"class_list":{"0":"post-16010","1":"product","2":"type-product","3":"status-publish","4":"has-post-thumbnail","6":"product_cat-romeo-y-julieta","7":"product_cat-cuba-cigars","8":"product_shipping_class-kapnika","10":"first","11":"instock","12":"purchasable","13":"product-type-simple","14":"entry","15":"content-bg","16":"loop-entry"},"acf":[],"_links":{"self":[{"href":"https:\/\/nicoteam.gr\/tr\/wp-json\/wp\/v2\/product\/16010","targetHints":{"allow":["GET"]}}],"collection":[{"href":"https:\/\/nicoteam.gr\/tr\/wp-json\/wp\/v2\/product"}],"about":[{"href":"https:\/\/nicoteam.gr\/tr\/wp-json\/wp\/v2\/types\/product"}],"wp:featuredmedia":[{"embeddable":true,"href":"https:\/\/nicoteam.gr\/tr\/wp-json\/wp\/v2\/media\/16011"}],"wp:attachment":[{"href":"https:\/\/nicoteam.gr\/tr\/wp-json\/wp\/v2\/media?parent=16010"}],"wp:term":[{"taxonomy":"product_cat","embeddable":true,"href":"https:\/\/nicoteam.gr\/tr\/wp-json\/wp\/v2\/product_cat?post=16010"},{"taxonomy":"product_tag","embeddable":true,"href":"https:\/\/nicoteam.gr\/tr\/wp-json\/wp\/v2\/product_tag?post=16010"}],"curies":[{"name":"wp","href":"https:\/\/api.w.org\/{rel}","templated":true}]}}