{"id":16008,"date":"2022-04-12T09:56:07","date_gmt":"2022-04-12T07:56:07","guid":{"rendered":"https:\/\/nicoteam.gr\/?post_type=product&#038;p=16008"},"modified":"2026-03-26T11:37:09","modified_gmt":"2026-03-26T09:37:09","slug":"montecristo-no-2","status":"publish","type":"product","link":"https:\/\/nicoteam.gr\/tr\/product\/montecristo-no-2\/","title":{"rendered":"Montekristo No.2"},"content":{"rendered":"","protected":false},"excerpt":{"rendered":"<h4>Montecristo No 2 (3s)<\/h4>\n<p>\u03a4\u03bf <strong>Monte Cristo<\/strong> K\u00fcba&#039;n\u0131n amiral gemisidir, \u00e7\u00fcnk\u00fc <strong>daha y\u00fcksek kalite<\/strong> t\u00fcm zamanlar\u0131n \u00fcretimi <strong>K\u00fcba<\/strong>. Bir markay\u0131 bu kadar tan\u0131nabilir ve ba\u015far\u0131l\u0131 k\u0131lan sadece pazarlama de\u011fildir. Tam tersine puro <strong>Monte Cristo<\/strong> ister deneyimli ister acemi olsun, her sigara i\u00e7icisinin zevkini tatmin edebilirler. \u015e\u00f6hreti ondan \u00f6nce gelir, ancak deneyim en zorlu olan\u0131 bile hakl\u0131 \u00e7\u0131kar\u0131r!<\/p>\n<p><em>Puro \u00f6zellikleri <strong>Montekristo No2<\/strong><\/em><\/p>\n<ul>\n<li><em>Uzunluk:\u00a0<strong>15,6 cm<\/strong><\/em><\/li>\n<li><em>Y\u00fcz\u00fck: <strong>52<\/strong><\/em><\/li>\n<li><em>Men\u015fei:\u00a0<strong>K\u00fcba<\/strong><\/em><\/li>\n<li><em>Geleneksel el yap\u0131m\u0131\u00a0<strong>K\u00fcba purosu\u00a0<\/strong><\/em><\/li>\n<li><em>T\u00fct\u00fcn yeti\u015ftirme alan\u0131:\u00a0<strong>Vuelta Arriba<\/strong><\/em><\/li>\n<li><em>Yo\u011funluk:\u00a0\u00a0<strong>Il\u0131man<\/strong><\/em><\/li>\n<\/ul>\n<p>&nbsp;<\/p>","protected":false},"featured_media":16141,"template":"","meta":{"_acf_changed":false,"_kadence_starter_templates_imported_post":false,"_kad_post_transparent":"default","_kad_post_title":"","_kad_post_layout":"default","_kad_post_sidebar_id":"","_kad_post_content_style":"default","_kad_post_vertical_padding":"default","_kad_post_feature":"","_kad_post_feature_position":"","_kad_post_header":false,"_kad_post_footer":false},"product_cat":[1265,598],"product_tag":[],"class_list":{"0":"post-16008","1":"product","2":"type-product","3":"status-publish","4":"has-post-thumbnail","6":"product_cat-montecristo","7":"product_cat-cuba-cigars","8":"product_shipping_class-kapnika","10":"first","11":"outofstock","12":"purchasable","13":"product-type-simple","14":"entry","15":"content-bg","16":"loop-entry"},"acf":[],"_links":{"self":[{"href":"https:\/\/nicoteam.gr\/tr\/wp-json\/wp\/v2\/product\/16008","targetHints":{"allow":["GET"]}}],"collection":[{"href":"https:\/\/nicoteam.gr\/tr\/wp-json\/wp\/v2\/product"}],"about":[{"href":"https:\/\/nicoteam.gr\/tr\/wp-json\/wp\/v2\/types\/product"}],"wp:featuredmedia":[{"embeddable":true,"href":"https:\/\/nicoteam.gr\/tr\/wp-json\/wp\/v2\/media\/16141"}],"wp:attachment":[{"href":"https:\/\/nicoteam.gr\/tr\/wp-json\/wp\/v2\/media?parent=16008"}],"wp:term":[{"taxonomy":"product_cat","embeddable":true,"href":"https:\/\/nicoteam.gr\/tr\/wp-json\/wp\/v2\/product_cat?post=16008"},{"taxonomy":"product_tag","embeddable":true,"href":"https:\/\/nicoteam.gr\/tr\/wp-json\/wp\/v2\/product_tag?post=16008"}],"curies":[{"name":"wp","href":"https:\/\/api.w.org\/{rel}","templated":true}]}}