{"id":15938,"date":"2022-03-30T11:59:27","date_gmt":"2022-03-30T09:59:27","guid":{"rendered":"https:\/\/nicoteam.gr\/?post_type=product&#038;p=15938"},"modified":"2023-08-28T10:34:40","modified_gmt":"2023-08-28T08:34:40","slug":"%ce%b2%ce%ac%ce%b6%ce%b1-%ce%ba%ce%b1%cf%80%ce%bd%ce%bf%cf%8d-%ce%bc%ce%b5-%cf%85%ce%b3%cf%81%ce%b1%cf%83%ce%b9%cf%8c%ce%bc%ce%b5%cf%84%cf%81%ce%bf-large","status":"publish","type":"product","link":"https:\/\/nicoteam.gr\/tr\/product\/%ce%b2%ce%ac%ce%b6%ce%b1-%ce%ba%ce%b1%cf%80%ce%bd%ce%bf%cf%8d-%ce%bc%ce%b5-%cf%85%ce%b3%cf%81%ce%b1%cf%83%ce%b9%cf%8c%ce%bc%ce%b5%cf%84%cf%81%ce%bf-large\/","title":{"rendered":"Higrometreli B\u00fcy\u00fck T\u00fct\u00fcn Kavanozlar\u0131"},"content":{"rendered":"<p>Boyutlar: 9,5\u00d79,5\u00d718,5 cm<\/p>","protected":false},"excerpt":{"rendered":"<p>Boyutlar: 9,5\u00d79,5\u00d718,5 cm<\/p>","protected":false},"featured_media":15939,"template":"","meta":{"_acf_changed":false,"_kadence_starter_templates_imported_post":false,"_kad_post_transparent":"","_kad_post_title":"","_kad_post_layout":"","_kad_post_sidebar_id":"","_kad_post_content_style":"","_kad_post_vertical_padding":"","_kad_post_feature":"","_kad_post_feature_position":"","_kad_post_header":false,"_kad_post_footer":false},"product_cat":[946],"product_tag":[],"class_list":{"0":"post-15938","1":"product","2":"type-product","3":"status-publish","4":"has-post-thumbnail","6":"product_cat-baza-kapnou","7":"product_shipping_class-mi-kapnika","9":"first","10":"instock","11":"taxable","12":"shipping-taxable","13":"purchasable","14":"product-type-simple","15":"entry","16":"content-bg","17":"loop-entry"},"acf":[],"_links":{"self":[{"href":"https:\/\/nicoteam.gr\/tr\/wp-json\/wp\/v2\/product\/15938","targetHints":{"allow":["GET"]}}],"collection":[{"href":"https:\/\/nicoteam.gr\/tr\/wp-json\/wp\/v2\/product"}],"about":[{"href":"https:\/\/nicoteam.gr\/tr\/wp-json\/wp\/v2\/types\/product"}],"wp:featuredmedia":[{"embeddable":true,"href":"https:\/\/nicoteam.gr\/tr\/wp-json\/wp\/v2\/media\/15939"}],"wp:attachment":[{"href":"https:\/\/nicoteam.gr\/tr\/wp-json\/wp\/v2\/media?parent=15938"}],"wp:term":[{"taxonomy":"product_cat","embeddable":true,"href":"https:\/\/nicoteam.gr\/tr\/wp-json\/wp\/v2\/product_cat?post=15938"},{"taxonomy":"product_tag","embeddable":true,"href":"https:\/\/nicoteam.gr\/tr\/wp-json\/wp\/v2\/product_tag?post=15938"}],"curies":[{"name":"wp","href":"https:\/\/api.w.org\/{rel}","templated":true}]}}