{"id":15810,"date":"2022-03-24T10:08:35","date_gmt":"2022-03-24T08:08:35","guid":{"rendered":"https:\/\/nicoteam.gr\/?post_type=product&#038;p=15810"},"modified":"2025-10-22T20:39:16","modified_gmt":"2025-10-22T18:39:16","slug":"aspire-pockex-pocket-aio","status":"publish","type":"product","link":"https:\/\/nicoteam.gr\/tr\/product\/aspire-pockex-pocket-aio\/","title":{"rendered":"Aspire PocketX Pocket AIO"},"content":{"rendered":"<p>Tank\u0131n kapasitesi 2 ml olup \u00fcstten doldurabilirsiniz.<\/p>\n<p>Hava ak\u0131\u015f sistemi atomizerin \u00fcst k\u0131sm\u0131nda bulunur ve yap\u0131s\u0131 s\u0131z\u0131nt\u0131n\u0131n olmamas\u0131n\u0131 garanti eder. Pyrex tank\u0131 paslanmaz \u00e7elik bir kabuk ile korunmaktad\u0131r. DripTip b\u00fcy\u00fckt\u00fcr ve Delrin taraf\u0131ndan yap\u0131lm\u0131\u015ft\u0131r.<\/p>\n<p>PockeX AIO, NautilusX (SS316L&#039;de U-Tech) gibi U-tech teknolojili 0,6 Ohm diren\u00e7 kafas\u0131yla donat\u0131lm\u0131\u015ft\u0131r. 18W ile 23W aras\u0131nda \u00e7al\u0131\u015f\u0131r.<\/p>","protected":false},"excerpt":{"rendered":"<p>PockeX AIO, 12 cm uzunlu\u011funda ve 2 cm \u00e7ap\u0131nda boru \u015feklinde bir moddur. 1500 mAh kapasiteye sahip pil, sabit g\u00fc\u00e7le birka\u00e7 saat elektronik sigara kullan\u0131m\u0131na izin verir.<\/p>","protected":false},"featured_media":15811,"template":"","meta":{"_acf_changed":false,"_kadence_starter_templates_imported_post":false,"_kad_post_transparent":"","_kad_post_title":"","_kad_post_layout":"","_kad_post_sidebar_id":"","_kad_post_content_style":"","_kad_post_vertical_padding":"","_kad_post_feature":"","_kad_post_feature_position":"","_kad_post_header":false,"_kad_post_footer":false},"product_cat":[512],"product_tag":[],"class_list":{"0":"post-15810","1":"product","2":"type-product","3":"status-publish","4":"has-post-thumbnail","6":"product_cat-ensomatomeni-mpataria-kits","7":"product_shipping_class-mi-kapnika","9":"first","10":"outofstock","11":"taxable","12":"shipping-taxable","13":"product-type-variable","14":"entry","15":"content-bg","16":"loop-entry"},"acf":[],"_links":{"self":[{"href":"https:\/\/nicoteam.gr\/tr\/wp-json\/wp\/v2\/product\/15810","targetHints":{"allow":["GET"]}}],"collection":[{"href":"https:\/\/nicoteam.gr\/tr\/wp-json\/wp\/v2\/product"}],"about":[{"href":"https:\/\/nicoteam.gr\/tr\/wp-json\/wp\/v2\/types\/product"}],"wp:featuredmedia":[{"embeddable":true,"href":"https:\/\/nicoteam.gr\/tr\/wp-json\/wp\/v2\/media\/15811"}],"wp:attachment":[{"href":"https:\/\/nicoteam.gr\/tr\/wp-json\/wp\/v2\/media?parent=15810"}],"wp:term":[{"taxonomy":"product_cat","embeddable":true,"href":"https:\/\/nicoteam.gr\/tr\/wp-json\/wp\/v2\/product_cat?post=15810"},{"taxonomy":"product_tag","embeddable":true,"href":"https:\/\/nicoteam.gr\/tr\/wp-json\/wp\/v2\/product_tag?post=15810"}],"curies":[{"name":"wp","href":"https:\/\/api.w.org\/{rel}","templated":true}]}}