{"id":15589,"date":"2022-03-21T10:08:12","date_gmt":"2022-03-21T08:08:12","guid":{"rendered":"https:\/\/nicoteam.gr\/?post_type=product&#038;p=15589"},"modified":"2023-08-28T10:31:21","modified_gmt":"2023-08-28T08:31:21","slug":"classic-brushed-chrome","status":"publish","type":"product","link":"https:\/\/nicoteam.gr\/tr\/product\/classic-brushed-chrome\/","title":{"rendered":"Klasik F\u0131r\u00e7alanm\u0131\u015f Krom"},"content":{"rendered":"","protected":false},"excerpt":{"rendered":"<div class=\"col-12 padding\">\n<div class=\"product-description styled-content\" data-read-more=\"product-description\">\n<p>Bu F\u0131r\u00e7alanm\u0131\u015f Krom kaplama \u00e7akmak, \u00e7akma\u011f\u0131n \u00f6n ve arka k\u0131sm\u0131nda benzersiz bir yatay \u00e7izgi doku tekni\u011fine sahiptir. \u00c7akma\u011f\u0131n kenarlar\u0131 daha fazla kontrast sa\u011flamak i\u00e7in parlak bir y\u00fczeyle parlat\u0131lm\u0131\u015ft\u0131r. F\u0131r\u00e7alanm\u0131\u015f Krom kaplama 1933&#039;te yarat\u0131ld\u0131 ve Zippo&#039;nun en pop\u00fcler \u00e7akma\u011f\u0131 olmaya devam etti.<\/p>\n<ul>\n<li>\u00d6zel &quot;t\u0131klama&quot; \u00f6zelli\u011fine sahip orijinal Zippo r\u00fczgar ge\u00e7irmez \u00e7akmak<\/li>\n<li>Metalik yap\u0131. R\u00fczgar ge\u00e7irmez tasar\u0131m hemen hemen her yerde \u00e7al\u0131\u015f\u0131r<\/li>\n<li>Optimum performans i\u00e7in orijinal Zippo s\u0131v\u0131 \u00e7akma\u011f\u0131, ta\u015flar\u0131 ve fitilleri \u00f6neriyoruz.<\/li>\n<li>Hediye kutusunda mevcuttur.<\/li>\n<li>Abd&#039;de \u00fcretilmi\u015ftir \u00d6m\u00fcr boyu \u201c\u00e7al\u0131\u015f\u0131r veya biz \u00fccretsiz d\u00fczeltiriz\u2122\u201d garantisi<\/li>\n<li>S\u0131v\u0131: Y\u00fcksek kaliteli Zippo \u00e7akmak s\u0131v\u0131s\u0131 (ayr\u0131ca sat\u0131l\u0131r)<\/li>\n<\/ul>\n<\/div>\n<\/div>","protected":false},"featured_media":15669,"template":"","meta":{"_acf_changed":false,"_kadence_starter_templates_imported_post":false,"_kad_post_transparent":"","_kad_post_title":"","_kad_post_layout":"","_kad_post_sidebar_id":"","_kad_post_content_style":"","_kad_post_vertical_padding":"","_kad_post_feature":"","_kad_post_feature_position":"","_kad_post_header":false,"_kad_post_footer":false},"product_cat":[1034],"product_tag":[],"class_list":{"0":"post-15589","1":"product","2":"type-product","3":"status-publish","4":"has-post-thumbnail","6":"product_cat-zippo","7":"product_shipping_class-mi-kapnika","9":"first","10":"instock","11":"taxable","12":"shipping-taxable","13":"purchasable","14":"product-type-simple","15":"entry","16":"content-bg","17":"loop-entry"},"acf":[],"_links":{"self":[{"href":"https:\/\/nicoteam.gr\/tr\/wp-json\/wp\/v2\/product\/15589","targetHints":{"allow":["GET"]}}],"collection":[{"href":"https:\/\/nicoteam.gr\/tr\/wp-json\/wp\/v2\/product"}],"about":[{"href":"https:\/\/nicoteam.gr\/tr\/wp-json\/wp\/v2\/types\/product"}],"wp:featuredmedia":[{"embeddable":true,"href":"https:\/\/nicoteam.gr\/tr\/wp-json\/wp\/v2\/media\/15669"}],"wp:attachment":[{"href":"https:\/\/nicoteam.gr\/tr\/wp-json\/wp\/v2\/media?parent=15589"}],"wp:term":[{"taxonomy":"product_cat","embeddable":true,"href":"https:\/\/nicoteam.gr\/tr\/wp-json\/wp\/v2\/product_cat?post=15589"},{"taxonomy":"product_tag","embeddable":true,"href":"https:\/\/nicoteam.gr\/tr\/wp-json\/wp\/v2\/product_tag?post=15589"}],"curies":[{"name":"wp","href":"https:\/\/api.w.org\/{rel}","templated":true}]}}