{"id":15558,"date":"2022-03-19T10:35:43","date_gmt":"2022-03-19T08:35:43","guid":{"rendered":"https:\/\/nicoteam.gr\/?post_type=product&#038;p=15558"},"modified":"2023-12-20T18:44:33","modified_gmt":"2023-12-20T16:44:33","slug":"289-ed-%ce%ba%ce%b1%cf%86%ce%ad-%cf%85%ce%b3%cf%81%ce%b1%ce%bd%cf%84%ce%ae%cf%81%ce%b1%cf%82-75-%cf%80%ce%bf%cf%8d%cf%81%cf%89%ce%bd-%ce%bc%ce%b5-%cf%84%ce%b6%ce%ac%ce%bc%ce%b9","status":"publish","type":"product","link":"https:\/\/nicoteam.gr\/tr\/product\/289-ed-%ce%ba%ce%b1%cf%86%ce%ad-%cf%85%ce%b3%cf%81%ce%b1%ce%bd%cf%84%ce%ae%cf%81%ce%b1%cf%82-75-%cf%80%ce%bf%cf%8d%cf%81%cf%89%ce%bd-%ce%bc%ce%b5-%cf%84%ce%b6%ce%ac%ce%bc%ce%b9\/","title":{"rendered":"289-ED Kahverengi 75 caml\u0131 puro saklama kutusu"},"content":{"rendered":"","protected":false},"excerpt":{"rendered":"<p style=\"font-weight: 400;\"><b>Nemlendirici<\/b>\u00a075 \u03c0\u03bf\u03cd\u03c1\u03c9\u03bd \u03bc\u03b5 \u03c4\u03b6\u03ac\u03bc\u03b9 \u03b5\u03c0\u03ac\u03bd\u03c9 \u03b1\u03bb\u03bb\u03ac \u03ba\u03b1\u03b9 \u03bc\u03c0\u03c1\u03bf\u03c3\u03c4\u03ac. \u03a7\u03c1\u03ce\u03bc\u03b1 \u03ba\u03b1\u03c6\u03ad \u03bc\u03b5 \u03bd\u03b5\u03c1\u03ac.<br \/>\n\u039c\u03b5 \u03c8\u03b7\u03c6\u03b9\u03b1\u03ba\u03cc \u03c5\u03b3\u03c1\u03b1\u03c3\u03b9\u03cc\u03bc\u03b5\u03c4\u03c1\u03bf,\u00a0 \u03ba\u03bb\u03b5\u03b9\u03b4\u03b1\u03c1\u03b9\u03ac \u03ba\u03b1\u03b9 \u03c5\u03b3\u03c1\u03b1\u03bd\u03c4\u03b9\u03ba\u03cc \u03c3\u03c4\u03bf\u03b9\u03c7\u03b5\u03af\u03bf.<br \/>\n\u0395\u03c3\u03c9\u03c4\u03b5\u03c1\u03b9\u03ba\u03ac \u03b4\u03b9\u03b1\u03b8\u03ad\u03c4\u03b5\u03b9 \u03ad\u03bd\u03b1 \u03c1\u03b1\u03c6\u03ac\u03ba\u03b9 \u03bc\u03b5 \u03b4\u03b9\u03b1\u03c7\u03c9\u03c1\u03b9\u03c3\u03c4\u03b9\u03ba\u03cc \u03bc\u03b5 \u03c6\u03bb\u03bf\u03cd\u03b4\u03b1 \u03ba\u03ad\u03b4\u03c1\u03bf\u03c5.<br \/>\n\u039a\u03ac\u03c4\u03c9 \u03b1\u03c0\u03cc \u03c4\u03bf \u03c1\u03b1\u03c6\u03ac\u03ba\u03b9 \u03ad\u03c7\u03b5\u03b9 \u03ba\u03b1\u03b9 \u03ac\u03bb\u03bb\u03bf \u03b4\u03b9\u03b1\u03c7\u03c9\u03c1\u03b9\u03c3\u03c4\u03b9\u03ba\u03cc.<br \/>\n\u039f\u03b9 \u03c7\u03b5\u03b9\u03c1\u03bf\u03bb\u03b1\u03b2\u03ad\u03c2 \u03c4\u03bf\u03c5 \u03b5\u03af\u03bd\u03b1\u03b9 \u03b5\u03c3\u03c9\u03c4\u03b5\u03c1\u03b9\u03ba\u03ad\u03c2 \u03c3\u03b5 \u03c7\u03c1\u03c5\u03c3\u03cc \u03c7\u03c1\u03ce\u03bc\u03b1.<\/p>\n<p style=\"font-weight: 400;\">Do\u011fru kullan\u0131m\u0131na ili\u015fkin talimatlar dahildir.<\/p>\n<p style=\"font-weight: 400;\">\u0394\u03b9\u03b1\u03c3\u03c4\u03ac\u03c3\u03b5\u03b9\u03c2 \u03b5\u03ba. 37,8 * 26 * 18 \u03cd\u03c8\u03bf\u03c2<br \/>\n\u03a3\u03c5\u03c3\u03ba\u03b5\u03c5\u03b1\u03c3\u03af\u03b1 \u03c3\u03b5 \u03c3\u03ba\u03bb\u03b7\u03c1\u03cc \u03ba\u03bf\u03c5\u03c4\u03af \u03bc\u03b5 \u03b1\u03c6\u03c1\u03bf\u03bb\u03ad\u03be.<br \/>\n\u039a\u03b9\u03b2\u03ce\u03c4\u03b9\u03bf 2 \u03c4\u03b5\u03bc\u03ac\u03c7\u03b9\u03b1<\/p>","protected":false},"featured_media":15561,"template":"","meta":{"_acf_changed":false,"_kadence_starter_templates_imported_post":false,"_kad_post_transparent":"","_kad_post_title":"","_kad_post_layout":"","_kad_post_sidebar_id":"","_kad_post_content_style":"","_kad_post_vertical_padding":"","_kad_post_feature":"","_kad_post_feature_position":"","_kad_post_header":false,"_kad_post_footer":false},"product_cat":[544],"product_tag":[],"class_list":{"0":"post-15558","1":"product","2":"type-product","3":"status-publish","4":"has-post-thumbnail","6":"product_cat-ygrantires-pouron","7":"product_shipping_class-mi-kapnika","9":"first","10":"outofstock","11":"taxable","12":"shipping-taxable","13":"purchasable","14":"product-type-simple","15":"entry","16":"content-bg","17":"loop-entry"},"acf":[],"_links":{"self":[{"href":"https:\/\/nicoteam.gr\/tr\/wp-json\/wp\/v2\/product\/15558","targetHints":{"allow":["GET"]}}],"collection":[{"href":"https:\/\/nicoteam.gr\/tr\/wp-json\/wp\/v2\/product"}],"about":[{"href":"https:\/\/nicoteam.gr\/tr\/wp-json\/wp\/v2\/types\/product"}],"wp:featuredmedia":[{"embeddable":true,"href":"https:\/\/nicoteam.gr\/tr\/wp-json\/wp\/v2\/media\/15561"}],"wp:attachment":[{"href":"https:\/\/nicoteam.gr\/tr\/wp-json\/wp\/v2\/media?parent=15558"}],"wp:term":[{"taxonomy":"product_cat","embeddable":true,"href":"https:\/\/nicoteam.gr\/tr\/wp-json\/wp\/v2\/product_cat?post=15558"},{"taxonomy":"product_tag","embeddable":true,"href":"https:\/\/nicoteam.gr\/tr\/wp-json\/wp\/v2\/product_tag?post=15558"}],"curies":[{"name":"wp","href":"https:\/\/api.w.org\/{rel}","templated":true}]}}