{"id":15551,"date":"2022-03-19T10:24:40","date_gmt":"2022-03-19T08:24:40","guid":{"rendered":"https:\/\/nicoteam.gr\/?post_type=product&#038;p=15551"},"modified":"2023-08-28T10:28:26","modified_gmt":"2023-08-28T08:28:26","slug":"0917-2m-%ce%ba%ce%b1%cf%86%ce%ad-%cf%85%ce%b3%cf%81%ce%b1%ce%bd%cf%84%ce%ae%cf%81%ce%b1%cf%82-50-%cf%80%ce%bf%cf%8d%cf%81%cf%89%ce%bd","status":"publish","type":"product","link":"https:\/\/nicoteam.gr\/tr\/product\/0917-2m-%ce%ba%ce%b1%cf%86%ce%ad-%cf%85%ce%b3%cf%81%ce%b1%ce%bd%cf%84%ce%ae%cf%81%ce%b1%cf%82-50-%cf%80%ce%bf%cf%8d%cf%81%cf%89%ce%bd\/","title":{"rendered":"0917-2M 50 puro i\u00e7in Kahverengi Neme Dolab\u0131"},"content":{"rendered":"","protected":false},"excerpt":{"rendered":"<p>Mat ah\u015fap kaplamal\u0131 ve sedir i\u00e7 astarl\u0131 nemlendirici.<\/p>\n<p>\u0130ki \u00e7\u0131kar\u0131labilir b\u00f6l\u00fcc\u00fc, bir analog higrometre ve nemlendirme eleman\u0131 i\u00e7erir.<\/p>\n<p>Do\u011fru kullan\u0131m\u0131na ili\u015fkin talimatlar dahildir.<\/p>\n<p>Kapasite: 50 puro<\/p>\n<p>kahverengi renk<\/p>\n<p>\u00d6l\u00e7\u00fcler: 31*22*13 cm.<\/p>\n<p>\u0130\u00e7inde k\u00f6p\u00fck koruyucular bulunan beyaz bir kutuda paketlenmi\u015ftir.<\/p>","protected":false},"featured_media":15555,"template":"","meta":{"_acf_changed":false,"_kadence_starter_templates_imported_post":false,"_kad_post_transparent":"","_kad_post_title":"","_kad_post_layout":"","_kad_post_sidebar_id":"","_kad_post_content_style":"","_kad_post_vertical_padding":"","_kad_post_feature":"","_kad_post_feature_position":"","_kad_post_header":false,"_kad_post_footer":false},"product_cat":[544],"product_tag":[],"class_list":{"0":"post-15551","1":"product","2":"type-product","3":"status-publish","4":"has-post-thumbnail","6":"product_cat-ygrantires-pouron","7":"product_shipping_class-mi-kapnika","9":"first","10":"instock","11":"taxable","12":"shipping-taxable","13":"purchasable","14":"product-type-simple","15":"entry","16":"content-bg","17":"loop-entry"},"acf":[],"_links":{"self":[{"href":"https:\/\/nicoteam.gr\/tr\/wp-json\/wp\/v2\/product\/15551","targetHints":{"allow":["GET"]}}],"collection":[{"href":"https:\/\/nicoteam.gr\/tr\/wp-json\/wp\/v2\/product"}],"about":[{"href":"https:\/\/nicoteam.gr\/tr\/wp-json\/wp\/v2\/types\/product"}],"wp:featuredmedia":[{"embeddable":true,"href":"https:\/\/nicoteam.gr\/tr\/wp-json\/wp\/v2\/media\/15555"}],"wp:attachment":[{"href":"https:\/\/nicoteam.gr\/tr\/wp-json\/wp\/v2\/media?parent=15551"}],"wp:term":[{"taxonomy":"product_cat","embeddable":true,"href":"https:\/\/nicoteam.gr\/tr\/wp-json\/wp\/v2\/product_cat?post=15551"},{"taxonomy":"product_tag","embeddable":true,"href":"https:\/\/nicoteam.gr\/tr\/wp-json\/wp\/v2\/product_tag?post=15551"}],"curies":[{"name":"wp","href":"https:\/\/api.w.org\/{rel}","templated":true}]}}