{"id":15517,"date":"2022-03-19T10:02:23","date_gmt":"2022-03-19T08:02:23","guid":{"rendered":"https:\/\/nicoteam.gr\/?post_type=product&#038;p=15517"},"modified":"2024-07-25T19:03:08","modified_gmt":"2024-07-25T17:03:08","slug":"0559-%cf%85%ce%b3%cf%81%ce%b1%ce%bd%cf%84%ce%ae%cf%81%ce%b1%cf%82-25-%cf%80%ce%bf%cf%8d%cf%81%cf%89%ce%bd-cohiba-logo","status":"publish","type":"product","link":"https:\/\/nicoteam.gr\/tr\/product\/0559-%cf%85%ce%b3%cf%81%ce%b1%ce%bd%cf%84%ce%ae%cf%81%ce%b1%cf%82-25-%cf%80%ce%bf%cf%8d%cf%81%cf%89%ce%bd-cohiba-logo\/","title":{"rendered":"0559 Cohiba logosu 25 puro saklama kutusu"},"content":{"rendered":"","protected":false},"excerpt":{"rendered":"<p>Cohiba logosu 25 puro puro saklama kutusu parlak kaplamas\u0131 ve sedir astarl\u0131 i\u00e7 k\u0131sm\u0131.<\/p>\n<p>\u00c7\u0131kar\u0131labilir bir ay\u0131r\u0131c\u0131, analog higrometre ve nemlendirme eleman\u0131 i\u00e7erir.<\/p>\n<p>Do\u011fru kullan\u0131m\u0131na ili\u015fkin talimatlar dahildir.<\/p>\n<p>Kapasite: 25 puro<\/p>\n<p>Boyutlar: 26 X 22 X 11 cm.<\/p>\n<p>Sar\u0131 renk<\/p>","protected":false},"featured_media":15521,"template":"","meta":{"_acf_changed":false,"_kadence_starter_templates_imported_post":false,"_kad_post_transparent":"","_kad_post_title":"","_kad_post_layout":"","_kad_post_sidebar_id":"","_kad_post_content_style":"","_kad_post_vertical_padding":"","_kad_post_feature":"","_kad_post_feature_position":"","_kad_post_header":false,"_kad_post_footer":false},"product_cat":[544],"product_tag":[],"class_list":{"0":"post-15517","1":"product","2":"type-product","3":"status-publish","4":"has-post-thumbnail","6":"product_cat-ygrantires-pouron","7":"product_shipping_class-mi-kapnika","9":"first","10":"outofstock","11":"taxable","12":"shipping-taxable","13":"purchasable","14":"product-type-simple","15":"entry","16":"content-bg","17":"loop-entry"},"acf":[],"_links":{"self":[{"href":"https:\/\/nicoteam.gr\/tr\/wp-json\/wp\/v2\/product\/15517","targetHints":{"allow":["GET"]}}],"collection":[{"href":"https:\/\/nicoteam.gr\/tr\/wp-json\/wp\/v2\/product"}],"about":[{"href":"https:\/\/nicoteam.gr\/tr\/wp-json\/wp\/v2\/types\/product"}],"wp:featuredmedia":[{"embeddable":true,"href":"https:\/\/nicoteam.gr\/tr\/wp-json\/wp\/v2\/media\/15521"}],"wp:attachment":[{"href":"https:\/\/nicoteam.gr\/tr\/wp-json\/wp\/v2\/media?parent=15517"}],"wp:term":[{"taxonomy":"product_cat","embeddable":true,"href":"https:\/\/nicoteam.gr\/tr\/wp-json\/wp\/v2\/product_cat?post=15517"},{"taxonomy":"product_tag","embeddable":true,"href":"https:\/\/nicoteam.gr\/tr\/wp-json\/wp\/v2\/product_tag?post=15517"}],"curies":[{"name":"wp","href":"https:\/\/api.w.org\/{rel}","templated":true}]}}