{"id":15492,"date":"2022-03-19T09:46:27","date_gmt":"2022-03-19T07:46:27","guid":{"rendered":"https:\/\/nicoteam.gr\/?post_type=product&#038;p=15492"},"modified":"2023-12-20T18:53:29","modified_gmt":"2023-12-20T16:53:29","slug":"1487-ca-coh-%cf%85%ce%b3%cf%81%ce%b1%ce%bd%cf%84%ce%ae%cf%81%ce%b1%cf%82-25-%cf%80%ce%bf%cf%8d%cf%81%cf%89%ce%bd-cohiba-logo-carbon-fibre","status":"publish","type":"product","link":"https:\/\/nicoteam.gr\/tr\/product\/1487-ca-coh-%cf%85%ce%b3%cf%81%ce%b1%ce%bd%cf%84%ce%ae%cf%81%ce%b1%cf%82-25-%cf%80%ce%bf%cf%8d%cf%81%cf%89%ce%bd-cohiba-logo-carbon-fibre\/","title":{"rendered":"1487-CA-COH 25 Cohiba logolu Karbon Fiber puro i\u00e7in Nemlendirme Kutusu"},"content":{"rendered":"","protected":false},"excerpt":{"rendered":"<p>\u03a5\u03b3\u03c1\u03b1\u03bd\u03c4\u03ae\u03c1\u03b1\u03c2\u00a0\u03bc\u03b5 Cohiba logo \u03ba\u03b1\u03b9 \u03c3\u03c7\u03ad\u03b4\u03b9\u03bf Carbon Fibre, \u03b3\u03c5\u03b1\u03bb\u03b9\u03c3\u03c4\u03b5\u03c1\u03cc \u03c6\u03b9\u03bd\u03af\u03c1\u03b9\u03c3\u03bc\u03b1 \u03ba\u03b1\u03b9 \u03b5\u03c3\u03c9\u03c4\u03b5\u03c1\u03b9\u03ba\u03ae \u03b5\u03c0\u03ad\u03bd\u03b4\u03c5\u03c3\u03b7 \u03b1\u03c0\u03cc \u03ba\u03ad\u03b4\u03c1\u03bf.<\/p>\n<p>Dijital bir higrometre, \u00e7\u0131kar\u0131labilir bir b\u00f6l\u00fcc\u00fc ve bir nemlendirme eleman\u0131 i\u00e7erir.<\/p>\n<p>Do\u011fru kullan\u0131m\u0131na ili\u015fkin talimatlar dahildir.<\/p>\n<p>Kapasite: 25 puro<\/p>\n<p>Gri renk<\/p>\n<p>Boyutlar: 23 X 21,5 X6 y\u00fckseklik<\/p>","protected":false},"featured_media":15494,"template":"","meta":{"_acf_changed":false,"_kadence_starter_templates_imported_post":false,"_kad_post_transparent":"","_kad_post_title":"","_kad_post_layout":"","_kad_post_sidebar_id":"","_kad_post_content_style":"","_kad_post_vertical_padding":"","_kad_post_feature":"","_kad_post_feature_position":"","_kad_post_header":false,"_kad_post_footer":false},"product_cat":[544],"product_tag":[],"class_list":{"0":"post-15492","1":"product","2":"type-product","3":"status-publish","4":"has-post-thumbnail","6":"product_cat-ygrantires-pouron","7":"product_shipping_class-mi-kapnika","9":"first","10":"outofstock","11":"taxable","12":"shipping-taxable","13":"purchasable","14":"product-type-simple","15":"entry","16":"content-bg","17":"loop-entry"},"acf":[],"_links":{"self":[{"href":"https:\/\/nicoteam.gr\/tr\/wp-json\/wp\/v2\/product\/15492","targetHints":{"allow":["GET"]}}],"collection":[{"href":"https:\/\/nicoteam.gr\/tr\/wp-json\/wp\/v2\/product"}],"about":[{"href":"https:\/\/nicoteam.gr\/tr\/wp-json\/wp\/v2\/types\/product"}],"wp:featuredmedia":[{"embeddable":true,"href":"https:\/\/nicoteam.gr\/tr\/wp-json\/wp\/v2\/media\/15494"}],"wp:attachment":[{"href":"https:\/\/nicoteam.gr\/tr\/wp-json\/wp\/v2\/media?parent=15492"}],"wp:term":[{"taxonomy":"product_cat","embeddable":true,"href":"https:\/\/nicoteam.gr\/tr\/wp-json\/wp\/v2\/product_cat?post=15492"},{"taxonomy":"product_tag","embeddable":true,"href":"https:\/\/nicoteam.gr\/tr\/wp-json\/wp\/v2\/product_tag?post=15492"}],"curies":[{"name":"wp","href":"https:\/\/api.w.org\/{rel}","templated":true}]}}