{"id":15483,"date":"2022-03-19T09:41:18","date_gmt":"2022-03-19T07:41:18","guid":{"rendered":"https:\/\/nicoteam.gr\/?post_type=product&#038;p=15483"},"modified":"2023-12-20T18:57:45","modified_gmt":"2023-12-20T16:57:45","slug":"0038-bl-%ce%bc%ce%b1%cf%8d%cf%81%ce%bf%cf%82-%cf%85%ce%b3%cf%81%ce%b1%ce%bd%cf%84%ce%ae%cf%81%ce%b1%cf%82-%ce%bc%ce%b5-%cf%84%ce%b6%ce%ac%ce%bc%ce%b9-12-20ct","status":"publish","type":"product","link":"https:\/\/nicoteam.gr\/tr\/product\/0038-bl-%ce%bc%ce%b1%cf%8d%cf%81%ce%bf%cf%82-%cf%85%ce%b3%cf%81%ce%b1%ce%bd%cf%84%ce%ae%cf%81%ce%b1%cf%82-%ce%bc%ce%b5-%cf%84%ce%b6%ce%ac%ce%bc%ce%b9-12-20ct\/","title":{"rendered":"0038-BR Siyah Nemlendirici caml\u0131 12-20ct"},"content":{"rendered":"","protected":false},"excerpt":{"rendered":"<p style=\"font-weight: 400;\"><b>Nemlendirici\u00a0<\/b>caml\u0131, mat y\u00fczeyli ve sedir i\u00e7 astarl\u0131 puro kutusu.<\/p>\n<p style=\"font-weight: 400;\">\u00c7\u0131kar\u0131labilir bir b\u00f6l\u00fcc\u00fc, bir analog higrometre ve bir nemlendirme eleman\u0131 i\u00e7erir.<\/p>\n<p style=\"font-weight: 400;\">Do\u011fru kullan\u0131m\u0131na ili\u015fkin talimatlar dahildir.<\/p>\n<p style=\"font-weight: 400;\">Boyutlar: 260*220*65mm<\/p>\n<p style=\"font-weight: 400;\">kahverengi renk<\/p>","protected":false},"featured_media":53552,"template":"","meta":{"_acf_changed":false,"_kadence_starter_templates_imported_post":false,"_kad_post_transparent":"","_kad_post_title":"","_kad_post_layout":"","_kad_post_sidebar_id":"","_kad_post_content_style":"","_kad_post_vertical_padding":"","_kad_post_feature":"","_kad_post_feature_position":"","_kad_post_header":false,"_kad_post_footer":false},"product_cat":[544],"product_tag":[],"class_list":{"0":"post-15483","1":"product","2":"type-product","3":"status-publish","4":"has-post-thumbnail","6":"product_cat-ygrantires-pouron","7":"product_shipping_class-mi-kapnika","9":"first","10":"instock","11":"taxable","12":"shipping-taxable","13":"purchasable","14":"product-type-simple","15":"entry","16":"content-bg","17":"loop-entry"},"acf":[],"_links":{"self":[{"href":"https:\/\/nicoteam.gr\/tr\/wp-json\/wp\/v2\/product\/15483","targetHints":{"allow":["GET"]}}],"collection":[{"href":"https:\/\/nicoteam.gr\/tr\/wp-json\/wp\/v2\/product"}],"about":[{"href":"https:\/\/nicoteam.gr\/tr\/wp-json\/wp\/v2\/types\/product"}],"wp:featuredmedia":[{"embeddable":true,"href":"https:\/\/nicoteam.gr\/tr\/wp-json\/wp\/v2\/media\/53552"}],"wp:attachment":[{"href":"https:\/\/nicoteam.gr\/tr\/wp-json\/wp\/v2\/media?parent=15483"}],"wp:term":[{"taxonomy":"product_cat","embeddable":true,"href":"https:\/\/nicoteam.gr\/tr\/wp-json\/wp\/v2\/product_cat?post=15483"},{"taxonomy":"product_tag","embeddable":true,"href":"https:\/\/nicoteam.gr\/tr\/wp-json\/wp\/v2\/product_tag?post=15483"}],"curies":[{"name":"wp","href":"https:\/\/api.w.org\/{rel}","templated":true}]}}