{"id":15404,"date":"2022-03-18T09:45:05","date_gmt":"2022-03-18T07:45:05","guid":{"rendered":"https:\/\/nicoteam.gr\/?post_type=product&#038;p=15404"},"modified":"2023-08-28T10:28:29","modified_gmt":"2023-08-28T08:28:29","slug":"%ce%ba%ce%b5%cf%81%ce%b1%ce%bc%ce%b9%ce%ba%cf%8c-%cf%83%cf%84%ce%b1%cf%87%cf%84%ce%bf%ce%b4%ce%bf%cf%87%ce%b5%ce%af%ce%bf-%cf%80%ce%bf%cf%8d%cf%81%ce%bf%cf%85-cohiba-2","status":"publish","type":"product","link":"https:\/\/nicoteam.gr\/tr\/product\/%ce%ba%ce%b5%cf%81%ce%b1%ce%bc%ce%b9%ce%ba%cf%8c-%cf%83%cf%84%ce%b1%cf%87%cf%84%ce%bf%ce%b4%ce%bf%cf%87%ce%b5%ce%af%ce%bf-%cf%80%ce%bf%cf%8d%cf%81%ce%bf%cf%85-cohiba-2\/","title":{"rendered":"Cohiba Seramik Puro K\u00fcll\u00fc\u011f\u00fc"},"content":{"rendered":"","protected":false},"excerpt":{"rendered":"<p>3 puro i\u00e7in \u00fc\u00e7gen \u015fekilli, parlak sar\u0131 renkte ve Cohiba&#039;n\u0131n 50 y\u0131l\u0131 logolu seramik k\u00fcll\u00fck.<\/p>\n<p>Boyutlar: 15x16x3cm<\/p>","protected":false},"featured_media":15405,"template":"","meta":{"_acf_changed":false,"_kadence_starter_templates_imported_post":false,"_kad_post_transparent":"","_kad_post_title":"","_kad_post_layout":"","_kad_post_sidebar_id":"","_kad_post_content_style":"","_kad_post_vertical_padding":"","_kad_post_feature":"","_kad_post_feature_position":"","_kad_post_header":false,"_kad_post_footer":false},"product_cat":[543],"product_tag":[],"class_list":{"0":"post-15404","1":"product","2":"type-product","3":"status-publish","4":"has-post-thumbnail","6":"product_cat-cigar-ashtray","7":"product_shipping_class-mi-kapnika","9":"first","10":"instock","11":"taxable","12":"shipping-taxable","13":"purchasable","14":"product-type-simple","15":"entry","16":"content-bg","17":"loop-entry"},"acf":[],"_links":{"self":[{"href":"https:\/\/nicoteam.gr\/tr\/wp-json\/wp\/v2\/product\/15404","targetHints":{"allow":["GET"]}}],"collection":[{"href":"https:\/\/nicoteam.gr\/tr\/wp-json\/wp\/v2\/product"}],"about":[{"href":"https:\/\/nicoteam.gr\/tr\/wp-json\/wp\/v2\/types\/product"}],"wp:featuredmedia":[{"embeddable":true,"href":"https:\/\/nicoteam.gr\/tr\/wp-json\/wp\/v2\/media\/15405"}],"wp:attachment":[{"href":"https:\/\/nicoteam.gr\/tr\/wp-json\/wp\/v2\/media?parent=15404"}],"wp:term":[{"taxonomy":"product_cat","embeddable":true,"href":"https:\/\/nicoteam.gr\/tr\/wp-json\/wp\/v2\/product_cat?post=15404"},{"taxonomy":"product_tag","embeddable":true,"href":"https:\/\/nicoteam.gr\/tr\/wp-json\/wp\/v2\/product_tag?post=15404"}],"curies":[{"name":"wp","href":"https:\/\/api.w.org\/{rel}","templated":true}]}}