{"id":15309,"date":"2022-03-15T13:01:37","date_gmt":"2022-03-15T11:01:37","guid":{"rendered":"https:\/\/nicoteam.gr\/?post_type=product&#038;p=15309"},"modified":"2025-05-12T13:09:18","modified_gmt":"2025-05-12T11:09:18","slug":"%cf%80%ce%af%cf%80%ce%b1-%cf%84%cf%83%ce%b9%ce%b3%ce%ac%cf%81%ce%bf%cf%85-friend-holder-mini-8mm-310-%ce%bc%ce%b1%cf%85%cf%81%ce%b7","status":"publish","type":"product","link":"https:\/\/nicoteam.gr\/tr\/product\/%cf%80%ce%af%cf%80%ce%b1-%cf%84%cf%83%ce%b9%ce%b3%ce%ac%cf%81%ce%bf%cf%85-friend-holder-mini-8mm-310-%ce%bc%ce%b1%cf%85%cf%81%ce%b7\/","title":{"rendered":"Sigara Piposu ARKADA\u015e TUTUCU MINI 8mm 310 S\u0130YAH"},"content":{"rendered":"<p>\u0397 \u03c0\u03af\u03c0\u03b1 \u03c4\u03c3\u03b9\u03b3\u03ac\u03c1\u03bf\u03c5 FRIEND HOLDER MINI 8mm 310 \u03b5\u03af\u03bd\u03b1\u03b9 \u03b3\u03b9\u03b1 \u03b1\u03c0\u03b5\u03c1\u03b9\u03cc\u03c1\u03b9\u03c3\u03c4\u03b5\u03c2 \u03c7\u03c1\u03ae\u03c3\u03b5\u03b9\u03c2 \u03ba\u03b1\u03b9 \u03c3\u03c5\u03bc\u03b2\u03b1\u03c4\u03ae \u03bc\u03b5 \u03ba\u03b1\u03bd\u03bf\u03bd\u03b9\u03ba\u03cc \u03ba\u03b1\u03b9 \u03c3\u03c4\u03c1\u03b9\u03c6\u03c4\u03cc \u03c4\u03c3\u03b9\u03b3\u03ac\u03c1\u03bf 8mm.\u00a0\u0395\u03af\u03bd\u03b1\u03b9\u00a0\u03bc\u03b5\u03c4\u03b1\u03bb\u03bb\u03b9\u03ba\u03ae \u03ba\u03b1\u03b9 \u03c4\u03bf \u03b5\u03c0\u03b9\u03c3\u03c4\u03cc\u03bc\u03b9\u03bf \u03b1\u03c0\u03cc \u03b2\u03b1\u03ba\u03b5\u03bb\u03af\u03c4\u03b7. \u0395\u03af\u03bd\u03b1\u03b9 \u03c3\u03c5\u03bc\u03b2\u03b1\u03c4\u03ae \u03bc\u03b5 \u03c4\u03b1 \u03b1\u03bd\u03c4\u03b1\u03bb\u03bb\u03b1\u03ba\u03c4\u03b9\u03ba\u03ac \u03c6\u03af\u03bb\u03c4\u03c1\u03b1\u00a0\u00a0FRIEND HOLDER.<\/p>\n<p>T\u03bf \u03ba\u03ac\u03b8\u03b5 \u03c6\u03af\u03bb\u03c4\u03c1\u03bf \u03c4\u03bf \u03c7\u03c1\u03b7\u03c3\u03b9\u03bc\u03bf\u03c0\u03bf\u03b9\u03bf\u03cd\u03bc\u03b5 \u03c0\u03b5\u03c1\u03af\u03c0\u03bf\u03c5 8-10 \u03c7\u03c1\u03ae\u03c3\u03b5\u03b9\u03c2 (\u03b1\u03bd\u03ac\u03bb\u03bf\u03b3\u03b1 \u03c4\u03b7\u03bd \u03c0\u03b5\u03c1\u03b9\u03b5\u03ba\u03c4\u03b9\u03ba\u03cc\u03c4\u03b7\u03c4\u03b1 \u03c4\u03bf\u03c5 \u03c4\u03c3\u03b9\u03b3\u03ac\u03c1\u03bf\u03c5 \u03c3\u03b5 \u03c0\u03af\u03c3\u03c3\u03b1, \u03bd\u03b9\u03ba\u03bf\u03c4\u03af\u03bd\u03b7 \u03ba\u03b1\u03b9 \u03c5\u03b3\u03c1\u03b1\u03c3\u03af\u03b1)<\/p>\n<p>\u03a4\u03bf \u03bc\u03ae\u03ba\u03bf\u03c2 \u03c4\u03b7\u03c2 \u03b5\u03af\u03bd\u03b1\u03b9 5cm.<\/p>\n<p>\u039a\u03b1\u03c4\u03b1\u03c3\u03ba\u03b5\u03c5\u03ac\u03b6\u03b5\u03c4\u03b1\u03b9 \u03c3\u03c4\u03b7\u03bd \u0399\u03b1\u03c0\u03c9\u03bd\u03af\u03b1.<\/p>\n<p>\u0397 \u03c3\u03c5\u03c3\u03ba\u03b5\u03c5\u03b1\u03c3\u03af\u03b1 \u03c0\u03b5\u03c1\u03b9\u03bb\u03b1\u03bc\u03b2\u03ac\u03bd\u03b5\u03b9:<\/p>\n<ul>\n<li>1 \u03c0\u03af\u03c0\u03b1 \u03c4\u03c3\u03b9\u03b3\u03ac\u03c1\u03bf\u03c5<\/li>\n<li>6 \u03b5\u03c0\u03b9\u03c0\u03bb\u03ad\u03bf\u03bd \u03b1\u03bd\u03c4\u03b1\u03bb\u03bb\u03b1\u03ba\u03c4\u03b9\u03ba\u03ac \u03c0\u03c1\u03ac\u03c3\u03b9\u03bd\u03b1 \u03c6\u03af\u03bb\u03c4\u03c1\u03b1<\/li>\n<\/ul>","protected":false},"excerpt":{"rendered":"<p>FRIEND HOLDER MINI 8mm 310 sigara borusu (Japonya&#039;da \u00fcretilmi\u015ftir), normal ve b\u00fck\u00fcml\u00fc 8mm sigaralarla uyumludur.<\/p>\n<p>Siyah renkte mevcuttur.<\/p>","protected":false},"featured_media":15310,"template":"","meta":{"_acf_changed":false,"_kadence_starter_templates_imported_post":false,"_kad_post_transparent":"","_kad_post_title":"","_kad_post_layout":"","_kad_post_sidebar_id":"","_kad_post_content_style":"","_kad_post_vertical_padding":"","_kad_post_feature":"","_kad_post_feature_position":"","_kad_post_header":false,"_kad_post_footer":false},"product_cat":[898],"product_tag":[],"class_list":{"0":"post-15309","1":"product","2":"type-product","3":"status-publish","4":"has-post-thumbnail","6":"product_cat-pipes-tsigarou","7":"product_shipping_class-mi-kapnika","9":"first","10":"outofstock","11":"taxable","12":"shipping-taxable","13":"purchasable","14":"product-type-simple","15":"entry","16":"content-bg","17":"loop-entry"},"acf":[],"_links":{"self":[{"href":"https:\/\/nicoteam.gr\/tr\/wp-json\/wp\/v2\/product\/15309","targetHints":{"allow":["GET"]}}],"collection":[{"href":"https:\/\/nicoteam.gr\/tr\/wp-json\/wp\/v2\/product"}],"about":[{"href":"https:\/\/nicoteam.gr\/tr\/wp-json\/wp\/v2\/types\/product"}],"wp:featuredmedia":[{"embeddable":true,"href":"https:\/\/nicoteam.gr\/tr\/wp-json\/wp\/v2\/media\/15310"}],"wp:attachment":[{"href":"https:\/\/nicoteam.gr\/tr\/wp-json\/wp\/v2\/media?parent=15309"}],"wp:term":[{"taxonomy":"product_cat","embeddable":true,"href":"https:\/\/nicoteam.gr\/tr\/wp-json\/wp\/v2\/product_cat?post=15309"},{"taxonomy":"product_tag","embeddable":true,"href":"https:\/\/nicoteam.gr\/tr\/wp-json\/wp\/v2\/product_tag?post=15309"}],"curies":[{"name":"wp","href":"https:\/\/api.w.org\/{rel}","templated":true}]}}