{"id":15246,"date":"2022-03-15T10:34:08","date_gmt":"2022-03-15T08:34:08","guid":{"rendered":"https:\/\/nicoteam.gr\/?post_type=product&#038;p=15246"},"modified":"2024-12-30T14:45:04","modified_gmt":"2024-12-30T12:45:04","slug":"eleaf-istick-pico-baby-kit-1050mah","status":"publish","type":"product","link":"https:\/\/nicoteam.gr\/tr\/product\/eleaf-istick-pico-baby-kit-1050mah\/","title":{"rendered":"ELEAF ISTICK PICO BEBEK SET\u0130 1050mAh"},"content":{"rendered":"<p>\u0398\u03b1 \u03b5\u03af\u03bd\u03b1\u03b9 \u03bc\u03b9\u03b1 \u03ba\u03b1\u03bb\u03ae \u03b5\u03c0\u03b9\u03bb\u03bf\u03b3\u03ae \u03ba\u03b1\u03b9 \u03b3\u03b9\u03b1 \u03b1\u03c1\u03c7\u03ac\u03c1\u03b9\u03bf\u03c5\u03c2, \u03ba\u03b1\u03b8\u03ce\u03c2 \u03b4\u03b5\u03bd \u03b1\u03c0\u03b1\u03b9\u03c4\u03b5\u03af \u03c0\u03b5\u03c1\u03af\u03c0\u03bb\u03bf\u03ba\u03b5\u03c2 \u03c1\u03c5\u03b8\u03bc\u03af\u03c3\u03b5\u03b9\u03c2.\u00a0\u0391\u03c0\u03bb\u03ce\u03c2 \u03c6\u03bf\u03c1\u03c4\u03af\u03c3\u03c4\u03b5 \u03c4\u03bf, \u03b3\u03b5\u03bc\u03af\u03c3\u03c4\u03b5 \u03c4\u03bf \u03ba\u03b1\u03b9 \u03bc\u03c0\u03bf\u03c1\u03b5\u03af\u03c4\u03b5 \u03bd\u03b1 \u03b1\u03c4\u03bc\u03af\u03c3\u03b5\u03c4\u03b5.\u00a0\u03a4\u03bf \u03c0\u03c1\u03b1\u03ba\u03c4\u03b9\u03ba\u03ac \u03c4\u03bf\u03c0\u03bf\u03b8\u03b5\u03c4\u03b7\u03bc\u03ad\u03bd\u03bf \u03ba\u03bf\u03c5\u03bc\u03c0\u03af \u03c0\u03b1\u03c4\u03b9\u03ad\u03c4\u03b1\u03b9 \u03b5\u03cd\u03ba\u03bf\u03bb\u03b1 \u03ba\u03b1\u03b9 \u03c7\u03c1\u03b7\u03c3\u03b9\u03bc\u03bf\u03c0\u03bf\u03b9\u03b5\u03af\u03c4\u03b1\u03b9 \u03b5\u03c0\u03af\u03c3\u03b7\u03c2 \u03b3\u03b9\u03b1 \u03c4\u03bf \u03ba\u03bb\u03b5\u03af\u03b4\u03c9\u03bc\u03b1 \u03ba\u03b1\u03b9 \u03c4\u03bf \u03be\u03b5\u03ba\u03bb\u03b5\u03af\u03b4\u03c9\u03bc\u03b1 \u03c4\u03bf\u03c5 \u03b7\u03bb\u03b5\u03ba\u03c4\u03c1\u03bf\u03bd\u03b9\u03ba\u03bf\u03cd \u03c4\u03c3\u03b9\u03b3\u03ac\u03c1\u03bf\u03c5.\u00a0\u03a4\u03bf clearomizer \u03b5\u03b9\u03c3\u03ac\u03b3\u03b5\u03c4\u03b1\u03b9 \u03c3\u03c4\u03bf \u03c3\u03ce\u03bc\u03b1 \u03c4\u03b7\u03c2 \u03bc\u03c0\u03b1\u03c4\u03b1\u03c1\u03af\u03b1\u03c2 \u03bc\u03b5 \u03c4\u03bf \u03bf\u03c0\u03bf\u03af\u03bf \u03b5\u03af\u03bd\u03b1\u03b9 \u03c3\u03c5\u03bd\u03b4\u03b5\u03b4\u03b5\u03bc\u03ad\u03bd\u03bf \u03bc\u03b5 \u03b5\u03b9\u03b4\u03b9\u03ba\u03cc \u03bc\u03b1\u03b3\u03bd\u03b7\u03c4\u03b9\u03ba\u03cc \u03c3\u03cd\u03bd\u03b4\u03b5\u03c3\u03bc\u03bf.\u00a0\u0397 \u03c5\u03c0\u03bf\u03bb\u03b5\u03b9\u03c0\u03cc\u03bc\u03b5\u03bd\u03b7 \u03c7\u03c9\u03c1\u03b7\u03c4\u03b9\u03ba\u03cc\u03c4\u03b7\u03c4\u03b1 \u03c4\u03b7\u03c2 \u03bc\u03c0\u03b1\u03c4\u03b1\u03c1\u03af\u03b1\u03c2 \u03c4\u03b7\u03c2 \u03b5\u03bd\u03c3\u03c9\u03bc\u03b1\u03c4\u03c9\u03bc\u03ad\u03bd\u03b7\u03c2 \u03bc\u03c0\u03b1\u03c4\u03b1\u03c1\u03af\u03b1\u03c2 \u03b5\u03bc\u03c6\u03b1\u03bd\u03af\u03b6\u03b5\u03c4\u03b1\u03b9 \u03bc\u03b5 \u03ad\u03bd\u03b1 LED \u03c0\u03bf\u03c5 \u03b1\u03bd\u03b1\u03b2\u03bf\u03c3\u03b2\u03ae\u03bd\u03b5\u03b9.\u00a0\u0397 \u03bc\u03c0\u03b1\u03c4\u03b1\u03c1\u03af\u03b1 \u03c6\u03bf\u03c1\u03c4\u03af\u03b6\u03b5\u03c4\u03b1\u03b9 \u03b5\u03cd\u03ba\u03bf\u03bb\u03b1 \u03ba\u03b1\u03b9 \u03b3\u03c1\u03ae\u03b3\u03bf\u03c1\u03b1 \u03bc\u03ad\u03c3\u03c9 \u03c4\u03b7\u03c2 \u03b8\u03cd\u03c1\u03b1\u03c2 micro USB.<\/p>\n<p>\u0394\u03b9\u03b1\u03c3\u03c4\u03ac\u03c3\u03b5\u03b9\u03c2: 75mm x 41mm x 23mm<br \/>\n\u0399\u03c3\u03c7\u03cd\u03c2 \u03b5\u03be\u03cc\u03b4\u03bf\u03c5: \u03bc\u03ad\u03b3.\u00a025W<br \/>\n\u03a5\u03c0\u03bf\u03c3\u03c4\u03b7\u03c1\u03b9\u03b6\u03cc\u03bc\u03b5\u03bd\u03b7 \u03b1\u03bd\u03c4\u03af\u03c3\u03c4\u03b1\u03c3\u03b7: 0,4\u03a9-3\u03a9<br \/>\n\u039c\u03c0\u03b1\u03c4\u03b1\u03c1\u03af\u03b1: 1050mAh<br \/>\n\u03a6\u03cc\u03c1\u03c4\u03b9\u03c3\u03b7: \u0398\u03cd\u03c1\u03b1 micro USB<br \/>\n\u039d\u03ae\u03bc\u03b1: \u03bc\u03b1\u03b3\u03bd\u03b7\u03c4\u03b9\u03ba\u03cc\u03c2 \u03c3\u03cd\u03bd\u03b4\u03b5\u03c3\u03bc\u03bf\u03c2<br \/>\n\u0394\u03b9\u03ac\u03bc\u03b5\u03c4\u03c1\u03bf\u03c2 \u03b4\u03bf\u03c7\u03b5\u03af\u03bf\u03c5: 16,5mm<br \/>\n\u038c\u03b3\u03ba\u03bf\u03c2: 2ml<\/p>","protected":false},"excerpt":{"rendered":"<p>Eleaf Pico serisinin ana \u00f6zelliklerinden biri her zaman k\u00fc\u00e7\u00fck boyutlar\u0131 olmu\u015ftur; bu sayede elektronik sigara sadece tutmas\u0131 rahat olmakla kalm\u0131yor, her \u015feyden \u00f6nce onu her yere yan\u0131n\u0131zda g\u00f6t\u00fcrebiliyorsunuz \u00e7\u00fcnk\u00fc neredeyse her cebe s\u0131\u011fabiliyor. Bu serinin yeni \u00fcyesine iStick Pico Baby ad\u0131 veriliyor ve ger\u00e7ekten minyat\u00fcr bir cihaz. 2ml temizleyici ve 1050mAh pil ile Pico Baby, zay\u0131f sigara i\u00e7enler ve yedekleme cihazlar\u0131 i\u00e7in idealdir.<\/p>","protected":false},"featured_media":15250,"template":"","meta":{"_acf_changed":false,"_kadence_starter_templates_imported_post":false,"_kad_post_transparent":"","_kad_post_title":"","_kad_post_layout":"","_kad_post_sidebar_id":"","_kad_post_content_style":"","_kad_post_vertical_padding":"","_kad_post_feature":"","_kad_post_feature_position":"","_kad_post_header":false,"_kad_post_footer":false},"product_cat":[512],"product_tag":[],"class_list":{"0":"post-15246","1":"product","2":"type-product","3":"status-publish","4":"has-post-thumbnail","6":"product_cat-ensomatomeni-mpataria-kits","7":"product_shipping_class-mi-kapnika","9":"first","10":"instock","11":"taxable","12":"shipping-taxable","13":"purchasable","14":"product-type-variable","15":"entry","16":"content-bg","17":"loop-entry"},"acf":[],"_links":{"self":[{"href":"https:\/\/nicoteam.gr\/tr\/wp-json\/wp\/v2\/product\/15246","targetHints":{"allow":["GET"]}}],"collection":[{"href":"https:\/\/nicoteam.gr\/tr\/wp-json\/wp\/v2\/product"}],"about":[{"href":"https:\/\/nicoteam.gr\/tr\/wp-json\/wp\/v2\/types\/product"}],"wp:featuredmedia":[{"embeddable":true,"href":"https:\/\/nicoteam.gr\/tr\/wp-json\/wp\/v2\/media\/15250"}],"wp:attachment":[{"href":"https:\/\/nicoteam.gr\/tr\/wp-json\/wp\/v2\/media?parent=15246"}],"wp:term":[{"taxonomy":"product_cat","embeddable":true,"href":"https:\/\/nicoteam.gr\/tr\/wp-json\/wp\/v2\/product_cat?post=15246"},{"taxonomy":"product_tag","embeddable":true,"href":"https:\/\/nicoteam.gr\/tr\/wp-json\/wp\/v2\/product_tag?post=15246"}],"curies":[{"name":"wp","href":"https:\/\/api.w.org\/{rel}","templated":true}]}}