{"id":15223,"date":"2022-03-15T09:39:25","date_gmt":"2022-03-15T07:39:25","guid":{"rendered":"https:\/\/nicoteam.gr\/?post_type=product&#038;p=15223"},"modified":"2023-08-28T10:18:56","modified_gmt":"2023-08-28T08:18:56","slug":"artery-pal-2-kit","status":"publish","type":"product","link":"https:\/\/nicoteam.gr\/tr\/product\/artery-pal-2-kit\/","title":{"rendered":"ARTER PAL 2 K\u0130T\u0130"},"content":{"rendered":"<div class=\"woocommerce-product-details__short-description\">\n<p><strong>\u039a\u03b1\u03b9 \u03c4\u03bf \u03bd\u03ad\u03bf Artery PAL II \u03ad\u03c7\u03b5\u03b9 \u03ba\u03ac\u03c0\u03bf\u03b9\u03b5\u03c2 \u03b2\u03b5\u03bb\u03c4\u03b9\u03ce\u03c3\u03b5\u03b9\u03c2 \u03c3\u03c4\u03b7 \u03bb\u03b5\u03b9\u03c4\u03bf\u03c5\u03c1\u03b3\u03af\u03b1 \u03c4\u03c9\u03bd \u03bc\u03b1\u03b3\u03bd\u03b7\u03c4\u03ce\u03bd.\u00a0\u039f\u03b9 \u03b4\u03cd\u03bf \u03bc\u03b1\u03b3\u03bd\u03ae\u03c4\u03b5\u03c2 \u03b2\u03c1\u03af\u03c3\u03ba\u03bf\u03bd\u03c4\u03b1\u03b9 \u03c0\u03af\u03c3\u03c9 \u03b1\u03c0\u03cc \u03c4\u03bf \u03ba\u03ac\u03bb\u03c5\u03bc\u03bc\u03b1 \u03c0\u03bf\u03c5 \u03b8\u03b1 \u03b1\u03c0\u03bf\u03c4\u03c1\u03ad\u03c8\u03bf\u03c5\u03bd \u03c4\u03b1 \u03c0\u03c1\u03bf\u03b2\u03bb\u03ae\u03bc\u03b1\u03c4\u03b1 \u03c0\u03c4\u03ce\u03c3\u03b7\u03c2 \u03c4\u03c9\u03bd \u03bc\u03b1\u03b3\u03bd\u03b7\u03c4\u03ce\u03bd.\u00a0<\/strong>\u0395\u03c0\u03b9\u03c0\u03bb\u03ad\u03bf\u03bd, \u03c4\u03bf \u03ba\u03b9\u03c4 Artery PAL 2 \u03c3\u03c5\u03bd\u03bf\u03b4\u03b5\u03cd\u03b5\u03c4\u03b1\u03b9 \u03b1\u03c0\u03cc \u03b4\u03cd\u03bf \u03b5\u03be\u03b1\u03b9\u03c1\u03b5\u03c4\u03b9\u03ba\u03ac \u03c0\u03b7\u03bd\u03af\u03b1, \u03ba\u03b1\u03bd\u03bf\u03bd\u03b9\u03ba\u03cc \u03c0\u03b7\u03bd\u03af\u03bf MTL 1,0 ohm \u03ba\u03b1\u03b9 \u03c0\u03b7\u03bd\u03af\u03bf \u03c0\u03bb\u03ad\u03b3\u03bc\u03b1\u03c4\u03bf\u03c2 0,6 ohm, \u03b3\u03b9\u03b1 \u03b5\u03be\u03b1\u03b9\u03c1\u03b5\u03c4\u03b9\u03ba\u03ae \u03b3\u03b5\u03cd\u03c3\u03b7 \u03ba\u03b1\u03b9 \u03b1\u03be\u03b9\u03bf\u03c0\u03c1\u03b5\u03c0\u03ae \u03c0\u03b1\u03c1\u03b1\u03b3\u03c9\u03b3\u03ae \u03b1\u03c4\u03bc\u03bf\u03cd.\u00a0\u03a4\u03bf \u03ba\u03b1\u03b9\u03bd\u03bf\u03c4\u03cc\u03bc\u03bf \u03c3\u03cd\u03c3\u03c4\u03b7\u03bc\u03b1 \u03b1\u03bd\u03b1\u03c0\u03bb\u03ae\u03c1\u03c9\u03c3\u03b7\u03c2 slide \u03b1\u03bd\u03b1\u03b2\u03b1\u03b8\u03bc\u03af\u03b6\u03b5\u03b9 \u03c4\u03b7 \u03b3\u03ad\u03bc\u03b9\u03c3\u03b7 \u03c7\u03c5\u03bc\u03bf\u03cd \u03c3\u03b5 \u03bd\u03ad\u03bf \u03b5\u03c0\u03af\u03c0\u03b5\u03b4\u03bf!\u00a0\u03a3\u03c5\u03bc\u03c0\u03b1\u03b3\u03ad\u03c2 \u03b1\u03bb\u03bb\u03ac \u03bb\u03b5\u03b9\u03c4\u03bf\u03c5\u03c1\u03b3\u03b9\u03ba\u03cc, \u03c4\u03bf Artery PAL 2 \u03b8\u03b1 \u03b3\u03af\u03bd\u03b5\u03b9 \u03c3\u03af\u03b3\u03bf\u03c5\u03c1\u03b1 \u03c4\u03bf VAPING PAL \u03c3\u03b1\u03c2!<\/p>\n<\/div>","protected":false},"excerpt":{"rendered":"<p>\u03a4\u03bf\u00a0\u00a0<strong>Arter PAL II Ba\u015flang\u0131\u00e7 Kiti\u00a0<\/strong>\u00a0Tony B ve Artery&#039;den yeni bir i\u015fbirli\u011fi cihaz\u0131! Kart tutucudan ilham alan PAL 2 incedir ve elinizde ta\u015f\u0131nabilir. 3ml\/2ml likit kapasitesi ve dahili 1000mAh bataryas\u0131 ile \u00e7ok uzun s\u00fcre elektronik sigara kullanabilece\u011finiz anlam\u0131na gelir.<\/p>","protected":false},"featured_media":15227,"template":"","meta":{"_acf_changed":false,"_kadence_starter_templates_imported_post":false,"_kad_post_transparent":"","_kad_post_title":"","_kad_post_layout":"","_kad_post_sidebar_id":"","_kad_post_content_style":"","_kad_post_vertical_padding":"","_kad_post_feature":"","_kad_post_feature_position":"","_kad_post_header":false,"_kad_post_footer":false},"product_cat":[512],"product_tag":[],"class_list":{"0":"post-15223","1":"product","2":"type-product","3":"status-publish","4":"has-post-thumbnail","6":"product_cat-ensomatomeni-mpataria-kits","7":"product_shipping_class-mi-kapnika","9":"first","10":"instock","11":"taxable","12":"shipping-taxable","13":"purchasable","14":"product-type-variable","15":"entry","16":"content-bg","17":"loop-entry"},"acf":[],"_links":{"self":[{"href":"https:\/\/nicoteam.gr\/tr\/wp-json\/wp\/v2\/product\/15223","targetHints":{"allow":["GET"]}}],"collection":[{"href":"https:\/\/nicoteam.gr\/tr\/wp-json\/wp\/v2\/product"}],"about":[{"href":"https:\/\/nicoteam.gr\/tr\/wp-json\/wp\/v2\/types\/product"}],"wp:featuredmedia":[{"embeddable":true,"href":"https:\/\/nicoteam.gr\/tr\/wp-json\/wp\/v2\/media\/15227"}],"wp:attachment":[{"href":"https:\/\/nicoteam.gr\/tr\/wp-json\/wp\/v2\/media?parent=15223"}],"wp:term":[{"taxonomy":"product_cat","embeddable":true,"href":"https:\/\/nicoteam.gr\/tr\/wp-json\/wp\/v2\/product_cat?post=15223"},{"taxonomy":"product_tag","embeddable":true,"href":"https:\/\/nicoteam.gr\/tr\/wp-json\/wp\/v2\/product_tag?post=15223"}],"curies":[{"name":"wp","href":"https:\/\/api.w.org\/{rel}","templated":true}]}}