{"id":15199,"date":"2022-03-14T12:42:51","date_gmt":"2022-03-14T10:42:51","guid":{"rendered":"https:\/\/nicoteam.gr\/?post_type=product&#038;p=15199"},"modified":"2023-08-28T10:37:22","modified_gmt":"2023-08-28T08:37:22","slug":"bunnahabhain-12-years-old-700ml","status":"publish","type":"product","link":"https:\/\/nicoteam.gr\/tr\/product\/bunnahabhain-12-years-old-700ml\/","title":{"rendered":"Bunnahabhain 12 Ya\u015f\u0131nda 700ml"},"content":{"rendered":"","protected":false},"excerpt":{"rendered":"<p>Bunnahabhain 12 y\u0131l 70 cl, Sherry ve burbon f\u0131\u00e7\u0131lar\u0131nda 12 y\u0131l y\u0131lland\u0131r\u0131lan m\u00fckemmel bir tek malt \u0130sko\u00e7 viskisi kayna\u011f\u0131d\u0131r.<\/p>","protected":false},"featured_media":0,"template":"","meta":{"_acf_changed":false,"_kadence_starter_templates_imported_post":false,"_kad_post_transparent":"","_kad_post_title":"","_kad_post_layout":"","_kad_post_sidebar_id":"","_kad_post_content_style":"","_kad_post_vertical_padding":"","_kad_post_feature":"","_kad_post_feature_position":"","_kad_post_header":false,"_kad_post_footer":false},"product_cat":[501],"product_tag":[],"class_list":{"0":"post-15199","1":"product","2":"type-product","3":"status-publish","5":"product_cat-viskey","6":"product_shipping_class-mi-kapnika","8":"first","9":"instock","10":"taxable","11":"shipping-taxable","12":"purchasable","13":"product-type-simple","14":"entry","15":"content-bg","16":"loop-entry"},"acf":[],"_links":{"self":[{"href":"https:\/\/nicoteam.gr\/tr\/wp-json\/wp\/v2\/product\/15199","targetHints":{"allow":["GET"]}}],"collection":[{"href":"https:\/\/nicoteam.gr\/tr\/wp-json\/wp\/v2\/product"}],"about":[{"href":"https:\/\/nicoteam.gr\/tr\/wp-json\/wp\/v2\/types\/product"}],"wp:attachment":[{"href":"https:\/\/nicoteam.gr\/tr\/wp-json\/wp\/v2\/media?parent=15199"}],"wp:term":[{"taxonomy":"product_cat","embeddable":true,"href":"https:\/\/nicoteam.gr\/tr\/wp-json\/wp\/v2\/product_cat?post=15199"},{"taxonomy":"product_tag","embeddable":true,"href":"https:\/\/nicoteam.gr\/tr\/wp-json\/wp\/v2\/product_tag?post=15199"}],"curies":[{"name":"wp","href":"https:\/\/api.w.org\/{rel}","templated":true}]}}