{"id":15192,"date":"2022-03-14T12:22:45","date_gmt":"2022-03-14T10:22:45","guid":{"rendered":"https:\/\/nicoteam.gr\/?post_type=product&#038;p=15192"},"modified":"2023-08-28T10:37:23","modified_gmt":"2023-08-28T08:37:23","slug":"rum-nation-barbados-10-year-old-rum-2001","status":"publish","type":"product","link":"https:\/\/nicoteam.gr\/tr\/product\/rum-nation-barbados-10-year-old-rum-2001\/","title":{"rendered":"Rum Nation Barbados 10 Ya\u015f\u0131ndaki Rum (2001)"},"content":{"rendered":"","protected":false},"excerpt":{"rendered":"<p><span>\u03a4\u03bf\u00a0<\/span><strong><span>rom Barbados 10 Ya\u015f\u0131nda<\/span><\/strong><span>\u00a0camda yo\u011fun turuncu \u0131\u015f\u0131lt\u0131lar sergileyen orta koyu amber rengi bir ruhtur. E\u011fik bir cam, baz\u0131 inat\u00e7\u0131 ya\u011fl\u0131 ayaklar\u0131 \u00e7ok yava\u015f bir \u015fekilde serbest b\u0131rakan orta derecede ya\u011fl\u0131 bir parlakl\u0131k g\u00f6sterir. Bardaktan gelen ilk aroma, karamela, karamel ve kahverengi \u015fekerlerin, biraz zengin duman ve odunsu me\u015fe baharat\u0131n\u0131n tatl\u0131 bir kombinasyonuyla doluyor. Me\u015fe baharatlar\u0131n\u0131n kahve ve t\u00fct\u00fcn\u00fcn tatl\u0131 aromas\u0131yla birle\u015fimi olduk\u00e7a heyecan verici.<\/span><\/p>\n<p><span>Barda\u011f\u0131n nefes almas\u0131na izin vermek aromay\u0131 zenginle\u015ftirir, ayn\u0131 zamanda zengin baharatlar\u0131 (vanilya, karamel, esmer \u015feker ve tar\u00e7\u0131n kar\u0131\u015f\u0131m\u0131), kola, badem ezmesi, portakal kabu\u011fu ve marmelat\u0131n baz\u0131 \u00f6nemli notalar\u0131n\u0131 esintiye getirir. Zamanla, tuzlu su ve yosun notalar\u0131n\u0131n yan\u0131 s\u0131ra bir miktar mentol i\u00e7eren k\u00fcfl\u00fc bir yap\u0131 hissediyorum.<\/span><\/p>","protected":false},"featured_media":15194,"template":"","meta":{"_acf_changed":false,"_kadence_starter_templates_imported_post":false,"_kad_post_transparent":"","_kad_post_title":"","_kad_post_layout":"","_kad_post_sidebar_id":"","_kad_post_content_style":"","_kad_post_vertical_padding":"","_kad_post_feature":"","_kad_post_feature_position":"","_kad_post_header":false,"_kad_post_footer":false},"product_cat":[503],"product_tag":[],"class_list":{"0":"post-15192","1":"product","2":"type-product","3":"status-publish","4":"has-post-thumbnail","6":"product_cat-roumi","7":"product_shipping_class-mi-kapnika","9":"first","10":"instock","11":"taxable","12":"shipping-taxable","13":"purchasable","14":"product-type-simple","15":"entry","16":"content-bg","17":"loop-entry"},"acf":[],"_links":{"self":[{"href":"https:\/\/nicoteam.gr\/tr\/wp-json\/wp\/v2\/product\/15192","targetHints":{"allow":["GET"]}}],"collection":[{"href":"https:\/\/nicoteam.gr\/tr\/wp-json\/wp\/v2\/product"}],"about":[{"href":"https:\/\/nicoteam.gr\/tr\/wp-json\/wp\/v2\/types\/product"}],"wp:featuredmedia":[{"embeddable":true,"href":"https:\/\/nicoteam.gr\/tr\/wp-json\/wp\/v2\/media\/15194"}],"wp:attachment":[{"href":"https:\/\/nicoteam.gr\/tr\/wp-json\/wp\/v2\/media?parent=15192"}],"wp:term":[{"taxonomy":"product_cat","embeddable":true,"href":"https:\/\/nicoteam.gr\/tr\/wp-json\/wp\/v2\/product_cat?post=15192"},{"taxonomy":"product_tag","embeddable":true,"href":"https:\/\/nicoteam.gr\/tr\/wp-json\/wp\/v2\/product_tag?post=15192"}],"curies":[{"name":"wp","href":"https:\/\/api.w.org\/{rel}","templated":true}]}}