{"id":15186,"date":"2022-03-14T12:04:13","date_gmt":"2022-03-14T10:04:13","guid":{"rendered":"https:\/\/nicoteam.gr\/?post_type=product&#038;p=15186"},"modified":"2023-08-28T10:37:23","modified_gmt":"2023-08-28T08:37:23","slug":"rum-dictator-12-y-vol-40-700ml","status":"publish","type":"product","link":"https:\/\/nicoteam.gr\/tr\/product\/rum-dictator-12-y-vol-40-700ml\/","title":{"rendered":"Rum Diktat\u00f6r 12 Y cilt. 40% 700ml"},"content":{"rendered":"<p><b><span>\u0393\u0395\u03a5\u03a3\u03a4\u0399\u039a\u0395\u03a3 \u03a3\u0397\u039c\u0395\u0399\u03a9\u03a3\u0395\u0399\u03a3<\/span><\/b><\/p>\n<p><span>\u03a0\u03bb\u03bf\u03cd\u03c3\u03b9\u03bf \u03ba\u03b5\u03c7\u03c1\u03b9\u03bc\u03c0\u03b1\u03c1\u03ad\u03bd\u03b9\u03bf \u03c7\u03c1\u03ce\u03bc\u03b1 \u03bc\u03b5 \u03ba\u03bf\u03ba\u03ba\u03b9\u03bd\u03c9\u03c0\u03bf\u03cd\u03c2 \u03c4\u03cc\u03bd\u03bf\u03c5\u03c2, \u03b7 \u03bc\u03cd\u03c4\u03b7 \u03b5\u03af\u03bd\u03b1\u03b9 \u03ad\u03bd\u03c4\u03bf\u03bd\u03b7 \u03bc\u03b5 \u03b1\u03c0\u03b1\u03bb\u03ae \u03ba\u03b1\u03c1\u03b1\u03bc\u03ad\u03bb\u03b1, \u03bc\u03ad\u03bb\u03b9, \u03be\u03b7\u03c1\u03bf\u03cd\u03c2 \u03c3\u03c0\u03cc\u03c1\u03bf\u03c5\u03c2, \u03b5\u03bb\u03b1\u03c6\u03c1\u03ac \u03ba\u03b1\u03b2\u03bf\u03c5\u03c1\u03b4\u03b9\u03c3\u03bc\u03ad\u03bd\u03bf \u03ba\u03b1\u03c6\u03ad \u03b4\u03af\u03bd\u03bf\u03bd\u03c4\u03b1\u03c2 \u03c4\u03b7 \u03b8\u03ad\u03c3\u03b7 \u03c4\u03bf\u03c5 \u03c3\u03b5 \u03bc\u03ad\u03c4\u03c1\u03b9\u03b1 \u03b1\u03c1\u03ce\u03bc\u03b1\u03c4\u03b1 \u03b2\u03b5\u03bb\u03b1\u03bd\u03b9\u03b4\u03b9\u03ac\u03c2.<\/span><br \/>\n<span>\u0391\u03c0\u03b1\u03bb\u03ae \u03ba\u03b1\u03b9 \u03c3\u03c4\u03c1\u03bf\u03b3\u03b3\u03c5\u03bb\u03ae \u03b1\u03af\u03c3\u03b8\u03b7\u03c3\u03b7 \u03c3\u03c4\u03bf \u03c3\u03c4\u03cc\u03bc\u03b1 \u03bc\u03b5 \u03b3\u03b5\u03cd\u03c3\u03b5\u03b9\u03c2 \u03ba\u03b1\u03c1\u03b1\u03bc\u03ad\u03bb\u03b1\u03c2, \u03ba\u03b1\u03ba\u03ac\u03bf, \u03ba\u03b1\u03c6\u03ad \u03bc\u03b5 \u03bc\u03ad\u03bb\u03b9.<\/span><br \/>\n<span>\u03a4\u03bf \u03c6\u03b9\u03bd\u03af\u03c1\u03b9\u03c3\u03bc\u03b1 \u03ad\u03c7\u03b5\u03b9 \u03bb\u03af\u03b3\u03bf \u03be\u03cd\u03bb\u03bf \u03bc\u03b5 \u03c0\u03bf\u03bb\u03c5\u03c0\u03bb\u03bf\u03ba\u03cc\u03c4\u03b7\u03c4\u03b1 \u03c0\u03b1\u03c1\u03b1\u03c4\u03b5\u03c4\u03b1\u03bc\u03ad\u03bd\u03c9\u03bd, \u03bc\u03bf\u03bd\u03b1\u03b4\u03b9\u03ba\u03ad\u03c2 \u03ba\u03b1\u03b9 \u03bc\u03c5\u03c3\u03c4\u03b9\u03ba\u03ad\u03c2 \u03b3\u03b5\u03cd\u03c3\u03b5\u03b9\u03c2 \u03b1\u03c0\u03cc \u03c4\u03bf Rum Dictator.<\/span><\/p>","protected":false},"excerpt":{"rendered":"<p><strong><span>12 YA\u015eINDAK\u0130 D\u0130KTAT\u00d6R <\/span><\/strong><span>\u00a0Orta g\u00f6vdeli bir rom elde etmek i\u00e7in k\u0131smen bak\u0131r imbikte ve k\u0131smen s\u00fcrekli \u00e7elik s\u00fctunda dam\u0131t\u0131lm\u0131\u015f i\u015flenmemi\u015f kam\u0131\u015f bal\u0131n\u0131n fermente edilmesiyle \u00fcretilir.<\/span><\/p>\n<p><span>Solera y\u00f6ntemi kullan\u0131larak \u00f6nceden kullan\u0131lm\u0131\u015f me\u015fe f\u0131\u00e7\u0131larda ya\u015fland\u0131r\u0131l\u0131r, ard\u0131ndan t\u00fcm s\u0131rlar\u0131n bu nektarda yer ald\u0131\u011f\u0131ndan emin olmak i\u00e7in s\u0131k\u0131 kalite kontrol alt\u0131nda \u015fi\u015felenir.<\/span><\/p>","protected":false},"featured_media":15187,"template":"","meta":{"_acf_changed":false,"_kadence_starter_templates_imported_post":false,"_kad_post_transparent":"","_kad_post_title":"","_kad_post_layout":"","_kad_post_sidebar_id":"","_kad_post_content_style":"","_kad_post_vertical_padding":"","_kad_post_feature":"","_kad_post_feature_position":"","_kad_post_header":false,"_kad_post_footer":false},"product_cat":[501],"product_tag":[],"class_list":{"0":"post-15186","1":"product","2":"type-product","3":"status-publish","4":"has-post-thumbnail","6":"product_cat-viskey","7":"product_shipping_class-mi-kapnika","9":"first","10":"instock","11":"taxable","12":"shipping-taxable","13":"purchasable","14":"product-type-simple","15":"entry","16":"content-bg","17":"loop-entry"},"acf":[],"_links":{"self":[{"href":"https:\/\/nicoteam.gr\/tr\/wp-json\/wp\/v2\/product\/15186","targetHints":{"allow":["GET"]}}],"collection":[{"href":"https:\/\/nicoteam.gr\/tr\/wp-json\/wp\/v2\/product"}],"about":[{"href":"https:\/\/nicoteam.gr\/tr\/wp-json\/wp\/v2\/types\/product"}],"wp:featuredmedia":[{"embeddable":true,"href":"https:\/\/nicoteam.gr\/tr\/wp-json\/wp\/v2\/media\/15187"}],"wp:attachment":[{"href":"https:\/\/nicoteam.gr\/tr\/wp-json\/wp\/v2\/media?parent=15186"}],"wp:term":[{"taxonomy":"product_cat","embeddable":true,"href":"https:\/\/nicoteam.gr\/tr\/wp-json\/wp\/v2\/product_cat?post=15186"},{"taxonomy":"product_tag","embeddable":true,"href":"https:\/\/nicoteam.gr\/tr\/wp-json\/wp\/v2\/product_tag?post=15186"}],"curies":[{"name":"wp","href":"https:\/\/api.w.org\/{rel}","templated":true}]}}