{"id":15106,"date":"2022-03-12T12:48:24","date_gmt":"2022-03-12T10:48:24","guid":{"rendered":"https:\/\/nicoteam.gr\/?post_type=product&#038;p=15106"},"modified":"2023-08-28T10:37:24","modified_gmt":"2023-08-28T08:37:24","slug":"laguiole-wine-chiller-stick","status":"publish","type":"product","link":"https:\/\/nicoteam.gr\/tr\/product\/laguiole-wine-chiller-stick\/","title":{"rendered":"LAGUIOLE \u015earap So\u011futucu \u00c7ubu\u011fu"},"content":{"rendered":"<p>\u0391\u03c0\u03bf\u03c4\u03b5\u03bb\u03b5\u03c3\u03bc\u03b1\u03c4\u03b9\u03ba\u03cc\u03c2 \u03c8\u03cd\u03ba\u03c4\u03b7\u03c2 \u03ba\u03c1\u03b1\u03c3\u03b9\u03bf\u03cd \u03bc\u03b5 \u03c3\u03c4\u03cc\u03bc\u03b9\u03bf \u03b5\u03ba\u03c1\u03bf\u03ae\u03c2 \u03ba\u03b1\u03b9 \u03c0\u03ce\u03bc\u03b1 \u03b1\u03c0\u03cc \u03c4\u03b7 \u03b4\u03b9\u03ac\u03c3\u03b7\u03bc\u03b7 Laguiole. \u03a4\u03bf \u03c3\u03c4\u03cc\u03bc\u03b9\u03bf \u03ad\u03ba\u03c7\u03c5\u03c3\u03b7\u03c2 \u03b5\u03af\u03bd\u03b1\u03b9 \u03b5\u03c6\u03bf\u03b4\u03b9\u03b1\u03c3\u03bc\u03ad\u03bd\u03bf \u03bc\u03b5 \u03bf\u03be\u03c5\u03b3\u03cc\u03bd\u03bf \u03c0\u03bf\u03c5 \u03b4\u03af\u03bd\u03b5\u03b9 \u03b1\u03ad\u03c1\u03b1 \u03c3\u03c4\u03bf \u03ba\u03c1\u03b1\u03c3\u03af \u03cc\u03c4\u03b1\u03bd \u03c7\u03cd\u03bd\u03b5\u03c4\u03b1\u03b9. \u03a0\u03b1\u03c1\u03b1\u03b4\u03af\u03b4\u03b5\u03c4\u03b1\u03b9 \u03c3\u03b5 \u03c9\u03c1\u03b1\u03af\u03bf \u03ba\u03bf\u03c5\u03c4\u03af \u03b4\u03ce\u03c1\u03bf\u03c5.<\/p>\n<p>\u039f \u03ba\u03bf\u03bc\u03c8\u03cc\u03c2 \u03c3\u03c9\u03bb\u03ae\u03bd\u03b1\u03c2 \u03c8\u03cd\u03be\u03b7\u03c2 \u03b1\u03c0\u03cc \u03b1\u03bd\u03bf\u03be\u03b5\u03af\u03b4\u03c9\u03c4\u03bf \u03c7\u03ac\u03bb\u03c5\u03b2\u03b1 \u03c4\u03bf\u03c0\u03bf\u03b8\u03b5\u03c4\u03b5\u03af\u03c4\u03b1\u03b9 \u03c3\u03c4\u03b7\u03bd \u03ba\u03b1\u03c4\u03ac\u03c8\u03c5\u03be\u03b7 \u03b3\u03b9\u03b1 \u03c4\u03bf\u03c5\u03bb\u03ac\u03c7\u03b9\u03c3\u03c4\u03bf\u03bd 2 \u03ce\u03c1\u03b5\u03c2 \u03c0\u03c1\u03b9\u03bd \u03b1\u03c0\u03cc \u03c4\u03b7 \u03c7\u03c1\u03ae\u03c3\u03b7 \u03c4\u03bf\u03c5. \u038c\u03c4\u03b1\u03bd \u03c0\u03c1\u03cc\u03ba\u03b5\u03b9\u03c4\u03b1\u03b9 \u03bd\u03b1 \u03c7\u03c1\u03b7\u03c3\u03b9\u03bc\u03bf\u03c0\u03bf\u03b9\u03b7\u03b8\u03b5\u03af, \u03b2\u03b3\u03b1\u03af\u03bd\u03b5\u03b9 \u03b1\u03c0\u03cc \u03c4\u03b7\u03bd \u03ba\u03b1\u03c4\u03ac\u03c8\u03c5\u03be\u03b7 \u03ba\u03b1\u03b9 \u03b2\u03b9\u03b4\u03ce\u03bd\u03b5\u03c4\u03b1\u03b9 \u03c3\u03c4\u03bf \u03c3\u03c4\u03cc\u03bc\u03b9\u03bf \u03b5\u03ba\u03c7\u03cd\u03c3\u03b5\u03c9\u03c2 \u03ba\u03b1\u03b9 \u03bc\u03b5\u03c4\u03ac \u03b5\u03af\u03bd\u03b1\u03b9 \u03ad\u03c4\u03bf\u03b9\u03bc\u03bf\u03c2 \u03bd\u03b1 \u03c4\u03bf\u03c0\u03bf\u03b8\u03b5\u03c4\u03b7\u03b8\u03b5\u03af \u03c3\u03c4\u03bf \u03bc\u03c0\u03bf\u03c5\u03ba\u03ac\u03bb\u03b9 \u03b3\u03b9\u03b1 \u03bd\u03b1 \u03ba\u03c1\u03b1\u03c4\u03ae\u03c3\u03b5\u03b9 \u03c4\u03bf \u03ba\u03c1\u03b1\u03c3\u03af \u03c3\u03b5 \u03b4\u03c1\u03bf\u03c3\u03b5\u03c1\u03ae \u03b8\u03b5\u03c1\u03bc\u03bf\u03ba\u03c1\u03b1\u03c3\u03af\u03b1 \u03c7\u03c9\u03c1\u03af\u03c2 \u03bd\u03b1 \u03b1\u03bb\u03bb\u03bf\u03b9\u03ce\u03bd\u03b5\u03b9 \u03c4\u03b7 \u03b3\u03b5\u03cd\u03c3\u03b7 \u03c4\u03bf\u03c5.<\/p>\n<p>\u0395\u03cd\u03ba\u03bf\u03bb\u03bf\u03c2 \u03c4\u03c1\u03cc\u03c0\u03bf\u03c2 \u03b3\u03b9\u03b1 \u03bd\u03b1 \u03b4\u03b9\u03b1\u03c4\u03b7\u03c1\u03ae\u03c3\u03b5\u03c4\u03b5 \u03c4\u03bf \u03ba\u03c1\u03b1\u03c3\u03af \u03b4\u03c1\u03bf\u03c3\u03b5\u03c1\u03cc \u03bc\u03b5 \u03c3\u03c4\u03c5\u03bb !<\/p>","protected":false},"excerpt":{"rendered":"<p>\u03a8\u03cd\u03ba\u03c4\u03b7\u03c2 \u03ba\u03c1\u03b1\u03c3\u03b9\u03bf\u03cd \u03bc\u03b5 \u03c3\u03c4\u03cc\u03bc\u03b9\u03bf \u03b5\u03ba\u03c1\u03bf\u03ae\u03c2 \u03ba\u03b1\u03b9 \u03c0\u03ce\u03bc\u03b1 \u03b1\u03c0\u03cc \u03c4\u03b7 \u03b4\u03b9\u03ac\u03c3\u03b7\u03bc\u03b7 Laguiole.<\/p>","protected":false},"featured_media":15107,"template":"","meta":{"_acf_changed":false,"_kadence_starter_templates_imported_post":false,"_kad_post_transparent":"","_kad_post_title":"","_kad_post_layout":"","_kad_post_sidebar_id":"","_kad_post_content_style":"","_kad_post_vertical_padding":"","_kad_post_feature":"","_kad_post_feature_position":"","_kad_post_header":false,"_kad_post_footer":false},"product_cat":[500],"product_tag":[],"class_list":{"0":"post-15106","1":"product","2":"type-product","3":"status-publish","4":"has-post-thumbnail","6":"product_cat-aksesoyar-poton","7":"product_shipping_class-mi-kapnika","9":"first","10":"instock","11":"taxable","12":"shipping-taxable","13":"purchasable","14":"product-type-simple","15":"entry","16":"content-bg","17":"loop-entry"},"acf":[],"_links":{"self":[{"href":"https:\/\/nicoteam.gr\/tr\/wp-json\/wp\/v2\/product\/15106","targetHints":{"allow":["GET"]}}],"collection":[{"href":"https:\/\/nicoteam.gr\/tr\/wp-json\/wp\/v2\/product"}],"about":[{"href":"https:\/\/nicoteam.gr\/tr\/wp-json\/wp\/v2\/types\/product"}],"wp:featuredmedia":[{"embeddable":true,"href":"https:\/\/nicoteam.gr\/tr\/wp-json\/wp\/v2\/media\/15107"}],"wp:attachment":[{"href":"https:\/\/nicoteam.gr\/tr\/wp-json\/wp\/v2\/media?parent=15106"}],"wp:term":[{"taxonomy":"product_cat","embeddable":true,"href":"https:\/\/nicoteam.gr\/tr\/wp-json\/wp\/v2\/product_cat?post=15106"},{"taxonomy":"product_tag","embeddable":true,"href":"https:\/\/nicoteam.gr\/tr\/wp-json\/wp\/v2\/product_tag?post=15106"}],"curies":[{"name":"wp","href":"https:\/\/api.w.org\/{rel}","templated":true}]}}