{"id":15101,"date":"2022-03-12T11:39:43","date_gmt":"2022-03-12T09:39:43","guid":{"rendered":"https:\/\/nicoteam.gr\/?post_type=product&#038;p=15101"},"modified":"2024-03-11T14:30:51","modified_gmt":"2024-03-11T12:30:51","slug":"havana-club-anejo-3-anos-50ml","status":"publish","type":"product","link":"https:\/\/nicoteam.gr\/tr\/product\/havana-club-anejo-3-anos-50ml\/","title":{"rendered":"Havana Club Anejo 3 Anos 50ml"},"content":{"rendered":"","protected":false},"excerpt":{"rendered":"<p>Havana Club 3 Year Old, m\u00fckemmel birinci s\u0131n\u0131f beyaz romdur ve Mojito ve Daiquiri gibi K\u00fcba kokteyllerinin temelini olu\u015fturur. K\u00fcba \u015feker kam\u0131\u015f\u0131ndan \u00fcretilen rom, ak me\u015fe f\u0131\u00e7\u0131larda en az 3 y\u0131l do\u011fal olarak ya\u015fland\u0131r\u0131l\u0131yor. A\u00e7\u0131k sar\u0131 rengi basit bir rom olmad\u0131\u011f\u0131n\u0131 ele veriyor. Bu rengin 3 y\u0131ll\u0131k ya\u015flanmas\u0131ndan sorumludur, \u00e7\u00fcnk\u00fc ruhun &quot;dinlendi\u011fi&quot; ortam\u0131n t\u00fcm unsurlar\u0131n\u0131 \u00f6z\u00fcmsemesine yard\u0131mc\u0131 olur ve bu \u015fekilde e\u015fsiz tad\u0131 yarat\u0131l\u0131r. \u015ei\u015fe a\u00e7\u0131ld\u0131\u011f\u0131nda vanilya, karamelize armut, muz ve dumanl\u0131 me\u015fe, pekmez ve \u015feker kam\u0131\u015f\u0131 izleri ortaya \u00e7\u0131k\u0131yor. Tad\u0131ndaki m\u00fckemmel denge ve a\u011f\u0131zda kalan meyve, narenciye ve \u015fekerden olu\u015fan tatl\u0131 tat, onu otantik bir Mojito yapmak i\u00e7in ideal k\u0131lar.<\/p>","protected":false},"featured_media":15102,"template":"","meta":{"_acf_changed":false,"_kadence_starter_templates_imported_post":false,"_kad_post_transparent":"default","_kad_post_title":"","_kad_post_layout":"default","_kad_post_sidebar_id":"","_kad_post_content_style":"default","_kad_post_vertical_padding":"default","_kad_post_feature":"","_kad_post_feature_position":"","_kad_post_header":false,"_kad_post_footer":false},"product_cat":[503],"product_tag":[],"class_list":{"0":"post-15101","1":"product","2":"type-product","3":"status-publish","4":"has-post-thumbnail","6":"product_cat-roumi","7":"product_shipping_class-mi-kapnika","9":"first","10":"instock","11":"taxable","12":"shipping-taxable","13":"purchasable","14":"product-type-simple","15":"entry","16":"content-bg","17":"loop-entry"},"acf":[],"_links":{"self":[{"href":"https:\/\/nicoteam.gr\/tr\/wp-json\/wp\/v2\/product\/15101","targetHints":{"allow":["GET"]}}],"collection":[{"href":"https:\/\/nicoteam.gr\/tr\/wp-json\/wp\/v2\/product"}],"about":[{"href":"https:\/\/nicoteam.gr\/tr\/wp-json\/wp\/v2\/types\/product"}],"wp:featuredmedia":[{"embeddable":true,"href":"https:\/\/nicoteam.gr\/tr\/wp-json\/wp\/v2\/media\/15102"}],"wp:attachment":[{"href":"https:\/\/nicoteam.gr\/tr\/wp-json\/wp\/v2\/media?parent=15101"}],"wp:term":[{"taxonomy":"product_cat","embeddable":true,"href":"https:\/\/nicoteam.gr\/tr\/wp-json\/wp\/v2\/product_cat?post=15101"},{"taxonomy":"product_tag","embeddable":true,"href":"https:\/\/nicoteam.gr\/tr\/wp-json\/wp\/v2\/product_tag?post=15101"}],"curies":[{"name":"wp","href":"https:\/\/api.w.org\/{rel}","templated":true}]}}