{"id":15065,"date":"2022-03-11T14:20:27","date_gmt":"2022-03-11T12:20:27","guid":{"rendered":"https:\/\/nicoteam.gr\/?post_type=product&#038;p=15065"},"modified":"2023-08-28T10:37:25","modified_gmt":"2023-08-28T08:37:25","slug":"dictador-xo-rum-700ml","status":"publish","type":"product","link":"https:\/\/nicoteam.gr\/tr\/product\/dictador-xo-rum-700ml\/","title":{"rendered":"Dictador XO Rum 700ml"},"content":{"rendered":"","protected":false},"excerpt":{"rendered":"<p>Nadir taze bal, vanilya, kraliyet kahvesi, olgun me\u015fe ve karamelli parfeden olu\u015fan hipnotik aroma. F\u0131nd\u0131k, yo\u011fun vanilya, karamelli parfe ve Kolombiya kahvesinin m\u00fckemmel notalar\u0131 ile son derece p\u00fcr\u00fczs\u00fcz bir tat. Uzun bir tutarl\u0131l\u0131k, a\u015f\u0131r\u0131 kalite hissi ile tatl\u0131l\u0131k ve g\u00fcc\u00fcn tatminini \u00e7ok zengin bir biti\u015fle veren a\u00e7\u0131k me\u015fe ile dengelenmi\u015ftir.<\/p>","protected":false},"featured_media":15066,"template":"","meta":{"_acf_changed":false,"_kadence_starter_templates_imported_post":false,"_kad_post_transparent":"","_kad_post_title":"","_kad_post_layout":"","_kad_post_sidebar_id":"","_kad_post_content_style":"","_kad_post_vertical_padding":"","_kad_post_feature":"","_kad_post_feature_position":"","_kad_post_header":false,"_kad_post_footer":false},"product_cat":[503],"product_tag":[],"class_list":{"0":"post-15065","1":"product","2":"type-product","3":"status-publish","4":"has-post-thumbnail","6":"product_cat-roumi","7":"product_shipping_class-mi-kapnika","9":"first","10":"instock","11":"taxable","12":"shipping-taxable","13":"purchasable","14":"product-type-simple","15":"entry","16":"content-bg","17":"loop-entry"},"acf":[],"_links":{"self":[{"href":"https:\/\/nicoteam.gr\/tr\/wp-json\/wp\/v2\/product\/15065","targetHints":{"allow":["GET"]}}],"collection":[{"href":"https:\/\/nicoteam.gr\/tr\/wp-json\/wp\/v2\/product"}],"about":[{"href":"https:\/\/nicoteam.gr\/tr\/wp-json\/wp\/v2\/types\/product"}],"wp:featuredmedia":[{"embeddable":true,"href":"https:\/\/nicoteam.gr\/tr\/wp-json\/wp\/v2\/media\/15066"}],"wp:attachment":[{"href":"https:\/\/nicoteam.gr\/tr\/wp-json\/wp\/v2\/media?parent=15065"}],"wp:term":[{"taxonomy":"product_cat","embeddable":true,"href":"https:\/\/nicoteam.gr\/tr\/wp-json\/wp\/v2\/product_cat?post=15065"},{"taxonomy":"product_tag","embeddable":true,"href":"https:\/\/nicoteam.gr\/tr\/wp-json\/wp\/v2\/product_tag?post=15065"}],"curies":[{"name":"wp","href":"https:\/\/api.w.org\/{rel}","templated":true}]}}