{"id":15054,"date":"2022-03-11T14:01:53","date_gmt":"2022-03-11T12:01:53","guid":{"rendered":"https:\/\/nicoteam.gr\/?post_type=product&#038;p=15054"},"modified":"2025-04-23T10:32:23","modified_gmt":"2025-04-23T08:32:23","slug":"long-curved-mouthpiece","status":"publish","type":"product","link":"https:\/\/nicoteam.gr\/tr\/product\/long-curved-mouthpiece\/","title":{"rendered":"Uzun kavisli a\u011f\u0131zl\u0131k"},"content":{"rendered":"","protected":false},"excerpt":{"rendered":"<p>Uzun kavisli paslanmaz \u00e7elik a\u011f\u0131zl\u0131k 8 cm uzunlu\u011funda<\/p>","protected":false},"featured_media":0,"template":"","meta":{"_acf_changed":false,"_kadence_starter_templates_imported_post":false,"_kad_post_transparent":"","_kad_post_title":"","_kad_post_layout":"","_kad_post_sidebar_id":"","_kad_post_content_style":"","_kad_post_vertical_padding":"","_kad_post_feature":"","_kad_post_feature_position":"","_kad_post_header":false,"_kad_post_footer":false},"product_cat":[510],"product_tag":[],"class_list":{"0":"post-15054","1":"product","2":"type-product","3":"status-publish","5":"product_cat-drip-tips","6":"product_shipping_class-mi-kapnika","8":"first","9":"instock","10":"taxable","11":"shipping-taxable","12":"purchasable","13":"product-type-simple","14":"entry","15":"content-bg","16":"loop-entry"},"acf":[],"_links":{"self":[{"href":"https:\/\/nicoteam.gr\/tr\/wp-json\/wp\/v2\/product\/15054","targetHints":{"allow":["GET"]}}],"collection":[{"href":"https:\/\/nicoteam.gr\/tr\/wp-json\/wp\/v2\/product"}],"about":[{"href":"https:\/\/nicoteam.gr\/tr\/wp-json\/wp\/v2\/types\/product"}],"wp:attachment":[{"href":"https:\/\/nicoteam.gr\/tr\/wp-json\/wp\/v2\/media?parent=15054"}],"wp:term":[{"taxonomy":"product_cat","embeddable":true,"href":"https:\/\/nicoteam.gr\/tr\/wp-json\/wp\/v2\/product_cat?post=15054"},{"taxonomy":"product_tag","embeddable":true,"href":"https:\/\/nicoteam.gr\/tr\/wp-json\/wp\/v2\/product_tag?post=15054"}],"curies":[{"name":"wp","href":"https:\/\/api.w.org\/{rel}","templated":true}]}}