{"id":15052,"date":"2022-03-11T13:56:55","date_gmt":"2022-03-11T11:56:55","guid":{"rendered":"https:\/\/nicoteam.gr\/?post_type=product&#038;p=15052"},"modified":"2023-08-28T10:37:26","modified_gmt":"2023-08-28T08:37:26","slug":"15052","status":"publish","type":"product","link":"https:\/\/nicoteam.gr\/tr\/product\/15052\/","title":{"rendered":"Douglas Laing B\u00fcy\u00fck Turba K\u00fc\u00e7\u00fck Toplu 50ml"},"content":{"rendered":"","protected":false},"excerpt":{"rendered":"<p>Ad\u0131ndan da anla\u015f\u0131laca\u011f\u0131 \u00fczere turban\u0131n kalbinden, Islay adas\u0131ndan gelen \u00e7ok g\u00fc\u00e7l\u00fc bir dumanl\u0131 viski. \u00dcnl\u00fc Ardbeg, Bowmore, Caol Ila ve Port Ellen i\u00e7ki fabrikalar\u0131ndan alkoll\u00fc i\u00e7kiler i\u00e7eren harmanlanm\u0131\u015f malt viski.<\/p>\n<p>Dumanl\u0131 unsurlar ve turba \u00f6n planda yer al\u0131rken \u00e7ikolata, kahve ve f\u0131nd\u0131k aromatik profili tamaml\u0131yor. A\u011f\u0131zda ho\u015f, biti\u015fte ise yo\u011fun dumanl\u0131 bir karakter var.<\/p>","protected":false},"featured_media":15053,"template":"","meta":{"_acf_changed":false,"_kadence_starter_templates_imported_post":false,"_kad_post_transparent":"","_kad_post_title":"","_kad_post_layout":"","_kad_post_sidebar_id":"","_kad_post_content_style":"","_kad_post_vertical_padding":"","_kad_post_feature":"","_kad_post_feature_position":"","_kad_post_header":false,"_kad_post_footer":false},"product_cat":[501],"product_tag":[],"class_list":{"0":"post-15052","1":"product","2":"type-product","3":"status-publish","4":"has-post-thumbnail","6":"product_cat-viskey","7":"product_shipping_class-mi-kapnika","9":"first","10":"instock","11":"taxable","12":"shipping-taxable","13":"purchasable","14":"product-type-simple","15":"entry","16":"content-bg","17":"loop-entry"},"acf":[],"_links":{"self":[{"href":"https:\/\/nicoteam.gr\/tr\/wp-json\/wp\/v2\/product\/15052","targetHints":{"allow":["GET"]}}],"collection":[{"href":"https:\/\/nicoteam.gr\/tr\/wp-json\/wp\/v2\/product"}],"about":[{"href":"https:\/\/nicoteam.gr\/tr\/wp-json\/wp\/v2\/types\/product"}],"wp:featuredmedia":[{"embeddable":true,"href":"https:\/\/nicoteam.gr\/tr\/wp-json\/wp\/v2\/media\/15053"}],"wp:attachment":[{"href":"https:\/\/nicoteam.gr\/tr\/wp-json\/wp\/v2\/media?parent=15052"}],"wp:term":[{"taxonomy":"product_cat","embeddable":true,"href":"https:\/\/nicoteam.gr\/tr\/wp-json\/wp\/v2\/product_cat?post=15052"},{"taxonomy":"product_tag","embeddable":true,"href":"https:\/\/nicoteam.gr\/tr\/wp-json\/wp\/v2\/product_tag?post=15052"}],"curies":[{"name":"wp","href":"https:\/\/api.w.org\/{rel}","templated":true}]}}