{"id":14972,"date":"2022-03-10T10:40:24","date_gmt":"2022-03-10T08:40:24","guid":{"rendered":"https:\/\/nicoteam.gr\/?post_type=product&#038;p=14972"},"modified":"2023-08-28T10:34:47","modified_gmt":"2023-08-28T08:34:47","slug":"marvel-%ce%b4%ce%b5%cf%81%ce%bc%ce%ac%cf%84%ce%b9%ce%bd%ce%b7-%ce%b8%ce%ae%ce%ba%ce%b7-%cf%80%ce%af%cf%80%ce%b1%cf%82-%cf%83%ce%b5-%ce%bc%ce%b1%cf%8d%cf%81%ce%bf-%cf%87%cf%81%cf%8e%ce%bc%ce%b1","status":"publish","type":"product","link":"https:\/\/nicoteam.gr\/tr\/product\/marvel-%ce%b4%ce%b5%cf%81%ce%bc%ce%ac%cf%84%ce%b9%ce%bd%ce%b7-%ce%b8%ce%ae%ce%ba%ce%b7-%cf%80%ce%af%cf%80%ce%b1%cf%82-%cf%83%ce%b5-%ce%bc%ce%b1%cf%8d%cf%81%ce%bf-%cf%87%cf%81%cf%8e%ce%bc%ce%b1\/","title":{"rendered":"MARVEL Siyah Renkli Deri Boru K\u0131l\u0131f\u0131"},"content":{"rendered":"<p>\u0391\u03c5\u03c4\u03ae \u03b7 \u03b8\u03ae\u03ba\u03b7 \u03c0\u03af\u03c0\u03b1\u03c2 \u03b5\u03af\u03bd\u03b1\u03b9 \u03b5\u03cd\u03ba\u03bf\u03bb\u03b7 \u03c3\u03c4\u03b7 \u03c7\u03c1\u03ae\u03c3\u03b7 \u03c4\u03b7\u03c2 \u03ba\u03b1\u03b9 \u03b1\u03c1\u03ba\u03b5\u03c4\u03ac \u03b5\u03c5\u03c1\u03cd\u03c7\u03c9\u03c1\u03b7 \u03c4\u03cc\u03c3\u03bf \u03b3\u03b9\u03b1 \u03c4\u03bf\u03bd \u03ba\u03b1\u03c0\u03bd\u03cc \u03cc\u03c3\u03bf \u03ba\u03b1\u03b9 \u03b3\u03b9\u03b1 \u03c4\u03b7\u03bd \u03c0\u03af\u03c0\u03b1. \u039f \u03c7\u03ce\u03c1\u03bf\u03c2 \u03c0\u03bf\u03c5 \u03b4\u03b9\u03b1\u03b8\u03ad\u03c4\u03b5\u03b9 \u03b5\u03c0\u03b9\u03c4\u03c1\u03ad\u03c0\u03b5\u03b9 \u03c3\u03c4\u03bf\u03bd \u03ba\u03b1\u03c0\u03bd\u03b9\u03c3\u03c4\u03ae \u03bd\u03b1 \u03b1\u03bd\u03b1\u03bc\u03b5\u03b9\u03b3\u03bd\u03cd\u03b5\u03b9 \u03ba\u03b1\u03b9 \u03bd\u03b1 \u03c4\u03b1\u03be\u03b9\u03bd\u03bf\u03bc\u03b5\u03af \u03b5\u03cd\u03ba\u03bf\u03bb\u03b1 \u03c4\u03bf\u03bd \u03ba\u03b1\u03c0\u03bd\u03cc \u03ba\u03b1\u03b9 \u03b7 \u03b5\u03c3\u03c9\u03c4\u03b5\u03c1\u03b9\u03ba\u03ae \u03b5\u03c0\u03ad\u03bd\u03b4\u03c5\u03c3\u03b7 \u03b1\u03c0\u03cc \u03b5\u03b9\u03b4\u03b9\u03ba\u03cc latex \u03b4\u03b9\u03b1\u03c3\u03c6\u03b1\u03bb\u03af\u03b6\u03b5\u03b9 \u03c4\u03b7\u03bd \u03ba\u03b1\u03bb\u03cd\u03c4\u03b5\u03c1\u03b7 \u03c3\u03c5\u03bd\u03c4\u03ae\u03c1\u03b7\u03c3\u03b7 \u03c4\u03bf\u03c5. \u03a3\u03c4\u03bf \u03ba\u03ac\u03c4\u03c9 \u03bc\u03ad\u03c1\u03bf\u03c2 \u03c4\u03b7\u03c2 \u03b8\u03ae\u03ba\u03b7\u03c2 \u03c5\u03c0\u03ac\u03c1\u03c7\u03b5\u03b9 \u03bc\u03b9\u03b1 \u03b5\u03c5\u03c1\u03cd\u03c7\u03c9\u03c1\u03b7 \u03b8\u03ad\u03c3\u03b7 \u03c0\u03bf\u03c5 \u03ba\u03bb\u03b5\u03af\u03bd\u03b5\u03b9 \u03bc\u03b5 \u03c6\u03b5\u03c1\u03bc\u03bf\u03c5\u03ac\u03c1 \u03b3\u03b9\u03b1 \u03c4\u03b7\u03bd \u03c4\u03bf\u03c0\u03bf\u03b8\u03ad\u03c4\u03b7\u03c3\u03b7 \u03bc\u03b9\u03b1\u03c2 \u03c0\u03af\u03c0\u03b1\u03c2.<\/p>\n<p>\u0394\u03b9\u03b1\u03c3\u03c4\u03ac\u03c3\u03b5\u03b9\u03c2: 16,5 x4 x7,5cm<\/p>\n<p>\u0397 Marvel \u03b5\u03af\u03bd\u03b1\u03b9 \u03bc\u03b9\u03b1 \u03c0\u03bf\u03bb\u03cd \u03c0\u03bf\u03b9\u03bf\u03c4\u03b9\u03ba\u03ae \u03b5\u03c4\u03b1\u03b9\u03c1\u03b5\u03af\u03b1 \u03ba\u03b1\u03c4\u03b1\u03c3\u03ba\u03b5\u03c5\u03ae\u03c2 \u03b4\u03b5\u03c1\u03bc\u03ac\u03c4\u03b9\u03bd\u03c9\u03bd \u03b1\u03be\u03b5\u03c3\u03bf\u03c5\u03ac\u03c1. \u039a\u03b1\u03c4\u03b1\u03c3\u03ba\u03b5\u03c5\u03ac\u03b6\u03b5\u03b9 \u03b4\u03b5\u03c1\u03bc\u03ac\u03c4\u03b9\u03bd\u03b5\u03c2 \u03c0\u03bf\u03c5\u03c1\u03bf\u03b8\u03ae\u03ba\u03b5\u03c2, \u03b8\u03ae\u03ba\u03b5\u03c2 \u03c0\u03af\u03c0\u03b1\u03c2, \u03ba\u03b1\u03c0\u03bd\u03bf\u03cd \u03ba\u03b1\u03b8\u03ce\u03c2 \u03ba\u03b1\u03b9 \u03c0\u03bf\u03c1\u03c4\u03bf\u03c6\u03cc\u03bb\u03b9\u03b1 \u03ba\u03b1\u03b9 \u03ac\u03bb\u03bb\u03b1 \u03b5\u03af\u03b4\u03b7 \u03b4\u03ce\u03c1\u03c9\u03bd, \u03bc\u03b5 \u03c0\u03bf\u03bb\u03cd \u03b1\u03bd\u03b8\u03b5\u03ba\u03c4\u03b9\u03ba\u03ac \u03b4\u03ad\u03c1\u03bc\u03b1\u03c4\u03b1 \u03c3\u03b5 \u03bb\u03bf\u03b3\u03b9\u03ba\u03ad\u03c2 \u03c4\u03b9\u03bc\u03ad\u03c2.<\/p>","protected":false},"excerpt":{"rendered":"<p>\u039f\u03b9 \u03b8\u03ae\u03ba\u03b5\u03c2 \u03c0\u03af\u03c0\u03b1\u03c2 \u03c4\u03b7\u03c2 Marvel \u03b5\u03af\u03bd\u03b1\u03b9 \u03c0\u03c1\u03b1\u03ba\u03c4\u03b9\u03ba\u03ad\u03c2, \u03ba\u03bf\u03bc\u03c8\u03ad\u03c2 \u03ba\u03b1\u03b9 \u03b4\u03b9\u03b1\u03b8\u03ad\u03c4\u03bf\u03c5\u03bd \u03b5\u03b9\u03b4\u03b9\u03ba\u03ad\u03c2 \u03b8\u03ad\u03c3\u03b5\u03b9\u03c2 \u03b3\u03b9\u03b1 \u03c4\u03bf\u03bd \u03ba\u03b1\u03c0\u03bd\u03cc \u03ba\u03b1\u03b9 \u03c4\u03b1 \u03c6\u03af\u03bb\u03c4\u03c1\u03b1 \u03c3\u03b1\u03c2 \u03b5\u03bd\u03ce \u03ba\u03bb\u03b5\u03af\u03bd\u03bf\u03c5\u03bd \u03bc\u03b5 \u03bc\u03b1\u03b3\u03bd\u03b7\u03c4\u03ac\u03ba\u03b9. \u0397 \u03b9\u03b4\u03b1\u03bd\u03b9\u03ba\u03ae \u03bb\u03cd\u03c3\u03b7 \u03b3\u03b9\u03b1 \u03bd\u03b1 \u03bc\u03b5\u03c4\u03b1\u03c6\u03ad\u03c1\u03b5\u03c4\u03b5 \u03c4\u03b7\u03bd \u03c0\u03af\u03c0\u03b1 \u03c3\u03b1\u03c2 \u03ba\u03b1\u03b9 \u03c4\u03b1 \u03c3\u03cd\u03bd\u03b5\u03c1\u03b3\u03b1 \u03c4\u03bf\u03c5 \u03ba\u03b1\u03c0\u03bd\u03af\u03c3\u03bc\u03b1\u03c4\u03bf\u03c2!<\/p>","protected":false},"featured_media":14973,"template":"","meta":{"_acf_changed":false,"_kadence_starter_templates_imported_post":false,"_kad_post_transparent":"","_kad_post_title":"","_kad_post_layout":"","_kad_post_sidebar_id":"","_kad_post_content_style":"","_kad_post_vertical_padding":"","_kad_post_feature":"","_kad_post_feature_position":"","_kad_post_header":false,"_kad_post_footer":false},"product_cat":[903],"product_tag":[],"class_list":{"0":"post-14972","1":"product","2":"type-product","3":"status-publish","4":"has-post-thumbnail","6":"product_cat-thikes-gia-pipa","7":"product_shipping_class-mi-kapnika","9":"first","10":"instock","11":"sale","12":"taxable","13":"shipping-taxable","14":"purchasable","15":"product-type-simple","16":"entry","17":"content-bg","18":"loop-entry"},"acf":[],"_links":{"self":[{"href":"https:\/\/nicoteam.gr\/tr\/wp-json\/wp\/v2\/product\/14972","targetHints":{"allow":["GET"]}}],"collection":[{"href":"https:\/\/nicoteam.gr\/tr\/wp-json\/wp\/v2\/product"}],"about":[{"href":"https:\/\/nicoteam.gr\/tr\/wp-json\/wp\/v2\/types\/product"}],"wp:featuredmedia":[{"embeddable":true,"href":"https:\/\/nicoteam.gr\/tr\/wp-json\/wp\/v2\/media\/14973"}],"wp:attachment":[{"href":"https:\/\/nicoteam.gr\/tr\/wp-json\/wp\/v2\/media?parent=14972"}],"wp:term":[{"taxonomy":"product_cat","embeddable":true,"href":"https:\/\/nicoteam.gr\/tr\/wp-json\/wp\/v2\/product_cat?post=14972"},{"taxonomy":"product_tag","embeddable":true,"href":"https:\/\/nicoteam.gr\/tr\/wp-json\/wp\/v2\/product_tag?post=14972"}],"curies":[{"name":"wp","href":"https:\/\/api.w.org\/{rel}","templated":true}]}}