{"id":14715,"date":"2022-03-08T12:50:28","date_gmt":"2022-03-08T10:50:28","guid":{"rendered":"https:\/\/nicoteam.gr\/?post_type=product&#038;p=14715"},"modified":"2023-08-28T10:34:56","modified_gmt":"2023-08-28T08:34:56","slug":"%cf%80%ce%af%cf%80%ce%b1-%ce%ba%ce%b1%cf%80%ce%bd%ce%bf%cf%8d-cesare-barontini-5","status":"publish","type":"product","link":"https:\/\/nicoteam.gr\/tr\/product\/%cf%80%ce%af%cf%80%ce%b1-%ce%ba%ce%b1%cf%80%ce%bd%ce%bf%cf%8d-cesare-barontini-5\/","title":{"rendered":"Cesare Barontini t\u00fct\u00fcn borusu"},"content":{"rendered":"<p>Barontini Cesare t\u00fct\u00fcn pipolar\u0131 1925&#039;ten beri \u0130talya&#039;da \u00fcretiliyor. Daha \u00f6nce 1890&#039;da Turaldo Barontini ilk funda a\u011fa\u00e7 i\u015fleme fabrikas\u0131n\u0131 a\u00e7m\u0131\u015ft\u0131. Bu nedenle Bruno Barontini&#039;nin o\u011flu, babas\u0131n\u0131n fabrikas\u0131ndaki m\u00fckemmel hammaddeye ve ayn\u0131 zamanda t\u00fct\u00fcn pipolar\u0131na olan sevgisine dayanarak ilk pipolar\u0131 \u00fcretti. 1955 y\u0131l\u0131nda Cesare Barontini ad\u0131ndaki o\u011flu Bruno \u00fcretim hatt\u0131n\u0131 modernize ederek k\u0131zlar\u0131 Barbara ve Silvia ile birlikte m\u00fckemmel kalitede Cesare Barontini pipolar\u0131 ile bug\u00fcnlere ula\u015ft\u0131k.<\/p>","protected":false},"excerpt":{"rendered":"<p>Barontini Cesare t\u00fct\u00fcn pipolar\u0131 1925&#039;ten beri \u0130talya&#039;da \u00fcretiliyor. Daha \u00f6nce 1890&#039;da Turaldo Barontini ilk funda a\u011fa\u00e7 i\u015fleme fabrikas\u0131n\u0131 a\u00e7m\u0131\u015ft\u0131. Bu nedenle Bruno Barontini&#039;nin o\u011flu, babas\u0131n\u0131n fabrikas\u0131ndaki m\u00fckemmel hammaddeye ve ayn\u0131 zamanda borulara olan sevgisine dayanarak ilk borular\u0131 \u00fcretti...<\/p>","protected":false},"featured_media":14716,"template":"","meta":{"_acf_changed":false,"_kadence_starter_templates_imported_post":false,"_kad_post_transparent":"","_kad_post_title":"","_kad_post_layout":"","_kad_post_sidebar_id":"","_kad_post_content_style":"","_kad_post_vertical_padding":"","_kad_post_feature":"","_kad_post_feature_position":"","_kad_post_header":false,"_kad_post_footer":false},"product_cat":[154],"product_tag":[915],"class_list":{"0":"post-14715","1":"product","2":"type-product","3":"status-publish","4":"has-post-thumbnail","6":"product_cat-pipes-kapnoy","7":"product_tag-cesare-barontini","8":"product_shipping_class-mi-kapnika","10":"first","11":"instock","12":"taxable","13":"shipping-taxable","14":"purchasable","15":"product-type-simple","16":"entry","17":"content-bg","18":"loop-entry"},"acf":[],"_links":{"self":[{"href":"https:\/\/nicoteam.gr\/tr\/wp-json\/wp\/v2\/product\/14715","targetHints":{"allow":["GET"]}}],"collection":[{"href":"https:\/\/nicoteam.gr\/tr\/wp-json\/wp\/v2\/product"}],"about":[{"href":"https:\/\/nicoteam.gr\/tr\/wp-json\/wp\/v2\/types\/product"}],"wp:featuredmedia":[{"embeddable":true,"href":"https:\/\/nicoteam.gr\/tr\/wp-json\/wp\/v2\/media\/14716"}],"wp:attachment":[{"href":"https:\/\/nicoteam.gr\/tr\/wp-json\/wp\/v2\/media?parent=14715"}],"wp:term":[{"taxonomy":"product_cat","embeddable":true,"href":"https:\/\/nicoteam.gr\/tr\/wp-json\/wp\/v2\/product_cat?post=14715"},{"taxonomy":"product_tag","embeddable":true,"href":"https:\/\/nicoteam.gr\/tr\/wp-json\/wp\/v2\/product_tag?post=14715"}],"curies":[{"name":"wp","href":"https:\/\/api.w.org\/{rel}","templated":true}]}}