{"id":14677,"date":"2022-03-05T14:20:57","date_gmt":"2022-03-05T12:20:57","guid":{"rendered":"https:\/\/nicoteam.gr\/?post_type=product&#038;p=14677"},"modified":"2023-08-28T10:34:57","modified_gmt":"2023-08-28T08:34:57","slug":"%cf%80%ce%af%cf%80%ce%b1-%ce%ba%ce%b1%cf%80%ce%bd%ce%bf%cf%8d-lorenzo-stresa-8705","status":"publish","type":"product","link":"https:\/\/nicoteam.gr\/tr\/product\/%cf%80%ce%af%cf%80%ce%b1-%ce%ba%ce%b1%cf%80%ce%bd%ce%bf%cf%8d-lorenzo-stresa-8705\/","title":{"rendered":"Lorenzo Stresa 8705 T\u00fct\u00fcn Piposu"},"content":{"rendered":"<p>Uzunluk: 140 mm<\/p>\n<p>\u0392\u03ac\u03c1\u03bf\u03c2 : 55 gr<\/p>\n<p>\u038e\u03c8\u03bf\u03c2 \u039c\u03c0\u03bf\u03bb: 43 mm<\/p>\n<p>\u0395\u03be\u03c9\u03c4\u03b5\u03c1\u03b9\u03ba\u03ae \u03b4\u03b9\u03ac\u03bc\u03b5\u03c4\u03c1\u03bf\u03c2 \u03bc\u03c0\u03bf\u03bb : 35 mm<\/p>\n<p>\u0130\u00e7 kase \u00e7ap\u0131: 20 mm<\/p>\n<p>A\u011f\u0131zl\u0131k : Akrilik<\/p>\n<p>A\u011f\u0131z \u00f6l\u00e7\u00fcs\u00fc (Filtre): 9 mm<\/p>\n<p>&nbsp;<\/p>","protected":false},"excerpt":{"rendered":"<p id=\"tw-target-text\" class=\"tw-data-text tw-text-large tw-ta\" dir=\"ltr\" data-placeholder=\"Translation\"><span class=\"Y2IQFc\" lang=\"el\">Koyu kahverengi fundadan Lorenzo marka pipo, \u00e7ok ho\u015f bir y\u00fczey. Hafif\u00e7e b\u00fck\u00fclm\u00fc\u015f bir sapla\u00a0<\/span><\/p>","protected":false},"featured_media":14678,"template":"","meta":{"_acf_changed":false,"_kadence_starter_templates_imported_post":false,"_kad_post_transparent":"","_kad_post_title":"","_kad_post_layout":"","_kad_post_sidebar_id":"","_kad_post_content_style":"","_kad_post_vertical_padding":"","_kad_post_feature":"","_kad_post_feature_position":"","_kad_post_header":false,"_kad_post_footer":false},"product_cat":[154],"product_tag":[930],"class_list":{"0":"post-14677","1":"product","2":"type-product","3":"status-publish","4":"has-post-thumbnail","6":"product_cat-pipes-kapnoy","7":"product_tag-lorenzo","8":"product_shipping_class-mi-kapnika","10":"first","11":"instock","12":"taxable","13":"shipping-taxable","14":"purchasable","15":"product-type-simple","16":"entry","17":"content-bg","18":"loop-entry"},"acf":[],"_links":{"self":[{"href":"https:\/\/nicoteam.gr\/tr\/wp-json\/wp\/v2\/product\/14677","targetHints":{"allow":["GET"]}}],"collection":[{"href":"https:\/\/nicoteam.gr\/tr\/wp-json\/wp\/v2\/product"}],"about":[{"href":"https:\/\/nicoteam.gr\/tr\/wp-json\/wp\/v2\/types\/product"}],"wp:featuredmedia":[{"embeddable":true,"href":"https:\/\/nicoteam.gr\/tr\/wp-json\/wp\/v2\/media\/14678"}],"wp:attachment":[{"href":"https:\/\/nicoteam.gr\/tr\/wp-json\/wp\/v2\/media?parent=14677"}],"wp:term":[{"taxonomy":"product_cat","embeddable":true,"href":"https:\/\/nicoteam.gr\/tr\/wp-json\/wp\/v2\/product_cat?post=14677"},{"taxonomy":"product_tag","embeddable":true,"href":"https:\/\/nicoteam.gr\/tr\/wp-json\/wp\/v2\/product_tag?post=14677"}],"curies":[{"name":"wp","href":"https:\/\/api.w.org\/{rel}","templated":true}]}}