{"id":14607,"date":"2022-03-05T10:30:20","date_gmt":"2022-03-05T08:30:20","guid":{"rendered":"https:\/\/nicoteam.gr\/?post_type=product&#038;p=14607"},"modified":"2023-08-28T10:35:03","modified_gmt":"2023-08-28T08:35:03","slug":"%cf%80%ce%af%cf%80%ce%b1-%ce%ba%ce%b1%cf%80%ce%bd%ce%bf%cf%8d-fallion-%cf%83%ce%b5%ce%b9%cf%81%ce%ac%cf%82-sys-black-%ce%bc%ce%b5-%cf%85%ce%b3%cf%81%ce%bf%cf%80%ce%b1%ce%b3%ce%af%ce%b4%ce%b1","status":"publish","type":"product","link":"https:\/\/nicoteam.gr\/tr\/product\/%cf%80%ce%af%cf%80%ce%b1-%ce%ba%ce%b1%cf%80%ce%bd%ce%bf%cf%8d-fallion-%cf%83%ce%b5%ce%b9%cf%81%ce%ac%cf%82-sys-black-%ce%bc%ce%b5-%cf%85%ce%b3%cf%81%ce%bf%cf%80%ce%b1%ce%b3%ce%af%ce%b4%ce%b1\/","title":{"rendered":"Fallion SYS Siyah Serisi Nem Tutuculu T\u00fct\u00fcn Borusu"},"content":{"rendered":"<p>Fallion 9mm duman borusu, 10 boyut-\u015fekilde nem tutuculu SYS serisi.<\/p>\n<p>Siyah renkli funda k\u00f6k\u00fc a\u011fac\u0131ndan \u00e7ok zarif ve kaliteli bir yarat\u0131m.<\/p>","protected":false},"excerpt":{"rendered":"<p>\u015eeffaf a\u011f\u0131zl\u0131kl\u0131.<\/p>\n<p>Fallion 9mm Reiki duman borusu, N serisi 10 boyut-\u015fekil ve 4 renk se\u00e7ene\u011fiyle.<\/p>","protected":false},"featured_media":0,"template":"","meta":{"_acf_changed":false,"_kadence_starter_templates_imported_post":false,"_kad_post_transparent":"","_kad_post_title":"","_kad_post_layout":"","_kad_post_sidebar_id":"","_kad_post_content_style":"","_kad_post_vertical_padding":"","_kad_post_feature":"","_kad_post_feature_position":"","_kad_post_header":false,"_kad_post_footer":false},"product_cat":[154],"product_tag":[],"class_list":{"0":"post-14607","1":"product","2":"type-product","3":"status-publish","5":"product_cat-pipes-kapnoy","6":"product_shipping_class-mi-kapnika","8":"first","9":"instock","10":"taxable","11":"shipping-taxable","12":"purchasable","13":"product-type-simple","14":"entry","15":"content-bg","16":"loop-entry"},"acf":[],"_links":{"self":[{"href":"https:\/\/nicoteam.gr\/tr\/wp-json\/wp\/v2\/product\/14607","targetHints":{"allow":["GET"]}}],"collection":[{"href":"https:\/\/nicoteam.gr\/tr\/wp-json\/wp\/v2\/product"}],"about":[{"href":"https:\/\/nicoteam.gr\/tr\/wp-json\/wp\/v2\/types\/product"}],"wp:attachment":[{"href":"https:\/\/nicoteam.gr\/tr\/wp-json\/wp\/v2\/media?parent=14607"}],"wp:term":[{"taxonomy":"product_cat","embeddable":true,"href":"https:\/\/nicoteam.gr\/tr\/wp-json\/wp\/v2\/product_cat?post=14607"},{"taxonomy":"product_tag","embeddable":true,"href":"https:\/\/nicoteam.gr\/tr\/wp-json\/wp\/v2\/product_tag?post=14607"}],"curies":[{"name":"wp","href":"https:\/\/api.w.org\/{rel}","templated":true}]}}