{"id":14517,"date":"2022-03-03T14:06:04","date_gmt":"2022-03-03T12:06:04","guid":{"rendered":"https:\/\/nicoteam.gr\/?post_type=product&#038;p=14517"},"modified":"2023-08-28T10:25:07","modified_gmt":"2023-08-28T08:25:07","slug":"%ce%ba%ce%b5%cf%86%ce%b1%ce%bb%ce%ae-%ce%b3%ce%b9%ce%b1-%ce%bd%ce%b1%cf%81%ce%b3%ce%b9%ce%bb%ce%ad-boost-xl-red","status":"publish","type":"product","link":"https:\/\/nicoteam.gr\/tr\/product\/%ce%ba%ce%b5%cf%86%ce%b1%ce%bb%ce%ae-%ce%b3%ce%b9%ce%b1-%ce%bd%ce%b1%cf%81%ce%b3%ce%b9%ce%bb%ce%ad-boost-xl-red\/","title":{"rendered":"Boost XL K\u0131rm\u0131z\u0131 Nargile Tak\u0131m\u0131"},"content":{"rendered":"","protected":false},"excerpt":{"rendered":"","protected":false},"featured_media":14521,"template":"","meta":{"_acf_changed":false,"_kadence_starter_templates_imported_post":false,"_kad_post_transparent":"","_kad_post_title":"","_kad_post_layout":"","_kad_post_sidebar_id":"","_kad_post_content_style":"","_kad_post_vertical_padding":"","_kad_post_feature":"","_kad_post_feature_position":"","_kad_post_header":false,"_kad_post_footer":false},"product_cat":[608],"product_tag":[],"class_list":{"0":"post-14517","1":"product","2":"type-product","3":"status-publish","4":"has-post-thumbnail","6":"product_cat-ceramic","7":"product_shipping_class-mi-kapnika","9":"first","10":"instock","11":"taxable","12":"shipping-taxable","13":"purchasable","14":"product-type-simple","15":"entry","16":"content-bg","17":"loop-entry"},"acf":[],"_links":{"self":[{"href":"https:\/\/nicoteam.gr\/tr\/wp-json\/wp\/v2\/product\/14517","targetHints":{"allow":["GET"]}}],"collection":[{"href":"https:\/\/nicoteam.gr\/tr\/wp-json\/wp\/v2\/product"}],"about":[{"href":"https:\/\/nicoteam.gr\/tr\/wp-json\/wp\/v2\/types\/product"}],"wp:featuredmedia":[{"embeddable":true,"href":"https:\/\/nicoteam.gr\/tr\/wp-json\/wp\/v2\/media\/14521"}],"wp:attachment":[{"href":"https:\/\/nicoteam.gr\/tr\/wp-json\/wp\/v2\/media?parent=14517"}],"wp:term":[{"taxonomy":"product_cat","embeddable":true,"href":"https:\/\/nicoteam.gr\/tr\/wp-json\/wp\/v2\/product_cat?post=14517"},{"taxonomy":"product_tag","embeddable":true,"href":"https:\/\/nicoteam.gr\/tr\/wp-json\/wp\/v2\/product_tag?post=14517"}],"curies":[{"name":"wp","href":"https:\/\/api.w.org\/{rel}","templated":true}]}}