{"id":14483,"date":"2022-03-03T12:45:34","date_gmt":"2022-03-03T10:45:34","guid":{"rendered":"https:\/\/nicoteam.gr\/?post_type=product&#038;p=14483"},"modified":"2025-04-14T16:58:28","modified_gmt":"2025-04-14T14:58:28","slug":"champ-al-malik-charcoal-rolls-33mm","status":"publish","type":"product","link":"https:\/\/nicoteam.gr\/tr\/product\/champ-al-malik-charcoal-rolls-33mm\/","title":{"rendered":"CHAMP Al Malik K\u00d6M\u00dcR RULO 33mm"},"content":{"rendered":"<div class=\"rte\">\n<p><span style=\"vertical-align: inherit;\"><span style=\"vertical-align: inherit;\">Champ Al Malik&#039;in kendili\u011finden tutu\u015fan k\u00f6m\u00fcr\u00fcn\u00fc ke\u015ffedin.<\/span><\/span><\/p>\n<p><span style=\"vertical-align: inherit;\"><span style=\"vertical-align: inherit;\">Nargile keyfini doyas\u0131ya ya\u015faman\u0131z i\u00e7in m\u00fckemmel kalite-fiyat oran\u0131na sahip bir k\u00f6m\u00fcr.<\/span><\/span><\/p>\n<ul>\n<li><span style=\"vertical-align: inherit;\"><span style=\"vertical-align: inherit;\">Otomatik ayd\u0131nlatma<\/span><\/span><\/li>\n<\/ul>\n<\/div>","protected":false},"excerpt":{"rendered":"<p>Her ruloda 10 adet 33mm pellet bulunur<\/p>\n<p>Paran\u0131z\u0131n kar\u015f\u0131l\u0131\u011f\u0131n\u0131 m\u00fckemmel<\/p>","protected":false},"featured_media":14485,"template":"","meta":{"_acf_changed":false,"_kadence_starter_templates_imported_post":false,"_kad_post_transparent":"","_kad_post_title":"","_kad_post_layout":"","_kad_post_sidebar_id":"","_kad_post_content_style":"","_kad_post_vertical_padding":"","_kad_post_feature":"","_kad_post_feature_position":"","_kad_post_header":false,"_kad_post_footer":false},"product_cat":[625],"product_tag":[],"class_list":{"0":"post-14483","1":"product","2":"type-product","3":"status-publish","4":"has-post-thumbnail","6":"product_cat-stroggika-tube","7":"product_shipping_class-mi-kapnika","8":"pa_-33-mm","10":"first","11":"instock","12":"taxable","13":"shipping-taxable","14":"purchasable","15":"product-type-simple","16":"entry","17":"content-bg","18":"loop-entry"},"acf":[],"_links":{"self":[{"href":"https:\/\/nicoteam.gr\/tr\/wp-json\/wp\/v2\/product\/14483","targetHints":{"allow":["GET"]}}],"collection":[{"href":"https:\/\/nicoteam.gr\/tr\/wp-json\/wp\/v2\/product"}],"about":[{"href":"https:\/\/nicoteam.gr\/tr\/wp-json\/wp\/v2\/types\/product"}],"wp:featuredmedia":[{"embeddable":true,"href":"https:\/\/nicoteam.gr\/tr\/wp-json\/wp\/v2\/media\/14485"}],"wp:attachment":[{"href":"https:\/\/nicoteam.gr\/tr\/wp-json\/wp\/v2\/media?parent=14483"}],"wp:term":[{"taxonomy":"product_cat","embeddable":true,"href":"https:\/\/nicoteam.gr\/tr\/wp-json\/wp\/v2\/product_cat?post=14483"},{"taxonomy":"product_tag","embeddable":true,"href":"https:\/\/nicoteam.gr\/tr\/wp-json\/wp\/v2\/product_tag?post=14483"}],"curies":[{"name":"wp","href":"https:\/\/api.w.org\/{rel}","templated":true}]}}