{"id":14389,"date":"2022-03-02T12:24:24","date_gmt":"2022-03-02T10:24:24","guid":{"rendered":"https:\/\/nicoteam.gr\/?post_type=product&#038;p=14389"},"modified":"2023-08-28T10:25:09","modified_gmt":"2023-08-28T08:25:09","slug":"mini-led-light-%ce%b3%ce%b9%ce%b1-%ce%bd%ce%b1%cf%81%ce%b3%ce%b9%ce%bb%ce%ad-%ce%bc%ce%b5-%cf%84%ce%b7%ce%bb%ce%b5%ce%ba%ce%bf%ce%bd%cf%84%cf%81%cf%8c%ce%bb","status":"publish","type":"product","link":"https:\/\/nicoteam.gr\/tr\/product\/mini-led-light-%ce%b3%ce%b9%ce%b1-%ce%bd%ce%b1%cf%81%ce%b3%ce%b9%ce%bb%ce%ad-%ce%bc%ce%b5-%cf%84%ce%b7%ce%bb%ce%b5%ce%ba%ce%bf%ce%bd%cf%84%cf%81%cf%8c%ce%bb\/","title":{"rendered":"Uzaktan kumandal\u0131 Nargile Mini Led I\u015f\u0131k"},"content":{"rendered":"","protected":false},"excerpt":{"rendered":"","protected":false},"featured_media":14391,"template":"","meta":{"_acf_changed":false,"_kadence_starter_templates_imported_post":false,"_kad_post_transparent":"","_kad_post_title":"","_kad_post_layout":"","_kad_post_sidebar_id":"","_kad_post_content_style":"","_kad_post_vertical_padding":"","_kad_post_feature":"","_kad_post_feature_position":"","_kad_post_header":false,"_kad_post_footer":false},"product_cat":[892],"product_tag":[],"class_list":{"0":"post-14389","1":"product","2":"type-product","3":"status-publish","4":"has-post-thumbnail","6":"product_cat-led","7":"product_shipping_class-mi-kapnika","9":"first","10":"instock","11":"taxable","12":"shipping-taxable","13":"purchasable","14":"product-type-simple","15":"entry","16":"content-bg","17":"loop-entry"},"acf":[],"_links":{"self":[{"href":"https:\/\/nicoteam.gr\/tr\/wp-json\/wp\/v2\/product\/14389","targetHints":{"allow":["GET"]}}],"collection":[{"href":"https:\/\/nicoteam.gr\/tr\/wp-json\/wp\/v2\/product"}],"about":[{"href":"https:\/\/nicoteam.gr\/tr\/wp-json\/wp\/v2\/types\/product"}],"wp:featuredmedia":[{"embeddable":true,"href":"https:\/\/nicoteam.gr\/tr\/wp-json\/wp\/v2\/media\/14391"}],"wp:attachment":[{"href":"https:\/\/nicoteam.gr\/tr\/wp-json\/wp\/v2\/media?parent=14389"}],"wp:term":[{"taxonomy":"product_cat","embeddable":true,"href":"https:\/\/nicoteam.gr\/tr\/wp-json\/wp\/v2\/product_cat?post=14389"},{"taxonomy":"product_tag","embeddable":true,"href":"https:\/\/nicoteam.gr\/tr\/wp-json\/wp\/v2\/product_tag?post=14389"}],"curies":[{"name":"wp","href":"https:\/\/api.w.org\/{rel}","templated":true}]}}