{"id":14368,"date":"2022-03-02T11:59:33","date_gmt":"2022-03-02T09:59:33","guid":{"rendered":"https:\/\/nicoteam.gr\/?post_type=product&#038;p=14368"},"modified":"2023-08-28T10:25:10","modified_gmt":"2023-08-28T08:25:10","slug":"kopfdichtung-gummi","status":"publish","type":"product","link":"https:\/\/nicoteam.gr\/tr\/product\/kopfdichtung-gummi\/","title":{"rendered":"Ly i\u00e7in kau\u00e7uk adapt\u00f6r"},"content":{"rendered":"","protected":false},"excerpt":{"rendered":"<p>Par\u00e7a ba\u015f\u0131na mevcut<\/p>","protected":false},"featured_media":14369,"template":"","meta":{"_acf_changed":false,"_kadence_starter_templates_imported_post":false,"_kad_post_transparent":"","_kad_post_title":"","_kad_post_layout":"","_kad_post_sidebar_id":"","_kad_post_content_style":"","_kad_post_vertical_padding":"","_kad_post_feature":"","_kad_post_feature_position":"","_kad_post_header":false,"_kad_post_footer":false},"product_cat":[891],"product_tag":[],"class_list":{"0":"post-14368","1":"product","2":"type-product","3":"status-publish","4":"has-post-thumbnail","6":"product_cat-antaptores-prosarmogis","7":"product_shipping_class-mi-kapnika","9":"first","10":"instock","11":"taxable","12":"shipping-taxable","13":"purchasable","14":"product-type-simple","15":"entry","16":"content-bg","17":"loop-entry"},"acf":[],"_links":{"self":[{"href":"https:\/\/nicoteam.gr\/tr\/wp-json\/wp\/v2\/product\/14368","targetHints":{"allow":["GET"]}}],"collection":[{"href":"https:\/\/nicoteam.gr\/tr\/wp-json\/wp\/v2\/product"}],"about":[{"href":"https:\/\/nicoteam.gr\/tr\/wp-json\/wp\/v2\/types\/product"}],"wp:featuredmedia":[{"embeddable":true,"href":"https:\/\/nicoteam.gr\/tr\/wp-json\/wp\/v2\/media\/14369"}],"wp:attachment":[{"href":"https:\/\/nicoteam.gr\/tr\/wp-json\/wp\/v2\/media?parent=14368"}],"wp:term":[{"taxonomy":"product_cat","embeddable":true,"href":"https:\/\/nicoteam.gr\/tr\/wp-json\/wp\/v2\/product_cat?post=14368"},{"taxonomy":"product_tag","embeddable":true,"href":"https:\/\/nicoteam.gr\/tr\/wp-json\/wp\/v2\/product_tag?post=14368"}],"curies":[{"name":"wp","href":"https:\/\/api.w.org\/{rel}","templated":true}]}}