{"id":14193,"date":"2022-02-28T12:15:51","date_gmt":"2022-02-28T10:15:51","guid":{"rendered":"https:\/\/nicoteam.gr\/?post_type=product&#038;p=14193"},"modified":"2023-08-28T10:25:15","modified_gmt":"2023-08-28T08:25:15","slug":"mata-leon-snake-eater-heat-management","status":"publish","type":"product","link":"https:\/\/nicoteam.gr\/tr\/product\/mata-leon-snake-eater-heat-management\/","title":{"rendered":"Mata Leon Y\u0131lan Yiyen \u2013 Is\u0131 Y\u00f6netimi"},"content":{"rendered":"<p id=\"tw-target-text\" class=\"tw-data-text tw-text-large tw-ta\" dir=\"ltr\" data-placeholder=\"Translation\"><span class=\"Y2IQFc\" lang=\"el\">Mata Leon&#039;dan t\u00fct\u00fcn kafan\u0131z i\u00e7in \u0131s\u0131 y\u00f6netimi. <\/span><\/p>\n<p class=\"tw-data-text tw-text-large tw-ta\" dir=\"ltr\" data-placeholder=\"Translation\"><span class=\"Y2IQFc\" lang=\"el\">Tek seferlik k\u00f6m\u00fcr i\u00e7imi \u2013 asl\u0131nda tasarruf edersiniz \u2013 k\u00f6m\u00fcr! D\u0131\u015f \u00e7ap\u0131 yakla\u015f\u0131k 6 cm&#039;dir. <\/span><\/p>\n<p class=\"tw-data-text tw-text-large tw-ta\" dir=\"ltr\" data-placeholder=\"Translation\"><span class=\"Y2IQFc\" lang=\"el\">Is\u0131, aparat\u0131 hareket ettirerek veya \u00e7\u0131kararak ayarlanabilir. Ba\u011flant\u0131 dahil toplam y\u00fckseklik: yakla\u015f\u0131k 3,5 cm \u00c7ap (montaj y\u00fczeyi): yakla\u015f\u0131k 6,0 cm <\/span><\/p>\n<p class=\"tw-data-text tw-text-large tw-ta\" dir=\"ltr\" data-placeholder=\"Translation\"><span class=\"Y2IQFc\" lang=\"el\">TAL\u0130MATLAR: Kafay\u0131 her zamanki gibi haz\u0131rlay\u0131n. Taban plakas\u0131n\u0131 ba\u015fl\u0131\u011fa yerle\u015ftirin. K\u00f6m\u00fcr\u00fc taban\u0131n ortas\u0131na a\u00e7\u0131l\u0131 olarak yerle\u015ftirin. Kapa\u011f\u0131 taban plakas\u0131n\u0131n \u00fczerine yerle\u015ftirin. Is\u0131, kapa\u011f\u0131 \u00e7evirerek ayarlanabilir (bir sap kullan\u0131n!) Kulland\u0131ktan sonra so\u011fumaya b\u0131rak\u0131n.<\/span><\/p>","protected":false},"excerpt":{"rendered":"<ul>\n<li id=\"tw-target-text\" class=\"tw-data-text tw-text-large tw-ta\" dir=\"ltr\" data-placeholder=\"Translation\"><span class=\"Y2IQFc\" lang=\"el\">Duman kaseniz i\u00e7in \u0131s\u0131 y\u00f6netimi <\/span><\/li>\n<li class=\"tw-data-text tw-text-large tw-ta\" dir=\"ltr\" data-placeholder=\"Translation\"><span class=\"Y2IQFc\" lang=\"el\">hemen hemen t\u00fcm kil veya duman kaseleri i\u00e7in uygundur\u00a0 <\/span><\/li>\n<li class=\"tw-data-text tw-text-large tw-ta\" dir=\"ltr\" data-placeholder=\"Translation\"><span class=\"Y2IQFc\" lang=\"el\">a\u00e7\u0131k havada sigara i\u00e7mek i\u00e7in ideal <\/span><\/li>\n<li class=\"tw-data-text tw-text-large tw-ta\" dir=\"ltr\" data-placeholder=\"Translation\"><span class=\"Y2IQFc\" lang=\"el\">\u0395\u03be\u03c9\u03c4\u03b5\u03c1\u03b9\u03ba\u03ae \u03b4\u03b9\u03ac\u03bc\u03b5\u03c4\u03c1\u03bf\u03c2 &#8211; \u03b5\u03c0\u03b9\u03c6\u03ac\u03bd\u03b5\u03b9\u03b1 \u03b5\u03c0\u03b1\u03c6\u03ae\u03c2: \u03ad\u03c9\u03c2 \u03ba\u03b1\u03b9 6,0 cm<\/span><\/li>\n<\/ul>","protected":false},"featured_media":0,"template":"","meta":{"_acf_changed":false,"_kadence_starter_templates_imported_post":false,"_kad_post_transparent":"","_kad_post_title":"","_kad_post_layout":"","_kad_post_sidebar_id":"","_kad_post_content_style":"","_kad_post_vertical_padding":"","_kad_post_feature":"","_kad_post_feature_position":"","_kad_post_header":false,"_kad_post_footer":false},"product_cat":[888],"product_tag":[866],"class_list":{"0":"post-14193","1":"product","2":"type-product","3":"status-publish","5":"product_cat-diaxiristis-thermotitas","6":"product_tag-mata-leon","7":"product_shipping_class-mi-kapnika","9":"first","10":"instock","11":"taxable","12":"shipping-taxable","13":"purchasable","14":"product-type-simple","15":"entry","16":"content-bg","17":"loop-entry"},"acf":[],"_links":{"self":[{"href":"https:\/\/nicoteam.gr\/tr\/wp-json\/wp\/v2\/product\/14193","targetHints":{"allow":["GET"]}}],"collection":[{"href":"https:\/\/nicoteam.gr\/tr\/wp-json\/wp\/v2\/product"}],"about":[{"href":"https:\/\/nicoteam.gr\/tr\/wp-json\/wp\/v2\/types\/product"}],"wp:attachment":[{"href":"https:\/\/nicoteam.gr\/tr\/wp-json\/wp\/v2\/media?parent=14193"}],"wp:term":[{"taxonomy":"product_cat","embeddable":true,"href":"https:\/\/nicoteam.gr\/tr\/wp-json\/wp\/v2\/product_cat?post=14193"},{"taxonomy":"product_tag","embeddable":true,"href":"https:\/\/nicoteam.gr\/tr\/wp-json\/wp\/v2\/product_tag?post=14193"}],"curies":[{"name":"wp","href":"https:\/\/api.w.org\/{rel}","templated":true}]}}